{"id":704593,"date":"2025-08-27T15:36:56","date_gmt":"2025-08-27T12:36:56","guid":{"rendered":"https:\/\/roveyayinevi.com.tr\/index.php\/urun\/gocebe-yazilar\/"},"modified":"2026-04-16T02:13:31","modified_gmt":"2026-04-15T23:13:31","slug":"gocebe-yazilar","status":"publish","type":"product","link":"https:\/\/roveyayinevi.com.tr\/index.php\/urun\/gocebe-yazilar\/","title":{"rendered":"G\u00f6\u00e7ebe Yaz\u0131lar"},"content":{"rendered":"<p>Bu kitap T\u00fcrkiye ve Fransa&#8217;n\u0131n son 7 y\u0131ldaki \u00f6znel tarihi. G\u00f6\u00e7ebe Yaz\u0131lar , 2006-2013 y\u0131llar\u0131 aras\u0131nda Fransa ve T\u00fcrkiye aras\u0131nda mekik dokurken, seyahat esnas\u0131nda yaz\u0131ld\u0131. Yol ba\u015fl\u0131 ba\u015f\u0131na bir mek\u00e2n. Trenler, u\u00e7aklar, otob\u00fcsler ise bu nevi \u015fahs\u0131na m\u00fcnhas\u0131r mek\u00e2n\u0131n birle\u015ftirici unsurlar\u0131. As\u0131l sorulmas\u0131 gereken soru, bu hareket h\u00e2linin d\u00fc\u015f\u00fcnme ve yazma eylemine bir fark kat\u0131p katmad\u0131\u011f\u0131. B\u00fct\u00fcn yaz\u0131lar\u0131 tekrar elden ge\u00e7irince vard\u0131\u011f\u0131m kan\u0131, giderken ve gelirken (nereye gitti\u011fimden ve nereden geldi\u011fimden ba\u011f\u0131ms\u0131z olmayarak) yazd\u0131klar\u0131m\u0131n dura\u011fanken yazd\u0131klar\u0131mdan farkl\u0131 oldu\u011fu. Zira bu yaz\u0131lar sadece g\u00f6\u00e7erken de\u011fil ayr\u0131ca g\u00f6\u00e7ebe ruhuyla yaz\u0131lan yaz\u0131lar. Gelinen ve gidilen yerlere farkl\u0131 aidiyetler hissederek. T\u00fcrkiye yaz\u0131lar\u0131yla Fransa yaz\u0131lar\u0131 aras\u0131ndaki ses tonu fark\u0131 bunun bir ispat\u0131. Ama bazen de sadece yola ait olarak. Bu kitap T\u00fcrkiye ve Fransa&#8217;n\u0131n son 7 y\u0131ldaki \u00f6znel tarihi. \ufffcTan\u0131t\u0131m Metni<\/p>\n","protected":false},"excerpt":{"rendered":"<p>Bu kitap T\u00fcrkiye ve Fransa&#8217;n\u0131n son 7 y\u0131ldaki \u00f6znel tarihi. G\u00f6\u00e7ebe Yaz\u0131lar , 2006-2013 y\u0131llar\u0131 aras\u0131nda Fransa ve T\u00fcrkiye aras\u0131nda mekik dokurken, seyahat esnas\u0131nda yaz\u0131ld\u0131. Yol<span class=\"excerpt-hellip\"> [\u2026]<\/span><\/p>\n","protected":false},"featured_media":0,"template":"","meta":{"_monsterinsights_skip_tracking":false,"_monsterinsights_sitenote_active":false,"_monsterinsights_sitenote_note":"","_monsterinsights_sitenote_category":0},"product_brand":[],"product_cat":[12337,17225],"product_tag":[],"class_list":{"0":"post-704593","1":"product","2":"type-product","3":"status-publish","5":"product_cat-politika-siyaset","6":"product_cat-uluslararasi-iliskiler","7":"pa_cilt-ciltsiz","8":"pa_tur-kitap","9":"pa_yayinevi-bgst-yayinlari","10":"pa_yazar-samim-akgonul","12":"first","13":"instock","14":"sale","15":"shipping-taxable","16":"purchasable","17":"product-type-simple"},"_links":{"self":[{"href":"https:\/\/roveyayinevi.com.tr\/index.php\/wp-json\/wp\/v2\/product\/704593","targetHints":{"allow":["GET"]}}],"collection":[{"href":"https:\/\/roveyayinevi.com.tr\/index.php\/wp-json\/wp\/v2\/product"}],"about":[{"href":"https:\/\/roveyayinevi.com.tr\/index.php\/wp-json\/wp\/v2\/types\/product"}],"wp:attachment":[{"href":"https:\/\/roveyayinevi.com.tr\/index.php\/wp-json\/wp\/v2\/media?parent=704593"}],"wp:term":[{"taxonomy":"product_brand","embeddable":true,"href":"https:\/\/roveyayinevi.com.tr\/index.php\/wp-json\/wp\/v2\/product_brand?post=704593"},{"taxonomy":"product_cat","embeddable":true,"href":"https:\/\/roveyayinevi.com.tr\/index.php\/wp-json\/wp\/v2\/product_cat?post=704593"},{"taxonomy":"product_tag","embeddable":true,"href":"https:\/\/roveyayinevi.com.tr\/index.php\/wp-json\/wp\/v2\/product_tag?post=704593"}],"curies":[{"name":"wp","href":"https:\/\/api.w.org\/{rel}","templated":true}]}}