{"id":704591,"date":"2025-08-27T15:36:55","date_gmt":"2025-08-27T12:36:55","guid":{"rendered":"https:\/\/roveyayinevi.com.tr\/index.php\/urun\/siyaset-bilimi-2\/"},"modified":"2026-04-16T02:13:30","modified_gmt":"2026-04-15T23:13:30","slug":"siyaset-bilimi-2","status":"publish","type":"product","link":"https:\/\/roveyayinevi.com.tr\/index.php\/urun\/siyaset-bilimi-2\/","title":{"rendered":"Siyaset Bilimi"},"content":{"rendered":"<p>Siyaset Bilimi esas itibariyle \u00fcniversitelerde okutulan Siyaset Bilimine Giri\u015f derslerinde kullan\u0131lmak \u00fczere haz\u0131rland\u0131. Kitab\u0131n amac\u0131 \u00f6\u011frencilerin siyasete merak\u0131n\u0131 te\u015fvik etmek ve siyaset bilimi hakk\u0131ndaki temel bilgileri zevkli bir \u00f6\u011frenim s\u00fcreci i\u00e7inde \u00f6\u011frenmelerini sa\u011flamak. Ancak bu, kitaptan \u00f6\u011frenci olmayanlar\u0131n yararlanamayaca\u011f\u0131 anlam\u0131na gelmiyor. Siyasetle ilgilenen herkes, bunu ister bir bilimsel \u00e7al\u0131\u015fma, ister bir sanat, ister bir be\u015feri faaliyet olarak yaps\u0131n, bu kitaptan istifade edebilir.<\/p>\n","protected":false},"excerpt":{"rendered":"<p>Siyaset Bilimi esas itibariyle \u00fcniversitelerde okutulan Siyaset Bilimine Giri\u015f derslerinde kullan\u0131lmak \u00fczere haz\u0131rland\u0131. Kitab\u0131n amac\u0131 \u00f6\u011frencilerin siyasete merak\u0131n\u0131 te\u015fvik etmek ve siyaset bilimi hakk\u0131ndaki temel bilgileri<span class=\"excerpt-hellip\"> [\u2026]<\/span><\/p>\n","protected":false},"featured_media":0,"template":"","meta":{"_monsterinsights_skip_tracking":false,"_monsterinsights_sitenote_active":false,"_monsterinsights_sitenote_note":"","_monsterinsights_sitenote_category":0},"product_brand":[],"product_cat":[12337,14706],"product_tag":[],"class_list":{"0":"post-704591","1":"product","2":"type-product","3":"status-publish","5":"product_cat-politika-siyaset","6":"product_cat-siyaset-bilimi","7":"pa_cilt-ciltsiz","8":"pa_tur-kitap","9":"pa_yayinevi-adres-yayinlari","10":"pa_yazar-atilla-yayla","12":"first","13":"instock","14":"sale","15":"shipping-taxable","16":"purchasable","17":"product-type-simple"},"_links":{"self":[{"href":"https:\/\/roveyayinevi.com.tr\/index.php\/wp-json\/wp\/v2\/product\/704591","targetHints":{"allow":["GET"]}}],"collection":[{"href":"https:\/\/roveyayinevi.com.tr\/index.php\/wp-json\/wp\/v2\/product"}],"about":[{"href":"https:\/\/roveyayinevi.com.tr\/index.php\/wp-json\/wp\/v2\/types\/product"}],"wp:attachment":[{"href":"https:\/\/roveyayinevi.com.tr\/index.php\/wp-json\/wp\/v2\/media?parent=704591"}],"wp:term":[{"taxonomy":"product_brand","embeddable":true,"href":"https:\/\/roveyayinevi.com.tr\/index.php\/wp-json\/wp\/v2\/product_brand?post=704591"},{"taxonomy":"product_cat","embeddable":true,"href":"https:\/\/roveyayinevi.com.tr\/index.php\/wp-json\/wp\/v2\/product_cat?post=704591"},{"taxonomy":"product_tag","embeddable":true,"href":"https:\/\/roveyayinevi.com.tr\/index.php\/wp-json\/wp\/v2\/product_tag?post=704591"}],"curies":[{"name":"wp","href":"https:\/\/api.w.org\/{rel}","templated":true}]}}