{"id":704590,"date":"2025-08-27T15:36:55","date_gmt":"2025-08-27T12:36:55","guid":{"rendered":"https:\/\/roveyayinevi.com.tr\/index.php\/urun\/lola-ve-komsu-cocuk\/"},"modified":"2026-04-16T02:13:30","modified_gmt":"2026-04-15T23:13:30","slug":"lola-ve-komsu-cocuk","status":"publish","type":"product","link":"https:\/\/roveyayinevi.com.tr\/index.php\/urun\/lola-ve-komsu-cocuk\/","title":{"rendered":"Lola ve Kom\u015fu \u00c7ocuk"},"content":{"rendered":"<p>New York Times \u00c7oksatan:2012 YALSA En \u0130yi Gen\u00e7 Edebiyat\u013122013 ALA Rainbow Se\u00e7kisi2012 The Inky Awards Silver Inky \u00d6d\u00fcl\u00fc Aday\u01312011 Goodreads Choice Award En \u0130yi Gen\u00e7 Yeti\u015fkin Roman\u0131 Aday\u0131Lola ve Kom\u015fu \u00c7ocuk, hem tatl\u0131 bir a\u015fk hem ger\u00e7ek\u00e7i bir dostluk hem de John Green ve Rainbow Rowell sevenlerin zevkle kucak a\u00e7aca\u011f\u0131 bir kendini bulma hikayesi.Ge\u00e7mi\u015finde kalan \u00e7ocuk, gelecekteki a\u015fk\u0131 olabilir mi? Hen\u00fcz kendini geli\u015ftirme a\u015famas\u0131ndaki tasar\u0131mc\u0131 Lola Nolan modaya inanm\u0131yordu&#8230; O, kost\u00fcmlere inan\u0131yordu. K\u0131yafet ne kadar par\u0131lt\u0131l\u0131, e\u011flenceli ve farkl\u0131, yani etkileyiciyse o kadar iyiydi. Ve Lola&#8217;n\u0131n hayat\u0131, \u00f6zellikle de seksi rock\u00e7\u0131 erkek arkada\u015f\u0131 varken m\u00fckemmele gayet yak\u0131nd\u0131. Ta ki Bell ikizleri olarak da bilinen Calliope ve Cricket mahalleye tekrar ta\u015f\u0131n\u0131p Lola&#8217;n\u0131n derinlere g\u00f6md\u00fc\u011f\u00fcn\u00fc d\u00fc\u015f\u00fcnd\u00fc\u011f\u00fc ac\u0131 verici ge\u00e7mi\u015fini g\u00fcny\u00fcz\u00fcne \u00e7\u0131karana kadar.&#8221;Stephanie Perkins bizim neslimizin Jane Austen&#8217;\u0131. Hikayeleri k\u0131sa s\u00fcrede unutamayaca\u011f\u0131n\u0131z kadar b\u00fcy\u00fcleyici.Tahereh Mafi, Bana Dokunma roman\u0131n\u0131n \u00e7oksatan yazar\u0131&#8221;B\u00fcy\u00fcl\u00fc\u2026 A\u015f\u0131k olman\u0131n nas\u0131l bir \u015fey oldu\u011funu ger\u00e7ek anlamda hat\u0131rlat\u0131yor.&#8221;Cassandra Clare, New York Times \u00e7oksatan yazar\u0131&#8221;Zekice diyaloglar, taptaze karakterler ve bir s\u00fcr\u00fc yak\u0131c\u0131 temas&#8230; Sarah Dessen hayranlar\u0131, a\u015fk ve ger\u00e7ekli\u011fi incelikle birle\u015ftiren Stephanie Perkins&#8217;i zevkle okuyacaklar.&#8221;Kirkus Reviews&#8221;Perkins, insanlar\u0131n farkl\u0131l\u0131klar\u0131n\u0131 kabullenmenin ancak a\u015fk ile m\u00fcmk\u00fcn oldu\u011funu son derece iyi bir \u015fekilde g\u00f6steriyor.&#8221;Booklist&#8221;Zekice kurgulanm\u0131\u015f diyaloglar ve seksi bir romantizm&#8230; Lola&#8217;n\u0131n fazlas\u0131yla m\u00fctevaz\u0131 espri anlay\u0131\u015f\u0131 ve Perkins&#8217;in, onun gelgitli duygular\u0131n\u0131 yazmaktaki becerisi birle\u015fince ortaya elinizden b\u0131rakamayaca\u011f\u0131n\u0131z bir kitap \u00e7\u0131k\u0131yor.&#8221;Publishers Weekly&#8221;\u00c7ok modern, \u00e7ok e\u011flenceli ve tart\u0131\u015f\u0131lacak sorularla dolu.&#8221;Romantic Times Book Reviews <\/p>\n","protected":false},"excerpt":{"rendered":"<p>New York Times \u00c7oksatan:2012 YALSA En \u0130yi Gen\u00e7 Edebiyat\u013122013 ALA Rainbow Se\u00e7kisi2012 The Inky Awards Silver Inky \u00d6d\u00fcl\u00fc Aday\u01312011 Goodreads Choice Award En \u0130yi Gen\u00e7 Yeti\u015fkin<span class=\"excerpt-hellip\"> [\u2026]<\/span><\/p>\n","protected":false},"featured_media":0,"template":"","meta":{"_monsterinsights_skip_tracking":false,"_monsterinsights_sitenote_active":false,"_monsterinsights_sitenote_note":"","_monsterinsights_sitenote_category":0},"product_brand":[],"product_cat":[12291,12711],"product_tag":[],"class_list":{"0":"post-704590","1":"product","2":"type-product","3":"status-publish","5":"product_cat-edebiyat","6":"product_cat-roman-oyku","7":"pa_cilt-ciltli","8":"pa_tur-kitap","9":"pa_yayinevi-yabanci-yayinevi","10":"pa_yazar-stephanie-perkins","12":"first","13":"instock","14":"sale","15":"shipping-taxable","16":"purchasable","17":"product-type-simple"},"_links":{"self":[{"href":"https:\/\/roveyayinevi.com.tr\/index.php\/wp-json\/wp\/v2\/product\/704590","targetHints":{"allow":["GET"]}}],"collection":[{"href":"https:\/\/roveyayinevi.com.tr\/index.php\/wp-json\/wp\/v2\/product"}],"about":[{"href":"https:\/\/roveyayinevi.com.tr\/index.php\/wp-json\/wp\/v2\/types\/product"}],"wp:attachment":[{"href":"https:\/\/roveyayinevi.com.tr\/index.php\/wp-json\/wp\/v2\/media?parent=704590"}],"wp:term":[{"taxonomy":"product_brand","embeddable":true,"href":"https:\/\/roveyayinevi.com.tr\/index.php\/wp-json\/wp\/v2\/product_brand?post=704590"},{"taxonomy":"product_cat","embeddable":true,"href":"https:\/\/roveyayinevi.com.tr\/index.php\/wp-json\/wp\/v2\/product_cat?post=704590"},{"taxonomy":"product_tag","embeddable":true,"href":"https:\/\/roveyayinevi.com.tr\/index.php\/wp-json\/wp\/v2\/product_tag?post=704590"}],"curies":[{"name":"wp","href":"https:\/\/api.w.org\/{rel}","templated":true}]}}