{"id":704587,"date":"2025-08-27T15:36:54","date_gmt":"2025-08-27T12:36:54","guid":{"rendered":"https:\/\/roveyayinevi.com.tr\/index.php\/urun\/komun\/"},"modified":"2026-04-16T02:13:30","modified_gmt":"2026-04-15T23:13:30","slug":"komun","status":"publish","type":"product","link":"https:\/\/roveyayinevi.com.tr\/index.php\/urun\/komun\/","title":{"rendered":"Kom\u00fcn"},"content":{"rendered":"<p>Paris Kom\u00fcn\u00fc, Fransa\u2019da iki bu\u00e7uk aya yak\u0131n iktidarda kalmas\u0131na ra\u011fmen sosyalizm tarihinin \u00f6nemli bir deneyimini olu\u015fturmaktad\u0131r. Louise Michel, i\u00e7inde aktif olarak yer ald\u0131\u011f\u0131 Kom\u00fcn\u2019e ve ard\u0131ndan ya\u015fanan yirmi be\u015f y\u0131ll\u0131k bir s\u00fcrece tan\u0131kl\u0131k etmemizi sa\u011fl\u0131yor. Michel bu tutkulu hik\u00e2yede, \u00f6nce hapsedilip ard\u0131ndan Yeni Kaledonya\u2019da on y\u0131la yak\u0131n bir s\u00fcre s\u00fcrg\u00fcn edilmesine neden olan dram\u0131n b\u00fct\u00fcn \u00f6nemli anlar\u0131n\u0131 g\u00fcn\u00fc g\u00fcn\u00fcne anlat\u0131yor: <\/p>\n","protected":false},"excerpt":{"rendered":"<p>Paris Kom\u00fcn\u00fc, Fransa\u2019da iki bu\u00e7uk aya yak\u0131n iktidarda kalmas\u0131na ra\u011fmen sosyalizm tarihinin \u00f6nemli bir deneyimini olu\u015fturmaktad\u0131r. Louise Michel, i\u00e7inde aktif olarak yer ald\u0131\u011f\u0131 Kom\u00fcn\u2019e ve ard\u0131ndan<span class=\"excerpt-hellip\"> [\u2026]<\/span><\/p>\n","protected":false},"featured_media":0,"template":"","meta":{"_monsterinsights_skip_tracking":false,"_monsterinsights_sitenote_active":false,"_monsterinsights_sitenote_note":"","_monsterinsights_sitenote_category":0},"product_brand":[],"product_cat":[13590,12337],"product_tag":[],"class_list":{"0":"post-704587","1":"product","2":"type-product","3":"status-publish","5":"product_cat-arastirma-inceleme-politika-siyaset","6":"product_cat-politika-siyaset","7":"pa_cilt-ciltsiz","8":"pa_tur-kitap","9":"pa_yayinevi-ayrinti-yayinlari","10":"pa_yazar-louise-michel","12":"first","13":"instock","14":"sale","15":"shipping-taxable","16":"purchasable","17":"product-type-simple"},"_links":{"self":[{"href":"https:\/\/roveyayinevi.com.tr\/index.php\/wp-json\/wp\/v2\/product\/704587","targetHints":{"allow":["GET"]}}],"collection":[{"href":"https:\/\/roveyayinevi.com.tr\/index.php\/wp-json\/wp\/v2\/product"}],"about":[{"href":"https:\/\/roveyayinevi.com.tr\/index.php\/wp-json\/wp\/v2\/types\/product"}],"wp:attachment":[{"href":"https:\/\/roveyayinevi.com.tr\/index.php\/wp-json\/wp\/v2\/media?parent=704587"}],"wp:term":[{"taxonomy":"product_brand","embeddable":true,"href":"https:\/\/roveyayinevi.com.tr\/index.php\/wp-json\/wp\/v2\/product_brand?post=704587"},{"taxonomy":"product_cat","embeddable":true,"href":"https:\/\/roveyayinevi.com.tr\/index.php\/wp-json\/wp\/v2\/product_cat?post=704587"},{"taxonomy":"product_tag","embeddable":true,"href":"https:\/\/roveyayinevi.com.tr\/index.php\/wp-json\/wp\/v2\/product_tag?post=704587"}],"curies":[{"name":"wp","href":"https:\/\/api.w.org\/{rel}","templated":true}]}}