{"id":704586,"date":"2025-08-27T15:36:53","date_gmt":"2025-08-27T12:36:53","guid":{"rendered":"https:\/\/roveyayinevi.com.tr\/index.php\/urun\/bilgiyle-sohbet\/"},"modified":"2026-04-16T02:13:30","modified_gmt":"2026-04-15T23:13:30","slug":"bilgiyle-sohbet","status":"publish","type":"product","link":"https:\/\/roveyayinevi.com.tr\/index.php\/urun\/bilgiyle-sohbet\/","title":{"rendered":"Bilgiyle Sohbet"},"content":{"rendered":"<p>Avrupa Bilimler Akademisi\u2019nin ve Amerikan Bilimler Akademisi\u2019nin ilk T\u00fcrk \u00fcyesi, Rus Bilimler Akademisi\u2019ne Fuat K\u00f6pr\u00fcl\u00fc\u2019den sonra se\u00e7ilen ikinci T\u00fcrk, T\u00fcrkiye Bilimler Akademisi\u2019nin en gen\u00e7 kurucu \u00fcyesi, T\u00dcB\u0130TAK Bilim \u00d6d\u00fcl\u00fc kazanan en gen\u00e7 bilim adam\u0131&#8230; \u0130ki \u015feref doktoras\u0131, Paris\u2019te Coll\u00e8ge de France\u2019da profes\u00f6rl\u00fck, ulusal ve uluslararas\u0131 otuz bir adet \u015feref payesi ve \u00f6d\u00fcl. <\/p>\n","protected":false},"excerpt":{"rendered":"<p>Avrupa Bilimler Akademisi\u2019nin ve Amerikan Bilimler Akademisi\u2019nin ilk T\u00fcrk \u00fcyesi, Rus Bilimler Akademisi\u2019ne Fuat K\u00f6pr\u00fcl\u00fc\u2019den sonra se\u00e7ilen ikinci T\u00fcrk, T\u00fcrkiye Bilimler Akademisi\u2019nin en gen\u00e7 kurucu \u00fcyesi,<span class=\"excerpt-hellip\"> [\u2026]<\/span><\/p>\n","protected":false},"featured_media":0,"template":"","meta":{"_monsterinsights_skip_tracking":false,"_monsterinsights_sitenote_active":false,"_monsterinsights_sitenote_note":"","_monsterinsights_sitenote_category":0},"product_brand":[],"product_cat":[13005,13006],"product_tag":[],"class_list":{"0":"post-704586","1":"product","2":"type-product","3":"status-publish","5":"product_cat-bilim-muhendislik","6":"product_cat-populer-bilim","7":"pa_cilt-ciltsiz","8":"pa_tur-kitap","9":"pa_yayinevi-is-bankasi-kultur-yayinlari","10":"pa_yazar-ali-mehmet-celal-sengor","12":"first","13":"instock","14":"sale","15":"shipping-taxable","16":"purchasable","17":"product-type-simple"},"_links":{"self":[{"href":"https:\/\/roveyayinevi.com.tr\/index.php\/wp-json\/wp\/v2\/product\/704586","targetHints":{"allow":["GET"]}}],"collection":[{"href":"https:\/\/roveyayinevi.com.tr\/index.php\/wp-json\/wp\/v2\/product"}],"about":[{"href":"https:\/\/roveyayinevi.com.tr\/index.php\/wp-json\/wp\/v2\/types\/product"}],"wp:attachment":[{"href":"https:\/\/roveyayinevi.com.tr\/index.php\/wp-json\/wp\/v2\/media?parent=704586"}],"wp:term":[{"taxonomy":"product_brand","embeddable":true,"href":"https:\/\/roveyayinevi.com.tr\/index.php\/wp-json\/wp\/v2\/product_brand?post=704586"},{"taxonomy":"product_cat","embeddable":true,"href":"https:\/\/roveyayinevi.com.tr\/index.php\/wp-json\/wp\/v2\/product_cat?post=704586"},{"taxonomy":"product_tag","embeddable":true,"href":"https:\/\/roveyayinevi.com.tr\/index.php\/wp-json\/wp\/v2\/product_tag?post=704586"}],"curies":[{"name":"wp","href":"https:\/\/api.w.org\/{rel}","templated":true}]}}