{"id":704585,"date":"2025-08-27T15:36:53","date_gmt":"2025-08-27T12:36:53","guid":{"rendered":"https:\/\/roveyayinevi.com.tr\/index.php\/urun\/alman-ideolojisi-feuerbach\/"},"modified":"2026-04-16T02:13:30","modified_gmt":"2026-04-15T23:13:30","slug":"alman-ideolojisi-feuerbach","status":"publish","type":"product","link":"https:\/\/roveyayinevi.com.tr\/index.php\/urun\/alman-ideolojisi-feuerbach\/","title":{"rendered":"Alman \u0130deolojisi (Feuerbach)"},"content":{"rendered":"<p>ALMAN \u0130DEOLOJ\u0130S\u0130\u00d6ns\u00f6zB\u0130R\u0130NC\u0130 KISIMFEUERBACHMATERYAL\u0130ST VE \u0130DEAL\u0130ST ANLAYI\u015eLARIN KAR\u015eITLI\u011eI[I][1. Genel Olarak \u0130deoloji ve \u00d6zel Olarak Alman \u0130deolojisi][2. Materyalist Tarih Anlay\u0131\u015f\u0131n\u0131n \u00d6nc\u00fclleri][3. \u00dcretim ve Bireylerin \u0130li\u015fkileri. \u0130\u015fb\u00f6l\u00fcm\u00fc ve M\u00fclkiyet Bi\u00e7imleri: A\u015firetsel, Antik, Feodal][4. Materyalist Tarih Anlay\u0131\u015f\u0131n\u0131n \u00d6z\u00fc. Toplumsal Varl\u0131k ve Toplumsal Bilin\u00e7]           [II][1. \u0130nsanlar\u0131n Ger\u00e7ek Kurtulu\u015funun Ko\u015fullar\u0131][2. Feuerbach&#8217;\u0131n Sezgisel ve Tutars\u0131z Materyalizminin Ele\u015ftirisi][3. Ba\u015flang\u0131\u00e7taki Tarihsel \u0130li\u015fkiler Ya da Toplumsal Faaliyetin Esas Y\u00f6nleri: Ge\u00e7im Ara\u00e7lar\u0131n\u0131n \u00dcretimi, Yani Gereksinmelerin \u00dcretimi, \u0130nsanlar\u0131n \u00dcremesi (Aile), Toplumsal \u0130leti\u015fim, Bilin\u00e7][4. Toplumsal \u0130\u015fb\u00f6l\u00fcm\u00fc ve Sonu\u00e7lar\u0131: \u00d6zel M\u00fclkiyet, Devlet, Toplumsal Faaliyetin &#8220;Yabanc\u0131la\u015fma&#8221;s\u0131][5. Kom\u00fcnizmin Maddi Bir \u00d6nko\u015fulu Olarak \u00dcretici G\u00fc\u00e7lerin Geli\u015fmesi][6. Materyalist Tarih Anlay\u0131\u015f\u0131n\u0131n Sonu\u00e7lar\u0131: Tarihsel S\u00fcrecin S\u00fcreklili\u011fi, Tarihin D\u00fcnya Tarihine D\u00f6n\u00fc\u015fmesi, Bir Kom\u00fcnist Devrim Zorunlulu\u011fu][7. Materyalist Tarih Anlay\u0131\u015f\u0131n\u0131n \u00d6zeti][8. Genel Olarak \u0130dealist Tarih Anlay\u0131\u015f\u0131n\u0131n ve \u00d6zel Olarak da Hegel Sonras\u0131 Alman Felsefesinin Tutars\u0131zl\u0131\u011f\u0131][9. Feuerbach&#8217;\u0131n \u0130dealist Tarih Anlay\u0131\u015f\u0131n\u0131n Tamamlay\u0131c\u0131 Ele\u015ftirisi] <\/p>\n","protected":false},"excerpt":{"rendered":"<p>ALMAN \u0130DEOLOJ\u0130S\u0130\u00d6ns\u00f6zB\u0130R\u0130NC\u0130 KISIMFEUERBACHMATERYAL\u0130ST VE \u0130DEAL\u0130ST ANLAYI\u015eLARIN KAR\u015eITLI\u011eI[I][1. Genel Olarak \u0130deoloji ve \u00d6zel Olarak Alman \u0130deolojisi][2. Materyalist Tarih Anlay\u0131\u015f\u0131n\u0131n \u00d6nc\u00fclleri][3. \u00dcretim ve Bireylerin \u0130li\u015fkileri. \u0130\u015fb\u00f6l\u00fcm\u00fc ve M\u00fclkiyet<span class=\"excerpt-hellip\"> [\u2026]<\/span><\/p>\n","protected":false},"featured_media":0,"template":"","meta":{"_monsterinsights_skip_tracking":false,"_monsterinsights_sitenote_active":false,"_monsterinsights_sitenote_note":"","_monsterinsights_sitenote_category":0},"product_brand":[],"product_cat":[12338,12337],"product_tag":[],"class_list":{"0":"post-704585","1":"product","2":"type-product","3":"status-publish","5":"product_cat-dunya-siyaseti-ve-politikasi","6":"product_cat-politika-siyaset","7":"pa_cilt-ciltsiz","8":"pa_tur-kitap","9":"pa_yayinevi-sol-yayinlari","10":"pa_yazar-friedrich-engels","12":"first","13":"instock","14":"sale","15":"shipping-taxable","16":"purchasable","17":"product-type-simple"},"_links":{"self":[{"href":"https:\/\/roveyayinevi.com.tr\/index.php\/wp-json\/wp\/v2\/product\/704585","targetHints":{"allow":["GET"]}}],"collection":[{"href":"https:\/\/roveyayinevi.com.tr\/index.php\/wp-json\/wp\/v2\/product"}],"about":[{"href":"https:\/\/roveyayinevi.com.tr\/index.php\/wp-json\/wp\/v2\/types\/product"}],"wp:attachment":[{"href":"https:\/\/roveyayinevi.com.tr\/index.php\/wp-json\/wp\/v2\/media?parent=704585"}],"wp:term":[{"taxonomy":"product_brand","embeddable":true,"href":"https:\/\/roveyayinevi.com.tr\/index.php\/wp-json\/wp\/v2\/product_brand?post=704585"},{"taxonomy":"product_cat","embeddable":true,"href":"https:\/\/roveyayinevi.com.tr\/index.php\/wp-json\/wp\/v2\/product_cat?post=704585"},{"taxonomy":"product_tag","embeddable":true,"href":"https:\/\/roveyayinevi.com.tr\/index.php\/wp-json\/wp\/v2\/product_tag?post=704585"}],"curies":[{"name":"wp","href":"https:\/\/api.w.org\/{rel}","templated":true}]}}