{"id":704584,"date":"2025-08-27T15:36:53","date_gmt":"2025-08-27T12:36:53","guid":{"rendered":"https:\/\/roveyayinevi.com.tr\/index.php\/urun\/aciklamali-notlariyla-sherlock-holmes-2-cilt\/"},"modified":"2026-02-01T13:48:42","modified_gmt":"2026-02-01T10:48:42","slug":"aciklamali-notlariyla-sherlock-holmes-2-cilt","status":"publish","type":"product","link":"https:\/\/roveyayinevi.com.tr\/index.php\/urun\/aciklamali-notlariyla-sherlock-holmes-2-cilt\/","title":{"rendered":"A\u00e7\u0131klamal\u0131 Notlar\u0131yla Sherlock Holmes (2. Cilt)"},"content":{"rendered":"<p>D\u00fcnyan\u0131n \u00f6nde gelen Victoria d\u00f6nemi ve Sherlock Holmes uzmanlar\u0131ndan Leslie S. Klinger&#8217;\u0131n edit\u00f6rl\u00fc\u011f\u00fcnde haz\u0131rlanan A\u00e7\u0131klamal\u0131 Notlar\u0131yla Sherlock Holmes, yaln\u0131zca polisiye merakl\u0131lar\u0131na de\u011fil, t\u00fcm edebiyatseverlere hitap eden bir \u00e7al\u0131\u015fma.D\u00fcnyan\u0131n en \u00fcnl\u00fc dedektifiyle yeni tan\u0131\u015fan okurlar, Klinger&#8217;\u0131n \u00f6yk\u00fc giri\u015flerindeki berrak sunumlar\u0131ndan yararlan\u0131rken; deneyimli Sherlock\u00e7ular, Victoria \u00c7a\u011f\u0131 \u0130ngiltere&#8217;siyle ilgili tarihi bilgilerin yan\u0131 s\u0131ra Sherlock \u00fczerine \u00fcretilen en \u00f6nemliteorileri de i\u00e7eren binden fazla notla b\u00fcy\u00fclenecekler. Sherlock Holmes k\u00fclliyat\u0131n\u0131 i\u00e7eren \u00fc\u00e7 kitapl\u0131k serinin ikinci cildi, 1903-1927 aras\u0131ndaStrand Magazine\u2019de yay\u0131mlanan \u00f6yk\u00fclerin \u00f6zg\u00fcn hallerini kaps\u0131yor. Sherlock Holmes&#8217;un D\u00f6n\u00fc\u015f\u00fc, Son Selam ve Sherlock Holmes\u2019un Vaka Kitab\u0131 adl\u0131 \u00fc\u00e7 kitaptan olu\u015fan bu cilt, bug\u00fcne kadar haz\u0131rlanm\u0131\u015f en derli toplu ve en kapsaml\u0131 Sherlock Holmes k\u00fclliyat\u0131n\u0131n ikinci halkas\u0131. Arthur Canon Doyle e\u015fsizdir&#8230; Eser verdi\u011fi t\u00fcrdeki \u00f6nc\u00fcl\u00fc\u011f\u00fc, taklit edilse ya da geni\u015fletilse dahi, asla a\u015f\u0131lamam\u0131\u015ft\u0131r. &#8211; Stephen Fry<\/p>\n","protected":false},"excerpt":{"rendered":"<p>D\u00fcnyan\u0131n \u00f6nde gelen Victoria d\u00f6nemi ve Sherlock Holmes uzmanlar\u0131ndan Leslie S. Klinger&#8217;\u0131n edit\u00f6rl\u00fc\u011f\u00fcnde haz\u0131rlanan A\u00e7\u0131klamal\u0131 Notlar\u0131yla Sherlock Holmes, yaln\u0131zca polisiye merakl\u0131lar\u0131na de\u011fil, t\u00fcm edebiyatseverlere hitap eden<span class=\"excerpt-hellip\"> [\u2026]<\/span><\/p>\n","protected":false},"featured_media":0,"template":"","meta":{"_monsterinsights_skip_tracking":false,"_monsterinsights_sitenote_active":false,"_monsterinsights_sitenote_note":"","_monsterinsights_sitenote_category":0},"product_brand":[],"product_cat":[12291,12866],"product_tag":[],"class_list":{"0":"post-704584","1":"product","2":"type-product","3":"status-publish","5":"product_cat-edebiyat","6":"product_cat-ingiliz-edebiyati","7":"pa_cilt-ciltsiz","8":"pa_tur-kitap","9":"pa_yayinevi-everest-yayinlari","10":"pa_yazar-sir-arthur-conan-doyle","12":"first","13":"outofstock","14":"sale","15":"shipping-taxable","16":"purchasable","17":"product-type-simple"},"_links":{"self":[{"href":"https:\/\/roveyayinevi.com.tr\/index.php\/wp-json\/wp\/v2\/product\/704584","targetHints":{"allow":["GET"]}}],"collection":[{"href":"https:\/\/roveyayinevi.com.tr\/index.php\/wp-json\/wp\/v2\/product"}],"about":[{"href":"https:\/\/roveyayinevi.com.tr\/index.php\/wp-json\/wp\/v2\/types\/product"}],"wp:attachment":[{"href":"https:\/\/roveyayinevi.com.tr\/index.php\/wp-json\/wp\/v2\/media?parent=704584"}],"wp:term":[{"taxonomy":"product_brand","embeddable":true,"href":"https:\/\/roveyayinevi.com.tr\/index.php\/wp-json\/wp\/v2\/product_brand?post=704584"},{"taxonomy":"product_cat","embeddable":true,"href":"https:\/\/roveyayinevi.com.tr\/index.php\/wp-json\/wp\/v2\/product_cat?post=704584"},{"taxonomy":"product_tag","embeddable":true,"href":"https:\/\/roveyayinevi.com.tr\/index.php\/wp-json\/wp\/v2\/product_tag?post=704584"}],"curies":[{"name":"wp","href":"https:\/\/api.w.org\/{rel}","templated":true}]}}