{"id":704580,"date":"2025-08-27T15:36:51","date_gmt":"2025-08-27T12:36:51","guid":{"rendered":"https:\/\/roveyayinevi.com.tr\/index.php\/urun\/ejderha-avcilari-okulu-12-sir-herbert-zindantasinin-hayaleti\/"},"modified":"2026-04-16T02:13:30","modified_gmt":"2026-04-15T23:13:30","slug":"ejderha-avcilari-okulu-12-sir-herbert-zindantasinin-hayaleti","status":"publish","type":"product","link":"https:\/\/roveyayinevi.com.tr\/index.php\/urun\/ejderha-avcilari-okulu-12-sir-herbert-zindantasinin-hayaleti\/","title":{"rendered":"Ejderha Avc\u0131lar\u0131 Okulu 12 Sir Herbert Zindanta\u015f\u0131\u2019n\u0131n Hayaleti"},"content":{"rendered":"<p>EAO&#8217;da b\u00fcy\u00fck de\u011fi\u015fiklikler var. Yeni bir \u00f6\u011frenci geldi&#8230; Bir k\u0131z. Janice iri yar\u0131, g\u00fcl\u00fc ve k\u0131l\u0131\u00e7 d\u00f6v\u00fc\u015f\u00fc ile g\u00fcre\u015fte b\u00fct\u00fcn erkek \u00e7ocuklar\u0131ndan daha iyi. Erica da mutlu, \u00e7\u00fcnk\u00fc sonunda erkek \u00e7ocu\u011fu taklidi yapmaktan kurtuldu. M\u00fcd\u00fcr Mordred&#8217;in keyfine diyecek yok; Janice&#8217;in zengin ailesinden kocaman bir kese dolusu alt\u0131n ald\u0131. Wiglaf da mutlu, \u00e7\u00fcnk\u00fc yaramaz evcil ejderhas\u0131 ailesini ziyarete gitti ve bu y\u00fczden bir s\u00fcre sorun yaratmayacak. EAO&#8217;da her \u015fey g\u00fcll\u00fck g\u00fclistanl\u0131k gibi g\u00f6r\u00fcn\u00fcyor, de\u011fil mi? De\u011fil! \u00c7\u00fcnk\u00fc bir hayalet intikam pe\u015finde ko\u015fuyor ve \u00e7al\u0131nm\u0131\u015f hazinesini geri almaya kararl\u0131; yoksa okulu yok edecek! \ufffcTan\u0131t\u0131m Metni<\/p>\n","protected":false},"excerpt":{"rendered":"<p>EAO&#8217;da b\u00fcy\u00fck de\u011fi\u015fiklikler var. Yeni bir \u00f6\u011frenci geldi&#8230; Bir k\u0131z. Janice iri yar\u0131, g\u00fcl\u00fc ve k\u0131l\u0131\u00e7 d\u00f6v\u00fc\u015f\u00fc ile g\u00fcre\u015fte b\u00fct\u00fcn erkek \u00e7ocuklar\u0131ndan daha iyi. Erica da<span class=\"excerpt-hellip\"> [\u2026]<\/span><\/p>\n","protected":false},"featured_media":0,"template":"","meta":{"_monsterinsights_skip_tracking":false,"_monsterinsights_sitenote_active":false,"_monsterinsights_sitenote_note":"","_monsterinsights_sitenote_category":0},"product_brand":[],"product_cat":[12274,12284],"product_tag":[],"class_list":{"0":"post-704580","1":"product","2":"type-product","3":"status-publish","5":"product_cat-cocuk-ve-genclik-kitaplari","6":"product_cat-hikayeler","7":"pa_cilt-ciltsiz","8":"pa_tur-kitap","9":"pa_yayinevi-beyaz-balina-yayinlari","10":"pa_yazar-kate-mcmullan","12":"first","13":"instock","14":"sale","15":"shipping-taxable","16":"purchasable","17":"product-type-simple"},"_links":{"self":[{"href":"https:\/\/roveyayinevi.com.tr\/index.php\/wp-json\/wp\/v2\/product\/704580","targetHints":{"allow":["GET"]}}],"collection":[{"href":"https:\/\/roveyayinevi.com.tr\/index.php\/wp-json\/wp\/v2\/product"}],"about":[{"href":"https:\/\/roveyayinevi.com.tr\/index.php\/wp-json\/wp\/v2\/types\/product"}],"wp:attachment":[{"href":"https:\/\/roveyayinevi.com.tr\/index.php\/wp-json\/wp\/v2\/media?parent=704580"}],"wp:term":[{"taxonomy":"product_brand","embeddable":true,"href":"https:\/\/roveyayinevi.com.tr\/index.php\/wp-json\/wp\/v2\/product_brand?post=704580"},{"taxonomy":"product_cat","embeddable":true,"href":"https:\/\/roveyayinevi.com.tr\/index.php\/wp-json\/wp\/v2\/product_cat?post=704580"},{"taxonomy":"product_tag","embeddable":true,"href":"https:\/\/roveyayinevi.com.tr\/index.php\/wp-json\/wp\/v2\/product_tag?post=704580"}],"curies":[{"name":"wp","href":"https:\/\/api.w.org\/{rel}","templated":true}]}}