{"id":704579,"date":"2025-08-27T15:36:51","date_gmt":"2025-08-27T12:36:51","guid":{"rendered":"https:\/\/roveyayinevi.com.tr\/index.php\/urun\/satranc-5\/"},"modified":"2026-04-16T02:13:30","modified_gmt":"2026-04-15T23:13:30","slug":"satranc-5","status":"publish","type":"product","link":"https:\/\/roveyayinevi.com.tr\/index.php\/urun\/satranc-5\/","title":{"rendered":"Satran\u00e7"},"content":{"rendered":"<p>Satran\u00e7, Zweig\u2019\u0131n novella t\u00fcr\u00fcnde eri\u015fti\u011fi ustal\u0131\u011f\u0131 g\u00f6zler \u00f6n\u00fcne seren en son yap\u0131t\u0131; ayn\u0131 zamanda bir edebi veda mektubudur. \u0130kinci D\u00fcnya Sava\u015f\u0131 y\u00fcz\u00fcnden \u00fclkesini terk eden yazar\u0131n, \u00e7ok sevdi\u011fi Avrupa\u2019n\u0131n i\u00e7ler ac\u0131s\u0131 durumunun ve zorunlu g\u00f6\u00e7\u00fcn yaratt\u0131\u011f\u0131 derin umutsuzluk sonucu ya\u015fam\u0131na son vermesinden bir y\u0131l \u00f6nce, 1941\u2019de yay\u0131mlanm\u0131\u015ft\u0131r. Buenos Aires\u2019e gitmek \u00fczere New York\u2019tan hareket eden b\u00fcy\u00fck bir geminin yolcular\u0131 aras\u0131nda d\u00fcnya satran\u00e7 \u015fampiyonu Mirko Czentovic de vard\u0131r. Satran\u00e7 merakl\u0131s\u0131 bir grup yolcu kendisiyle oynad\u0131klar\u0131 ilk partiyi kaybeder. Czentovic ikinci partiyi de kazanmak \u00fczereyken, aniden zuhur eden Dr. B. adl\u0131 \u015fahs\u0131n m\u00fcdahale ve y\u00f6nlendirmesiyle oyun berabere biter. Bunun \u00fczerine Dr. B., Czentovic\u2019le tek ba\u015f\u0131na oynamaya ikna edilir. Ancak bir e\u011flence olarak ba\u015flayan satran\u00e7 oyunu, Nazilerin yaratt\u0131\u011f\u0131 korku ve deh\u015fet ikliminden pay\u0131na d\u00fc\u015feni alan bu adamda baz\u0131 travmatik an\u0131lar\u0131 canland\u0131racakt\u0131r. <\/p>\n","protected":false},"excerpt":{"rendered":"<p>Satran\u00e7, Zweig\u2019\u0131n novella t\u00fcr\u00fcnde eri\u015fti\u011fi ustal\u0131\u011f\u0131 g\u00f6zler \u00f6n\u00fcne seren en son yap\u0131t\u0131; ayn\u0131 zamanda bir edebi veda mektubudur. \u0130kinci D\u00fcnya Sava\u015f\u0131 y\u00fcz\u00fcnden \u00fclkesini terk eden yazar\u0131n,<span class=\"excerpt-hellip\"> [\u2026]<\/span><\/p>\n","protected":false},"featured_media":0,"template":"","meta":{"_monsterinsights_skip_tracking":false,"_monsterinsights_sitenote_active":false,"_monsterinsights_sitenote_note":"","_monsterinsights_sitenote_category":0},"product_brand":[],"product_cat":[13835],"product_tag":[],"class_list":{"0":"post-704579","1":"product","2":"type-product","3":"status-publish","5":"product_cat-cok-satanlar","6":"pa_cilt-ciltsiz","7":"pa_tur-kitap","8":"pa_yayinevi-is-bankasi-kultur-yayinlari","9":"pa_yazar-stefan-zweig","11":"first","12":"instock","13":"sale","14":"shipping-taxable","15":"purchasable","16":"product-type-simple"},"_links":{"self":[{"href":"https:\/\/roveyayinevi.com.tr\/index.php\/wp-json\/wp\/v2\/product\/704579","targetHints":{"allow":["GET"]}}],"collection":[{"href":"https:\/\/roveyayinevi.com.tr\/index.php\/wp-json\/wp\/v2\/product"}],"about":[{"href":"https:\/\/roveyayinevi.com.tr\/index.php\/wp-json\/wp\/v2\/types\/product"}],"wp:attachment":[{"href":"https:\/\/roveyayinevi.com.tr\/index.php\/wp-json\/wp\/v2\/media?parent=704579"}],"wp:term":[{"taxonomy":"product_brand","embeddable":true,"href":"https:\/\/roveyayinevi.com.tr\/index.php\/wp-json\/wp\/v2\/product_brand?post=704579"},{"taxonomy":"product_cat","embeddable":true,"href":"https:\/\/roveyayinevi.com.tr\/index.php\/wp-json\/wp\/v2\/product_cat?post=704579"},{"taxonomy":"product_tag","embeddable":true,"href":"https:\/\/roveyayinevi.com.tr\/index.php\/wp-json\/wp\/v2\/product_tag?post=704579"}],"curies":[{"name":"wp","href":"https:\/\/api.w.org\/{rel}","templated":true}]}}