{"id":704568,"date":"2025-08-27T15:36:46","date_gmt":"2025-08-27T12:36:46","guid":{"rendered":"https:\/\/roveyayinevi.com.tr\/index.php\/urun\/hayal-kahramanlari\/"},"modified":"2026-04-16T02:13:30","modified_gmt":"2026-04-15T23:13:30","slug":"hayal-kahramanlari","status":"publish","type":"product","link":"https:\/\/roveyayinevi.com.tr\/index.php\/urun\/hayal-kahramanlari\/","title":{"rendered":"Hayal Kahramanlar\u0131"},"content":{"rendered":"<p>\u00c7ocuklu\u011fumuzu savunan b\u00fcy\u00fck g\u00fc\u00e7lerdendir hayal kahramanlar\u0131. Teksas, Zagor, S\u00fcperman, Batman, Temel Reis, \u015eirinler, Casper, vd. gibi hayat\u0131m\u0131z\u0131 g\u00fczelle\u015ftiren bu \u00e7ocukluk arkada\u015flar\u0131m\u0131z g\u00f6zlerimizin \u0131\u015f\u0131lt\u0131s\u0131nda h\u00e2l\u00e2 ya\u015famaktad\u0131rlar. Bir hayal kahraman\u0131n\u0131n filmini izlemek, \u00e7izgi roman\u0131n\u0131 ya da kitab\u0131n\u0131 okumak, \u00e7ocukluk arkada\u015flar\u0131m\u0131za ay\u0131rd\u0131\u011f\u0131m\u0131z zamanlar gibidir. Hayat\u0131m\u0131za y\u00f6n veren ailemiz ve arkada\u015flar\u0131m\u0131z\u0131n yan\u0131nda, hayal kahramanlar\u0131 da ki\u015fili\u011fimizin geli\u015fiminde pay sahibidir. Hayal kahramanlar\u0131, g\u00f6zlerinin i\u00e7ine bakamasak, ellerini s\u0131kamasak, bir kez olsun sar\u0131lamasak da bize \u00e7ok \u015fey katan ve \u00f6\u011freten en yak\u0131n arkada\u015flar\u0131m\u0131zd\u0131r. \ufffc\ufffcTan\u0131t\u0131m Metni<\/p>\n","protected":false},"excerpt":{"rendered":"<p>\u00c7ocuklu\u011fumuzu savunan b\u00fcy\u00fck g\u00fc\u00e7lerdendir hayal kahramanlar\u0131. Teksas, Zagor, S\u00fcperman, Batman, Temel Reis, \u015eirinler, Casper, vd. gibi hayat\u0131m\u0131z\u0131 g\u00fczelle\u015ftiren bu \u00e7ocukluk arkada\u015flar\u0131m\u0131z g\u00f6zlerimizin \u0131\u015f\u0131lt\u0131s\u0131nda h\u00e2l\u00e2 ya\u015famaktad\u0131rlar. Bir<span class=\"excerpt-hellip\"> [\u2026]<\/span><\/p>\n","protected":false},"featured_media":0,"template":"","meta":{"_monsterinsights_skip_tracking":false,"_monsterinsights_sitenote_active":false,"_monsterinsights_sitenote_note":"","_monsterinsights_sitenote_category":0},"product_brand":[],"product_cat":[12777,12291],"product_tag":[],"class_list":{"0":"post-704568","1":"product","2":"type-product","3":"status-publish","5":"product_cat-deneme","6":"product_cat-edebiyat","7":"pa_cilt-ciltsiz","8":"pa_tur-kitap","9":"pa_yayinevi-is-bankasi-kultur-yayinlari","10":"pa_yazar-sunay-akin","12":"first","13":"instock","14":"sale","15":"shipping-taxable","16":"purchasable","17":"product-type-simple"},"_links":{"self":[{"href":"https:\/\/roveyayinevi.com.tr\/index.php\/wp-json\/wp\/v2\/product\/704568","targetHints":{"allow":["GET"]}}],"collection":[{"href":"https:\/\/roveyayinevi.com.tr\/index.php\/wp-json\/wp\/v2\/product"}],"about":[{"href":"https:\/\/roveyayinevi.com.tr\/index.php\/wp-json\/wp\/v2\/types\/product"}],"wp:attachment":[{"href":"https:\/\/roveyayinevi.com.tr\/index.php\/wp-json\/wp\/v2\/media?parent=704568"}],"wp:term":[{"taxonomy":"product_brand","embeddable":true,"href":"https:\/\/roveyayinevi.com.tr\/index.php\/wp-json\/wp\/v2\/product_brand?post=704568"},{"taxonomy":"product_cat","embeddable":true,"href":"https:\/\/roveyayinevi.com.tr\/index.php\/wp-json\/wp\/v2\/product_cat?post=704568"},{"taxonomy":"product_tag","embeddable":true,"href":"https:\/\/roveyayinevi.com.tr\/index.php\/wp-json\/wp\/v2\/product_tag?post=704568"}],"curies":[{"name":"wp","href":"https:\/\/api.w.org\/{rel}","templated":true}]}}