{"id":704567,"date":"2025-08-27T15:36:46","date_gmt":"2025-08-27T12:36:46","guid":{"rendered":"https:\/\/roveyayinevi.com.tr\/index.php\/urun\/benim-ilk-aktivite-kitabim-mor-kitap\/"},"modified":"2026-04-16T02:13:30","modified_gmt":"2026-04-15T23:13:30","slug":"benim-ilk-aktivite-kitabim-mor-kitap","status":"publish","type":"product","link":"https:\/\/roveyayinevi.com.tr\/index.php\/urun\/benim-ilk-aktivite-kitabim-mor-kitap\/","title":{"rendered":"Benim \u0130lk Aktivite Kitab\u0131m &#8211; Mor Kitap"},"content":{"rendered":"<p>Televizyon, bilgisayar, tablet, ak\u0131ll\u0131 telefonlar ue teknolojik, bir\u00e7ok \u00fcr\u00fcn\u00fcn hareketli ekranlar\u0131na s\u0131k\u0131\u015fan dikkat ue odaklanma becerisi, okulda ve akademik hayatta \u00e7ocuklar\u0131m\u0131z\u0131n hayat\u0131n\u0131 zorlayan bir soruna d\u00f6n\u00fc\u015f\u00fcyor. Okul hayat\u0131nda t\u0131pk\u0131 ak\u0131ll\u0131 telefonlar\u0131n ekran\u0131ndaki gibi hareketlilik, h\u0131z, renklilik ve s\u00fcrekli de\u011fi\u015fiklik arayan \u00e7ocuklar, aileleri \u015fa\u015f\u0131rtan bir isteksizlik ve motivasyon eksikli\u011fi ile ba\u015f etmek zorunda kal\u0131yor. <\/p>\n","protected":false},"excerpt":{"rendered":"<p>Televizyon, bilgisayar, tablet, ak\u0131ll\u0131 telefonlar ue teknolojik, bir\u00e7ok \u00fcr\u00fcn\u00fcn hareketli ekranlar\u0131na s\u0131k\u0131\u015fan dikkat ue odaklanma becerisi, okulda ve akademik hayatta \u00e7ocuklar\u0131m\u0131z\u0131n hayat\u0131n\u0131 zorlayan bir soruna d\u00f6n\u00fc\u015f\u00fcyor.<span class=\"excerpt-hellip\"> [\u2026]<\/span><\/p>\n","protected":false},"featured_media":0,"template":"","meta":{"_monsterinsights_skip_tracking":false,"_monsterinsights_sitenote_active":false,"_monsterinsights_sitenote_note":"","_monsterinsights_sitenote_category":0},"product_brand":[],"product_cat":[12274,12631],"product_tag":[],"class_list":{"0":"post-704567","1":"product","2":"type-product","3":"status-publish","5":"product_cat-cocuk-ve-genclik-kitaplari","6":"product_cat-diger-cocuk-ve-genclik-kitaplari","7":"pa_tur-kitap","8":"pa_yayinevi-parilti-yayinlari","9":"pa_yazar-kolektif","11":"first","12":"instock","13":"sale","14":"shipping-taxable","15":"purchasable","16":"product-type-simple"},"_links":{"self":[{"href":"https:\/\/roveyayinevi.com.tr\/index.php\/wp-json\/wp\/v2\/product\/704567","targetHints":{"allow":["GET"]}}],"collection":[{"href":"https:\/\/roveyayinevi.com.tr\/index.php\/wp-json\/wp\/v2\/product"}],"about":[{"href":"https:\/\/roveyayinevi.com.tr\/index.php\/wp-json\/wp\/v2\/types\/product"}],"wp:attachment":[{"href":"https:\/\/roveyayinevi.com.tr\/index.php\/wp-json\/wp\/v2\/media?parent=704567"}],"wp:term":[{"taxonomy":"product_brand","embeddable":true,"href":"https:\/\/roveyayinevi.com.tr\/index.php\/wp-json\/wp\/v2\/product_brand?post=704567"},{"taxonomy":"product_cat","embeddable":true,"href":"https:\/\/roveyayinevi.com.tr\/index.php\/wp-json\/wp\/v2\/product_cat?post=704567"},{"taxonomy":"product_tag","embeddable":true,"href":"https:\/\/roveyayinevi.com.tr\/index.php\/wp-json\/wp\/v2\/product_tag?post=704567"}],"curies":[{"name":"wp","href":"https:\/\/api.w.org\/{rel}","templated":true}]}}