{"id":704563,"date":"2025-08-27T15:36:44","date_gmt":"2025-08-27T12:36:44","guid":{"rendered":"https:\/\/roveyayinevi.com.tr\/index.php\/urun\/sanatcilarin-hayat-hikayeleri\/"},"modified":"2026-04-16T02:13:30","modified_gmt":"2026-04-15T23:13:30","slug":"sanatcilarin-hayat-hikayeleri","status":"publish","type":"product","link":"https:\/\/roveyayinevi.com.tr\/index.php\/urun\/sanatcilarin-hayat-hikayeleri\/","title":{"rendered":"Sanat\u00e7\u0131lar\u0131n Hayat Hikayeleri"},"content":{"rendered":"<p>Giorgio Vasari, \u0130talyan R\u00f6nesans\u0131\u2019n\u0131n belli ba\u015fl\u0131 sanat\u00e7\u0131lar\u0131n\u0131n hayat hik\u00e2yelerini yay\u0131mlad\u0131\u011f\u0131nda, sanat tarihi disiplininin temellerini de att\u0131. Vasari\u2019nin kulland\u0131\u011f\u0131 biyografik y\u00f6ntem, as\u0131rlar boyunca sanat tarihi yaz\u0131m\u0131na \u00f6nc\u00fcl\u00fck etti ve model olu\u015fturdu. \u0130lk bask\u0131s\u0131 16. y\u00fczy\u0131lda ger\u00e7ekle\u015ftirilen ve ilk sanat tarihi kitab\u0131 olarak nitelendirilen Sanat\u00e7\u0131lar\u0131n Hayat Hik\u00e2yeleri\u2019nden yap\u0131lan bu kapsaml\u0131 se\u00e7ki, R\u00f6nesans\u2019\u0131n do\u011fu\u015funu ve geli\u015fimini d\u00f6nemin belli ba\u015fl\u0131 sanat\u00e7\u0131lar\u0131n hayatlar\u0131 ve yap\u0131tlar\u0131 \u00fczerinden anlat\u0131yor. Cimabue ve Giotto\u2019dan Alberti gibi perspektif teorisyenlerine ve R\u00f6nesans sanat\u0131n\u0131n doru\u011funu temsil eden Raffaello, Leonardo ve Michelangelo gibi b\u00fcy\u00fck ustalara uzanan Vasari, sanat\u00e7\u0131larla ilgili ilgin\u00e7 anekdotlar\u0131n yan\u0131 s\u0131ra yap\u0131tlar\u0131 hakk\u0131nda da son derece ayr\u0131nt\u0131l\u0131 bilgiler veriyor. \u0130talyan R\u00f6nesans\u0131\u2019na tan\u0131kl\u0131k etmi\u015f Floransa, Roma, Venedik gibi kentlere, mimari ve resimsel ba\u015fyap\u0131tlar\u0131n s\u0131rlar\u0131na, Medici ailesinin d\u00fcnyas\u0131na, sanat\u00e7\u0131lar\u0131n esin kaynaklar\u0131na uzanan renkli bir ge\u00e7mi\u015f yolculu\u011fu\u2026 <\/p>\n","protected":false},"excerpt":{"rendered":"<p>Giorgio Vasari, \u0130talyan R\u00f6nesans\u0131\u2019n\u0131n belli ba\u015fl\u0131 sanat\u00e7\u0131lar\u0131n\u0131n hayat hik\u00e2yelerini yay\u0131mlad\u0131\u011f\u0131nda, sanat tarihi disiplininin temellerini de att\u0131. Vasari\u2019nin kulland\u0131\u011f\u0131 biyografik y\u00f6ntem, as\u0131rlar boyunca sanat tarihi yaz\u0131m\u0131na \u00f6nc\u00fcl\u00fck<span class=\"excerpt-hellip\"> [\u2026]<\/span><\/p>\n","protected":false},"featured_media":0,"template":"","meta":{"_monsterinsights_skip_tracking":false,"_monsterinsights_sitenote_active":false,"_monsterinsights_sitenote_note":"","_monsterinsights_sitenote_category":0},"product_brand":[],"product_cat":[14556,40131],"product_tag":[],"class_list":{"0":"post-704563","1":"product","2":"type-product","3":"status-publish","5":"product_cat-muzik","6":"product_cat-sanatcilar","7":"pa_cilt-ciltsiz","8":"pa_tur-kitap","9":"pa_yayinevi-sel-yayincilik","10":"pa_yazar-giorgio-vasari","12":"first","13":"instock","14":"sale","15":"shipping-taxable","16":"purchasable","17":"product-type-simple"},"_links":{"self":[{"href":"https:\/\/roveyayinevi.com.tr\/index.php\/wp-json\/wp\/v2\/product\/704563","targetHints":{"allow":["GET"]}}],"collection":[{"href":"https:\/\/roveyayinevi.com.tr\/index.php\/wp-json\/wp\/v2\/product"}],"about":[{"href":"https:\/\/roveyayinevi.com.tr\/index.php\/wp-json\/wp\/v2\/types\/product"}],"wp:attachment":[{"href":"https:\/\/roveyayinevi.com.tr\/index.php\/wp-json\/wp\/v2\/media?parent=704563"}],"wp:term":[{"taxonomy":"product_brand","embeddable":true,"href":"https:\/\/roveyayinevi.com.tr\/index.php\/wp-json\/wp\/v2\/product_brand?post=704563"},{"taxonomy":"product_cat","embeddable":true,"href":"https:\/\/roveyayinevi.com.tr\/index.php\/wp-json\/wp\/v2\/product_cat?post=704563"},{"taxonomy":"product_tag","embeddable":true,"href":"https:\/\/roveyayinevi.com.tr\/index.php\/wp-json\/wp\/v2\/product_tag?post=704563"}],"curies":[{"name":"wp","href":"https:\/\/api.w.org\/{rel}","templated":true}]}}