{"id":704561,"date":"2025-08-27T15:36:43","date_gmt":"2025-08-27T12:36:43","guid":{"rendered":"https:\/\/roveyayinevi.com.tr\/index.php\/urun\/nefislerin-terbiyesi-muzekkin-nufus\/"},"modified":"2026-04-16T02:13:30","modified_gmt":"2026-04-15T23:13:30","slug":"nefislerin-terbiyesi-muzekkin-nufus","status":"publish","type":"product","link":"https:\/\/roveyayinevi.com.tr\/index.php\/urun\/nefislerin-terbiyesi-muzekkin-nufus\/","title":{"rendered":"Nefislerin Terbiyesi- M\u00fczekki&#8217;n &#8211; N\u00fcfus"},"content":{"rendered":"<p>Nefislerin Terbiyesi\/M\u00fczekki\u2019n-N\u00fcfus, Anadolu evliyas\u0131n\u0131n b\u00fcy\u00fcklerinden E\u015frefo\u011flu R\u00fbm\u00ee\u2019nin duru bir T\u00fcrk\u00e7eyle kaleme ald\u0131\u011f\u0131, bir nevi M\u00fcsl\u00fcman \u015fahsiyet e\u011fitimi denilebilecek nefis terbiyesini b\u00fct\u00fcn kavramlar\u0131yla ele alan, seyr \u00fc s\u00fcl\u00fbk yollar\u0131nda rehberlik eden pratik bir \u0130slam ahlak kitab\u0131. Yaz\u0131ld\u0131\u011f\u0131 15. y\u00fczy\u0131ldan bu yana, as\u0131rlar ve nesiller boyu hem a\u015f\u0131klar\u0131n, ariflerin hem de geni\u015f halk kitlelerinin irfan\u0131n\u0131 besleyen, T\u00fcrk toplumunun iman ve ahlak anlay\u0131\u015f\u0131na tesir eden M\u00fczekki\u2019n-N\u00fcfus, g\u00fcn\u00fcm\u00fcz insan\u0131n\u0131n deruni a\u00e7mazlar\u0131na da manevi merhem sunmaya devam ediyor. Dosta gidenin yolu g\u00f6n\u00fcller i\u00e7re ge\u00e7er, diyen E\u015frefo\u011flu Rumi Hazretleri, okurlar\u0131na Ezeli ve Ebedi olan\u0131n r\u0131zas\u0131n\u0131 kazanma yolunda rehberlik ediyor.<\/p>\n","protected":false},"excerpt":{"rendered":"<p>Nefislerin Terbiyesi\/M\u00fczekki\u2019n-N\u00fcfus, Anadolu evliyas\u0131n\u0131n b\u00fcy\u00fcklerinden E\u015frefo\u011flu R\u00fbm\u00ee\u2019nin duru bir T\u00fcrk\u00e7eyle kaleme ald\u0131\u011f\u0131, bir nevi M\u00fcsl\u00fcman \u015fahsiyet e\u011fitimi denilebilecek nefis terbiyesini b\u00fct\u00fcn kavramlar\u0131yla ele alan, seyr \u00fc<span class=\"excerpt-hellip\"> [\u2026]<\/span><\/p>\n","protected":false},"featured_media":0,"template":"","meta":{"_monsterinsights_skip_tracking":false,"_monsterinsights_sitenote_active":false,"_monsterinsights_sitenote_note":"","_monsterinsights_sitenote_category":0},"product_brand":[],"product_cat":[12718,12719,12720],"product_tag":[],"class_list":{"0":"post-704561","1":"product","2":"type-product","3":"status-publish","5":"product_cat-din","6":"product_cat-islam","7":"product_cat-tasavvuf-mezhepler-tarikatlar","8":"pa_cilt-ciltsiz","9":"pa_tur-kitap","10":"pa_yayinevi-sufi-kitap","11":"pa_yazar-esrefoglu-rumi","13":"first","14":"instock","15":"sale","16":"shipping-taxable","17":"purchasable","18":"product-type-simple"},"_links":{"self":[{"href":"https:\/\/roveyayinevi.com.tr\/index.php\/wp-json\/wp\/v2\/product\/704561","targetHints":{"allow":["GET"]}}],"collection":[{"href":"https:\/\/roveyayinevi.com.tr\/index.php\/wp-json\/wp\/v2\/product"}],"about":[{"href":"https:\/\/roveyayinevi.com.tr\/index.php\/wp-json\/wp\/v2\/types\/product"}],"wp:attachment":[{"href":"https:\/\/roveyayinevi.com.tr\/index.php\/wp-json\/wp\/v2\/media?parent=704561"}],"wp:term":[{"taxonomy":"product_brand","embeddable":true,"href":"https:\/\/roveyayinevi.com.tr\/index.php\/wp-json\/wp\/v2\/product_brand?post=704561"},{"taxonomy":"product_cat","embeddable":true,"href":"https:\/\/roveyayinevi.com.tr\/index.php\/wp-json\/wp\/v2\/product_cat?post=704561"},{"taxonomy":"product_tag","embeddable":true,"href":"https:\/\/roveyayinevi.com.tr\/index.php\/wp-json\/wp\/v2\/product_tag?post=704561"}],"curies":[{"name":"wp","href":"https:\/\/api.w.org\/{rel}","templated":true}]}}