{"id":704560,"date":"2025-08-27T15:36:43","date_gmt":"2025-08-27T12:36:43","guid":{"rendered":"https:\/\/roveyayinevi.com.tr\/index.php\/urun\/eyvah-golgeler-degisiyor\/"},"modified":"2026-04-16T02:13:30","modified_gmt":"2026-04-15T23:13:30","slug":"eyvah-golgeler-degisiyor","status":"publish","type":"product","link":"https:\/\/roveyayinevi.com.tr\/index.php\/urun\/eyvah-golgeler-degisiyor\/","title":{"rendered":"Eyvah, G\u00f6lgeler De\u011fi\u015fiyor!"},"content":{"rendered":"<p>Sen hi\u00e7 g\u00f6lgeni kaybettin mi? Ya hi\u00e7 en yak\u0131n arkada\u015f\u0131nla k\u00fcst\u00fcn m\u00fc? Bu kitapta Karag\u00f6z ile Hacivat\u2019\u0131n ba\u015f\u0131na i\u015fte bunlar geliyor! Karag\u00f6z\u2019\u00fcn G\u00f6lgesini Kim \u00c7ald\u0131? kitab\u0131yla geleneksel g\u00f6lge oyunu karakterleri Karag\u00f6z ve Hacivat\u2019\u0131 g\u00fcn\u00fcm\u00fcze ta\u015f\u0131yan Melek \u00d6zlem Sezer, dizinin Eyvah, G\u00f6lgeler De\u011fi\u015fiyor! adl\u0131 ikinci kitab\u0131nda esprili ve uyakl\u0131 dili, zekice kurgusuyla \u00e7ocuklar\u0131n dil ve hayal d\u00fcnyas\u0131n\u0131 zenginle\u015ftirmeye devam ediyor. <\/p>\n","protected":false},"excerpt":{"rendered":"<p>Sen hi\u00e7 g\u00f6lgeni kaybettin mi? Ya hi\u00e7 en yak\u0131n arkada\u015f\u0131nla k\u00fcst\u00fcn m\u00fc? Bu kitapta Karag\u00f6z ile Hacivat\u2019\u0131n ba\u015f\u0131na i\u015fte bunlar geliyor! Karag\u00f6z\u2019\u00fcn G\u00f6lgesini Kim \u00c7ald\u0131? kitab\u0131yla<span class=\"excerpt-hellip\"> [\u2026]<\/span><\/p>\n","protected":false},"featured_media":0,"template":"","meta":{"_monsterinsights_skip_tracking":false,"_monsterinsights_sitenote_active":false,"_monsterinsights_sitenote_note":"","_monsterinsights_sitenote_category":0},"product_brand":[],"product_cat":[12274,12284],"product_tag":[],"class_list":{"0":"post-704560","1":"product","2":"type-product","3":"status-publish","5":"product_cat-cocuk-ve-genclik-kitaplari","6":"product_cat-hikayeler","7":"pa_cilt-ciltsiz","8":"pa_tur-kitap","9":"pa_yayinevi-can-cocuk-yayinlari","10":"pa_yazar-melek-ozlem-sezer","12":"first","13":"instock","14":"sale","15":"shipping-taxable","16":"purchasable","17":"product-type-simple"},"_links":{"self":[{"href":"https:\/\/roveyayinevi.com.tr\/index.php\/wp-json\/wp\/v2\/product\/704560","targetHints":{"allow":["GET"]}}],"collection":[{"href":"https:\/\/roveyayinevi.com.tr\/index.php\/wp-json\/wp\/v2\/product"}],"about":[{"href":"https:\/\/roveyayinevi.com.tr\/index.php\/wp-json\/wp\/v2\/types\/product"}],"wp:attachment":[{"href":"https:\/\/roveyayinevi.com.tr\/index.php\/wp-json\/wp\/v2\/media?parent=704560"}],"wp:term":[{"taxonomy":"product_brand","embeddable":true,"href":"https:\/\/roveyayinevi.com.tr\/index.php\/wp-json\/wp\/v2\/product_brand?post=704560"},{"taxonomy":"product_cat","embeddable":true,"href":"https:\/\/roveyayinevi.com.tr\/index.php\/wp-json\/wp\/v2\/product_cat?post=704560"},{"taxonomy":"product_tag","embeddable":true,"href":"https:\/\/roveyayinevi.com.tr\/index.php\/wp-json\/wp\/v2\/product_tag?post=704560"}],"curies":[{"name":"wp","href":"https:\/\/api.w.org\/{rel}","templated":true}]}}