{"id":704558,"date":"2025-08-27T15:36:42","date_gmt":"2025-08-27T12:36:42","guid":{"rendered":"https:\/\/roveyayinevi.com.tr\/index.php\/urun\/hazin-savas-1914-1918\/"},"modified":"2026-04-16T02:13:30","modified_gmt":"2026-04-15T23:13:30","slug":"hazin-savas-1914-1918","status":"publish","type":"product","link":"https:\/\/roveyayinevi.com.tr\/index.php\/urun\/hazin-savas-1914-1918\/","title":{"rendered":"Hazin Sava\u015f 1914-1918"},"content":{"rendered":"<p>The Times&#8217;\u0131n &#8220;ku\u015fa\u011f\u0131n\u0131n en parlak tarih\u00e7isi&#8221; olarak tan\u0131mlad\u0131\u011f\u0131 Niall Ferguson&#8217;a g\u00f6re sava\u015f her \u015feyden \u00f6nce korkun\u00e7tu, yan\u0131 s\u0131ra da ka\u00e7\u0131n\u0131lmazd\u0131. Tiyatronun bize \u00f6\u011fretti\u011fi trajediden daha fazlas\u0131yd\u0131 ve asl\u0131nda do\u011frudan modern tarihin &#8220;hata&#8221;s\u0131yd\u0131. Bir asker, sava\u015f\u0131 &#8220;Avrupa&#8217;daki t\u00fcm \u0131\u015f\u0131klar\u0131n s\u00f6n\u00fc\u015f\u00fc&#8221; olarak nitelendirmi\u015fti. 8 milyondan fazla insan bu sava\u015fta hayat\u0131n\u0131 kaybetti.Ferguson, Hazin Sava\u015f&#8217;la, Birinci D\u00fcnya Sava\u015f\u0131&#8217;na geleneksel ve b\u00fcy\u00fck oranda kendi cephelerinden bakan askeri tarih\u00e7ilerin ve iktisat tarih\u00e7ilerinin yakla\u015f\u0131m\u0131n\u0131 birle\u015ftirmeyi hedefliyor ve bunu ba\u015far\u0131yor. &#8220;Militarizm, emperyalizm ve silahlanma yar\u0131\u015f\u0131 nedeniyle sava\u015f ka\u00e7\u0131n\u0131lmaz m\u0131yd\u0131?&#8221;, &#8220;Almanlar sava\u015f kumar\u0131na ni\u00e7in girdi?&#8221;, &#8220;Sava\u015f sahiden de halk taraf\u0131ndan co\u015fkuyla kar\u015f\u0131land\u0131 m\u0131?&#8221;, &#8220;Cephede \u015fartlar bu kadar kah\u0131rl\u0131yken insanlar sava\u015fmaya neden h\u00e2l\u00e2 devam etti?&#8221; Ferguson&#8217;un Hazin Sava\u015f&#8217;ta yan\u0131tlamaya \u00e7al\u0131\u015ft\u0131\u011f\u0131 on temel sorudan baz\u0131lar\u0131 bunlar. En \u00f6nemli ve sonuncu soru ise sizi bu kitab\u0131 okumaya davet ediyor: &#8220;Bar\u0131\u015f\u0131 kim kazand\u0131, daha kesin bir ifadeyle, sonunda sava\u015f\u0131n bedelini kim \u00f6dedi?&#8221;&#8221;Bug\u00fcne kadar yap\u0131lm\u0131\u015f en ilgi \u00e7ekici ve k\u0131\u015fk\u0131rt\u0131c\u0131 Birinci D\u00fcnya Sava\u015f\u0131 analizi&#8221;- Ian Kershaw&#8221;Dahice ve ufuk a\u00e7\u0131c\u0131\u2026 esasl\u0131, okunmaya de\u011fer ve inand\u0131r\u0131c\u0131&#8221;- The Times&#8221;Muhtemelen y\u0131llardan beri Birinci D\u00fcnya Sava\u015f\u0131&#8217;n\u0131n k\u00f6kenlerini g\u00f6steren en \u00f6nemli kitap&#8230; Ferguson emin ad\u0131mlarla A. J. P. Taylor&#8217;un miras\u0131n\u0131 devralmay\u0131 iddia edebilir.&#8221;- Paul Kennedy, New York Review of Books <\/p>\n","protected":false},"excerpt":{"rendered":"<p>The Times&#8217;\u0131n &#8220;ku\u015fa\u011f\u0131n\u0131n en parlak tarih\u00e7isi&#8221; olarak tan\u0131mlad\u0131\u011f\u0131 Niall Ferguson&#8217;a g\u00f6re sava\u015f her \u015feyden \u00f6nce korkun\u00e7tu, yan\u0131 s\u0131ra da ka\u00e7\u0131n\u0131lmazd\u0131. Tiyatronun bize \u00f6\u011fretti\u011fi trajediden daha fazlas\u0131yd\u0131<span class=\"excerpt-hellip\"> [\u2026]<\/span><\/p>\n","protected":false},"featured_media":0,"template":"","meta":{"_monsterinsights_skip_tracking":false,"_monsterinsights_sitenote_active":false,"_monsterinsights_sitenote_note":"","_monsterinsights_sitenote_category":0},"product_brand":[],"product_cat":[13527,14356],"product_tag":[],"class_list":{"0":"post-704558","1":"product","2":"type-product","3":"status-publish","5":"product_cat-sureli-yayinlar","6":"product_cat-tarih-sureli-yayinlar","7":"pa_cilt-ciltsiz","8":"pa_tur-kitap","9":"pa_yayinevi-yapi-kredi-yayinlari","10":"pa_yazar-niall-ferguson","12":"first","13":"instock","14":"sale","15":"shipping-taxable","16":"purchasable","17":"product-type-simple"},"_links":{"self":[{"href":"https:\/\/roveyayinevi.com.tr\/index.php\/wp-json\/wp\/v2\/product\/704558","targetHints":{"allow":["GET"]}}],"collection":[{"href":"https:\/\/roveyayinevi.com.tr\/index.php\/wp-json\/wp\/v2\/product"}],"about":[{"href":"https:\/\/roveyayinevi.com.tr\/index.php\/wp-json\/wp\/v2\/types\/product"}],"wp:attachment":[{"href":"https:\/\/roveyayinevi.com.tr\/index.php\/wp-json\/wp\/v2\/media?parent=704558"}],"wp:term":[{"taxonomy":"product_brand","embeddable":true,"href":"https:\/\/roveyayinevi.com.tr\/index.php\/wp-json\/wp\/v2\/product_brand?post=704558"},{"taxonomy":"product_cat","embeddable":true,"href":"https:\/\/roveyayinevi.com.tr\/index.php\/wp-json\/wp\/v2\/product_cat?post=704558"},{"taxonomy":"product_tag","embeddable":true,"href":"https:\/\/roveyayinevi.com.tr\/index.php\/wp-json\/wp\/v2\/product_tag?post=704558"}],"curies":[{"name":"wp","href":"https:\/\/api.w.org\/{rel}","templated":true}]}}