{"id":704557,"date":"2025-08-27T15:36:42","date_gmt":"2025-08-27T12:36:42","guid":{"rendered":"https:\/\/roveyayinevi.com.tr\/index.php\/urun\/aglama-anne\/"},"modified":"2026-04-16T02:13:30","modified_gmt":"2026-04-15T23:13:30","slug":"aglama-anne","status":"publish","type":"product","link":"https:\/\/roveyayinevi.com.tr\/index.php\/urun\/aglama-anne\/","title":{"rendered":"A\u011flama Anne"},"content":{"rendered":"<p>Bu kitab\u0131 yazarken kendimden \u00e7\u0131kt\u0131m yola; ya\u015fad\u0131klar\u0131m\u0131, hislerimi, hi\u00e7bir zaman kaybetmemem gerekti\u011fine olan inanc\u0131m\u0131 ge\u00e7irdim akl\u0131mdan. Sonra mesle\u011fimi, \u00e7evremdeki engellileri ve ailelerini, bu s\u00fcre\u00e7te kar\u015f\u0131la\u015ft\u0131\u011f\u0131m olaylar\u0131; toplumun engellilere y\u00f6nelik \u00f6nyarg\u0131lar\u0131n\u0131, \u00e7o\u011fu olumsuz bak\u0131\u015f a\u00e7\u0131lar\u0131n\u0131 d\u00fc\u015f\u00fcnd\u00fcm. En \u00e7ok da y\u00fcre\u011fi yanan, a\u011flayan anneleri, babalar\u0131 ve \u00e7ocuklar\u0131n g\u00fclen g\u00f6zlerini\u2026\u015eule \u00d6zcan kendi deneyimlerini anlat\u0131yor bu kitapta. Ya\u015fad\u0131klar\u0131n\u0131 payla\u015fmakla kalm\u0131yor, engelli bir \u00e7ocu\u011fa sahip olan ailelere \u201c\u00d6nce kabul edebilmekle ba\u015flar her \u015fey\u2026\u201d diyor. Sonra s\u0131rayla anlat\u0131yor ne yap\u0131lmal\u0131, nas\u0131l hareket edilmeli\u2026 Engelleri a\u015fman\u0131n yolunu g\u00f6steriyor okuyucuya\u2026Kitap ismiyle b\u00fct\u00fcnle\u015fiyor ve \u201cA\u011flama Anne\u201d diyor her bir sayfada\u2026 <\/p>\n","protected":false},"excerpt":{"rendered":"<p>Bu kitab\u0131 yazarken kendimden \u00e7\u0131kt\u0131m yola; ya\u015fad\u0131klar\u0131m\u0131, hislerimi, hi\u00e7bir zaman kaybetmemem gerekti\u011fine olan inanc\u0131m\u0131 ge\u00e7irdim akl\u0131mdan. Sonra mesle\u011fimi, \u00e7evremdeki engellileri ve ailelerini, bu s\u00fcre\u00e7te kar\u015f\u0131la\u015ft\u0131\u011f\u0131m olaylar\u0131;<span class=\"excerpt-hellip\"> [\u2026]<\/span><\/p>\n","protected":false},"featured_media":0,"template":"","meta":{"_monsterinsights_skip_tracking":false,"_monsterinsights_sitenote_active":false,"_monsterinsights_sitenote_note":"","_monsterinsights_sitenote_category":0},"product_brand":[],"product_cat":[13701,12291],"product_tag":[],"class_list":{"0":"post-704557","1":"product","2":"type-product","3":"status-publish","5":"product_cat-ani-mektup-gunluk","6":"product_cat-edebiyat","7":"pa_cilt-ciltsiz","8":"pa_tur-kitap","9":"pa_yayinevi-izgoren-yayinlari","10":"pa_yazar-sule-ozcan","12":"first","13":"instock","14":"sale","15":"shipping-taxable","16":"purchasable","17":"product-type-simple"},"_links":{"self":[{"href":"https:\/\/roveyayinevi.com.tr\/index.php\/wp-json\/wp\/v2\/product\/704557","targetHints":{"allow":["GET"]}}],"collection":[{"href":"https:\/\/roveyayinevi.com.tr\/index.php\/wp-json\/wp\/v2\/product"}],"about":[{"href":"https:\/\/roveyayinevi.com.tr\/index.php\/wp-json\/wp\/v2\/types\/product"}],"wp:attachment":[{"href":"https:\/\/roveyayinevi.com.tr\/index.php\/wp-json\/wp\/v2\/media?parent=704557"}],"wp:term":[{"taxonomy":"product_brand","embeddable":true,"href":"https:\/\/roveyayinevi.com.tr\/index.php\/wp-json\/wp\/v2\/product_brand?post=704557"},{"taxonomy":"product_cat","embeddable":true,"href":"https:\/\/roveyayinevi.com.tr\/index.php\/wp-json\/wp\/v2\/product_cat?post=704557"},{"taxonomy":"product_tag","embeddable":true,"href":"https:\/\/roveyayinevi.com.tr\/index.php\/wp-json\/wp\/v2\/product_tag?post=704557"}],"curies":[{"name":"wp","href":"https:\/\/api.w.org\/{rel}","templated":true}]}}