{"id":704554,"date":"2025-08-27T15:36:40","date_gmt":"2025-08-27T12:36:40","guid":{"rendered":"https:\/\/roveyayinevi.com.tr\/index.php\/urun\/donusum-7\/"},"modified":"2026-04-16T02:13:30","modified_gmt":"2026-04-15T23:13:30","slug":"donusum-7","status":"publish","type":"product","link":"https:\/\/roveyayinevi.com.tr\/index.php\/urun\/donusum-7\/","title":{"rendered":"D\u00f6n\u00fc\u015f\u00fcm"},"content":{"rendered":"<p>Franz Kafka&#8217;n\u0131n 1915&#8217;te yay\u0131mlanan D\u00f6n\u00fc\u015f\u00fcm adl\u0131 \u00f6yk\u00fcs\u00fc, yazar\u0131n, anlat\u0131m sanat\u0131n\u0131n doru\u011funa ula\u015ft\u0131\u011f\u0131 bir eseridir. K\u00fc\u00e7\u00fck burjuva \u00e7evrelerindeki yozla\u015fm\u0131\u015f aile ili\u015fkilerini en ince ayr\u0131nt\u0131lar\u0131na kadar irdeleyen bu uzun \u00f6yk\u00fc, ayn\u0131 zamanda toplumun dayatt\u0131\u011f\u0131, i\u015flevini \u00e7oktan yitirmi\u015f kal\u0131plara bilin\u00e7 d\u00fczeyinde ba\u015fkald\u0131ran bireyin tragedyas\u0131n\u0131 \u00e7arp\u0131c\u0131 bir bi\u00e7imde dile getirir.Kitab\u0131n De\u011fi\u015fim olarak bilinen ad\u0131n\u0131n ger\u00e7ekte D\u00f6n\u00fc\u015f\u00fcm oldu\u011fu, ifadesini Ahmet Cemal&#8217;in a\u00e7\u0131klamas\u0131nda bulur: &#8220;Gregor Samsa&#8217;n\u0131n bir sabah kendini yata\u011f\u0131nda bir b\u00f6cek olarak bulmas\u0131, salt bir de\u011fi\u015fim de\u011fil fakat &#8216;ba\u015fkala\u015f\u0131m&#8217;d\u0131r O, insanl\u0131\u011f\u0131n\u0131 koruyarak baz\u0131 de\u011fi\u015fiklikler ge\u00e7irmemi\u015ftir; art\u0131k farkl\u0131 bir canl\u0131 t\u00fcr\u00fc olmu\u015ftur.&#8221;Bu a\u00e7\u0131klama, Kafka&#8217;n\u0131n eserini tan\u0131mlarken kulland\u0131\u011f\u0131 ifadeyle de \u00f6rt\u00fc\u015f\u00fcr: &#8220;Herkes, beraberinde ta\u015f\u0131d\u0131\u011f\u0131 bir parmakl\u0131\u011f\u0131n ard\u0131nda ya\u015f\u0131yor. \u015eimdi hayvanlarla ilgili bunca \u015fey yaz\u0131lmas\u0131n\u0131n nedeni de bu. \u00d6zg\u00fcr ve do\u011fal bir ya\u015fama duyulan \u00f6zlemin ifadesi. Oysa insanlar i\u00e7in do\u011fal ya\u015fam, insanca ya\u015famd\u0131r. Ama bunu anlam\u0131yorlar. Anlamak istemiyorlar. \u0130nsan gibi ya\u015famak \u00e7ok g\u00fc\u00e7, o nedenle hi\u00e7 olmazsa kurgusal d\u00fczeyde bundan kurtulma iste\u011fi var&#8230; Hayvana geri d\u00f6n\u00fcl\u00fcyor. B\u00f6ylesi, insanca ya\u015famaktan \u00e7ok daha kolay.&#8221; <\/p>\n","protected":false},"excerpt":{"rendered":"<p>Franz Kafka&#8217;n\u0131n 1915&#8217;te yay\u0131mlanan D\u00f6n\u00fc\u015f\u00fcm adl\u0131 \u00f6yk\u00fcs\u00fc, yazar\u0131n, anlat\u0131m sanat\u0131n\u0131n doru\u011funa ula\u015ft\u0131\u011f\u0131 bir eseridir. K\u00fc\u00e7\u00fck burjuva \u00e7evrelerindeki yozla\u015fm\u0131\u015f aile ili\u015fkilerini en ince ayr\u0131nt\u0131lar\u0131na kadar irdeleyen bu<span class=\"excerpt-hellip\"> [\u2026]<\/span><\/p>\n","protected":false},"featured_media":0,"template":"","meta":{"_monsterinsights_skip_tracking":false,"_monsterinsights_sitenote_active":false,"_monsterinsights_sitenote_note":"","_monsterinsights_sitenote_category":0},"product_brand":[],"product_cat":[12291,13872],"product_tag":[],"class_list":{"0":"post-704554","1":"product","2":"type-product","3":"status-publish","5":"product_cat-edebiyat","6":"product_cat-klasikler","7":"pa_cilt-ciltsiz","8":"pa_tur-kitap","9":"pa_yayinevi-can-yayinlari","10":"pa_yazar-franz-kafka","12":"first","13":"instock","14":"sale","15":"shipping-taxable","16":"purchasable","17":"product-type-simple"},"_links":{"self":[{"href":"https:\/\/roveyayinevi.com.tr\/index.php\/wp-json\/wp\/v2\/product\/704554","targetHints":{"allow":["GET"]}}],"collection":[{"href":"https:\/\/roveyayinevi.com.tr\/index.php\/wp-json\/wp\/v2\/product"}],"about":[{"href":"https:\/\/roveyayinevi.com.tr\/index.php\/wp-json\/wp\/v2\/types\/product"}],"wp:attachment":[{"href":"https:\/\/roveyayinevi.com.tr\/index.php\/wp-json\/wp\/v2\/media?parent=704554"}],"wp:term":[{"taxonomy":"product_brand","embeddable":true,"href":"https:\/\/roveyayinevi.com.tr\/index.php\/wp-json\/wp\/v2\/product_brand?post=704554"},{"taxonomy":"product_cat","embeddable":true,"href":"https:\/\/roveyayinevi.com.tr\/index.php\/wp-json\/wp\/v2\/product_cat?post=704554"},{"taxonomy":"product_tag","embeddable":true,"href":"https:\/\/roveyayinevi.com.tr\/index.php\/wp-json\/wp\/v2\/product_tag?post=704554"}],"curies":[{"name":"wp","href":"https:\/\/api.w.org\/{rel}","templated":true}]}}