{"id":704553,"date":"2025-08-27T15:36:40","date_gmt":"2025-08-27T12:36:40","guid":{"rendered":"https:\/\/roveyayinevi.com.tr\/index.php\/urun\/gokdelen-2\/"},"modified":"2026-04-16T02:13:30","modified_gmt":"2026-04-15T23:13:30","slug":"gokdelen-2","status":"publish","type":"product","link":"https:\/\/roveyayinevi.com.tr\/index.php\/urun\/gokdelen-2\/","title":{"rendered":"G\u00f6kdelen"},"content":{"rendered":"<p>Her \u015feyin kontrol alt\u0131nda olmas\u0131n\u0131n de\u011fi\u015fmez kural oldu\u011fu modern d\u00fcnyada, kontrol mekanizmas\u0131 bozulursa birden, modern insandan geriye ne kal\u0131r? D\u0131\u015f d\u00fcnyadan izole, sakinlerinin t\u00fcm ihtiya\u00e7lar\u0131n\u0131 d\u0131\u015far\u0131 \u00e7\u0131kmadan giderebilecekleri bir sisteme sahip, upuzun g\u00f6kdelenlerden olu\u015fan dev bir site d\u0131\u015far\u0131dan nas\u0131l g\u00f6r\u00fcn\u00fcr? Gazete ve televizyonlardaki l\u00fcks site reklamlar\u0131 gibi mi? G\u00fcvenli? S\u0131cak? Zengin? Huzurlu? G\u00f6kdelen in hik\u00e2yesi tam da b\u00f6yle bir d\u00fcnyada ba\u015fl\u0131yor. \ufffcTan\u0131t\u0131m Metni<\/p>\n","protected":false},"excerpt":{"rendered":"<p>Her \u015feyin kontrol alt\u0131nda olmas\u0131n\u0131n de\u011fi\u015fmez kural oldu\u011fu modern d\u00fcnyada, kontrol mekanizmas\u0131 bozulursa birden, modern insandan geriye ne kal\u0131r? D\u0131\u015f d\u00fcnyadan izole, sakinlerinin t\u00fcm ihtiya\u00e7lar\u0131n\u0131 d\u0131\u015far\u0131<span class=\"excerpt-hellip\"> [\u2026]<\/span><\/p>\n","protected":false},"featured_media":0,"template":"","meta":{"_monsterinsights_skip_tracking":false,"_monsterinsights_sitenote_active":false,"_monsterinsights_sitenote_note":"","_monsterinsights_sitenote_category":0},"product_brand":[],"product_cat":[12291,12866],"product_tag":[],"class_list":{"0":"post-704553","1":"product","2":"type-product","3":"status-publish","5":"product_cat-edebiyat","6":"product_cat-ingiliz-edebiyati","7":"pa_cilt-ciltsiz","8":"pa_tur-kitap","9":"pa_yayinevi-sel-yayincilik","10":"pa_yazar-james-graham-ballard","12":"first","13":"instock","14":"sale","15":"shipping-taxable","16":"purchasable","17":"product-type-simple"},"_links":{"self":[{"href":"https:\/\/roveyayinevi.com.tr\/index.php\/wp-json\/wp\/v2\/product\/704553","targetHints":{"allow":["GET"]}}],"collection":[{"href":"https:\/\/roveyayinevi.com.tr\/index.php\/wp-json\/wp\/v2\/product"}],"about":[{"href":"https:\/\/roveyayinevi.com.tr\/index.php\/wp-json\/wp\/v2\/types\/product"}],"wp:attachment":[{"href":"https:\/\/roveyayinevi.com.tr\/index.php\/wp-json\/wp\/v2\/media?parent=704553"}],"wp:term":[{"taxonomy":"product_brand","embeddable":true,"href":"https:\/\/roveyayinevi.com.tr\/index.php\/wp-json\/wp\/v2\/product_brand?post=704553"},{"taxonomy":"product_cat","embeddable":true,"href":"https:\/\/roveyayinevi.com.tr\/index.php\/wp-json\/wp\/v2\/product_cat?post=704553"},{"taxonomy":"product_tag","embeddable":true,"href":"https:\/\/roveyayinevi.com.tr\/index.php\/wp-json\/wp\/v2\/product_tag?post=704553"}],"curies":[{"name":"wp","href":"https:\/\/api.w.org\/{rel}","templated":true}]}}