{"id":704551,"date":"2025-08-27T15:36:39","date_gmt":"2025-08-27T12:36:39","guid":{"rendered":"https:\/\/roveyayinevi.com.tr\/index.php\/urun\/ramazanname\/"},"modified":"2026-04-16T02:13:30","modified_gmt":"2026-04-15T23:13:30","slug":"ramazanname","status":"publish","type":"product","link":"https:\/\/roveyayinevi.com.tr\/index.php\/urun\/ramazanname\/","title":{"rendered":"Ramazanname"},"content":{"rendered":"<p>Ortak bir zaman\u0131n i\u00e7indeyiz seninle.Ayn\u0131 g\u00fcndo\u011fumunun, ayn\u0131 g\u00fcnbat\u0131m\u0131n\u0131n tela\u015f\u0131yla p\u0131r p\u0131r y\u00fcreklerimiz.Ayn\u0131 saatlerde i\u00e7imiz eziliyor yava\u015f yava\u015f.Ayn\u0131 saatlerde \u2018\u2019Rabbim iyilikle terbiye eder bizi\u2019\u2019 diye dua ediyoruz.Sen ve ben. Sen ve ben bile fazla\u2026 Benli\u011fimiz eriyip gidiyor.Susan a\u011f\u0131z oluyoruz. Duymayan kulak.\u0130drakimiz sadece vaktin kutsall\u0131\u011f\u0131na gark oluyor.Vaktimiz kutsal.B\u00fct\u00fcn pi\u015fmanl\u0131klardan azade olsun istiyoruz d\u00fc\u015f\u00fcncemiz.Her \u015fey ard\u0131m\u0131zda kalacak.Ard\u0131m\u0131zda kalacaklar\u0131n y\u00fck\u00fcnden kurtulsak diyoruz. Bir an \u00f6nce kurtulsak. Sadece yan\u0131m\u0131zda g\u00f6t\u00fcreceklerimizintela\u015f\u0131yla ge\u00e7se b\u00fct\u00fcn vakitler\u2026Karde\u015fim diyorum.Nefesi g\u00fcl kokan karde\u015fim.Sen g\u00fczelle\u015ftik\u00e7e bak ben de nas\u0131l g\u00fczelle\u015fiyorum.Sendeki g\u00f6r\u00fcnt\u00fcm ne g\u00fczel!Senin bendeki g\u00f6r\u00fcnt\u00fcn kadar\u2026<\/p>\n","protected":false},"excerpt":{"rendered":"<p>Ortak bir zaman\u0131n i\u00e7indeyiz seninle.Ayn\u0131 g\u00fcndo\u011fumunun, ayn\u0131 g\u00fcnbat\u0131m\u0131n\u0131n tela\u015f\u0131yla p\u0131r p\u0131r y\u00fcreklerimiz.Ayn\u0131 saatlerde i\u00e7imiz eziliyor yava\u015f yava\u015f.Ayn\u0131 saatlerde \u2018\u2019Rabbim iyilikle terbiye eder bizi\u2019\u2019 diye dua ediyoruz.Sen<span class=\"excerpt-hellip\"> [\u2026]<\/span><\/p>\n","protected":false},"featured_media":0,"template":"","meta":{"_monsterinsights_skip_tracking":false,"_monsterinsights_sitenote_active":false,"_monsterinsights_sitenote_note":"","_monsterinsights_sitenote_category":0},"product_brand":[],"product_cat":[12777,12291],"product_tag":[],"class_list":{"0":"post-704551","1":"product","2":"type-product","3":"status-publish","5":"product_cat-deneme","6":"product_cat-edebiyat","7":"pa_cilt-ciltsiz","8":"pa_tur-kitap","9":"pa_yayinevi-profil-kitap","10":"pa_yazar-fatma-barbarosoglu","12":"first","13":"instock","14":"sale","15":"shipping-taxable","16":"purchasable","17":"product-type-simple"},"_links":{"self":[{"href":"https:\/\/roveyayinevi.com.tr\/index.php\/wp-json\/wp\/v2\/product\/704551","targetHints":{"allow":["GET"]}}],"collection":[{"href":"https:\/\/roveyayinevi.com.tr\/index.php\/wp-json\/wp\/v2\/product"}],"about":[{"href":"https:\/\/roveyayinevi.com.tr\/index.php\/wp-json\/wp\/v2\/types\/product"}],"wp:attachment":[{"href":"https:\/\/roveyayinevi.com.tr\/index.php\/wp-json\/wp\/v2\/media?parent=704551"}],"wp:term":[{"taxonomy":"product_brand","embeddable":true,"href":"https:\/\/roveyayinevi.com.tr\/index.php\/wp-json\/wp\/v2\/product_brand?post=704551"},{"taxonomy":"product_cat","embeddable":true,"href":"https:\/\/roveyayinevi.com.tr\/index.php\/wp-json\/wp\/v2\/product_cat?post=704551"},{"taxonomy":"product_tag","embeddable":true,"href":"https:\/\/roveyayinevi.com.tr\/index.php\/wp-json\/wp\/v2\/product_tag?post=704551"}],"curies":[{"name":"wp","href":"https:\/\/api.w.org\/{rel}","templated":true}]}}