{"id":704546,"date":"2025-08-27T15:36:37","date_gmt":"2025-08-27T12:36:37","guid":{"rendered":"https:\/\/roveyayinevi.com.tr\/index.php\/urun\/iblis-kralin-opucugu\/"},"modified":"2026-04-16T02:13:29","modified_gmt":"2026-04-15T23:13:29","slug":"iblis-kralin-opucugu","status":"publish","type":"product","link":"https:\/\/roveyayinevi.com.tr\/index.php\/urun\/iblis-kralin-opucugu\/","title":{"rendered":"\u0130blis Kral\u2019\u0131n \u00d6p\u00fcc\u00fc\u011f\u00fc"},"content":{"rendered":"<p>Bir \u00d6p\u00fcc\u00fckle Krali\u00e7esi Olaca\u011f\u0131n\u0131 Anlam\u0131\u015ft\u0131! <\/p>\n","protected":false},"excerpt":{"rendered":"<p>Bir \u00d6p\u00fcc\u00fckle Krali\u00e7esi Olaca\u011f\u0131n\u0131 Anlam\u0131\u015ft\u0131!<\/p>\n","protected":false},"featured_media":0,"template":"","meta":{"_monsterinsights_skip_tracking":false,"_monsterinsights_sitenote_active":false,"_monsterinsights_sitenote_note":"","_monsterinsights_sitenote_category":0},"product_brand":[],"product_cat":[12291,12711],"product_tag":[],"class_list":{"0":"post-704546","1":"product","2":"type-product","3":"status-publish","5":"product_cat-edebiyat","6":"product_cat-roman-oyku","7":"pa_tur-kitap","8":"pa_yayinevi-pegasus-yayinlari","9":"pa_yazar-kresley-cole","11":"first","12":"instock","13":"sale","14":"shipping-taxable","15":"purchasable","16":"product-type-simple"},"_links":{"self":[{"href":"https:\/\/roveyayinevi.com.tr\/index.php\/wp-json\/wp\/v2\/product\/704546","targetHints":{"allow":["GET"]}}],"collection":[{"href":"https:\/\/roveyayinevi.com.tr\/index.php\/wp-json\/wp\/v2\/product"}],"about":[{"href":"https:\/\/roveyayinevi.com.tr\/index.php\/wp-json\/wp\/v2\/types\/product"}],"wp:attachment":[{"href":"https:\/\/roveyayinevi.com.tr\/index.php\/wp-json\/wp\/v2\/media?parent=704546"}],"wp:term":[{"taxonomy":"product_brand","embeddable":true,"href":"https:\/\/roveyayinevi.com.tr\/index.php\/wp-json\/wp\/v2\/product_brand?post=704546"},{"taxonomy":"product_cat","embeddable":true,"href":"https:\/\/roveyayinevi.com.tr\/index.php\/wp-json\/wp\/v2\/product_cat?post=704546"},{"taxonomy":"product_tag","embeddable":true,"href":"https:\/\/roveyayinevi.com.tr\/index.php\/wp-json\/wp\/v2\/product_tag?post=704546"}],"curies":[{"name":"wp","href":"https:\/\/api.w.org\/{rel}","templated":true}]}}