{"id":704541,"date":"2025-08-27T15:36:35","date_gmt":"2025-08-27T12:36:35","guid":{"rendered":"https:\/\/roveyayinevi.com.tr\/index.php\/urun\/daldaki-kedinin-mavi-masallari-kugularin-turkusu\/"},"modified":"2026-04-16T02:13:29","modified_gmt":"2026-04-15T23:13:29","slug":"daldaki-kedinin-mavi-masallari-kugularin-turkusu","status":"publish","type":"product","link":"https:\/\/roveyayinevi.com.tr\/index.php\/urun\/daldaki-kedinin-mavi-masallari-kugularin-turkusu\/","title":{"rendered":"Daldaki Kedinin Mavi Masallar\u0131 (Ku\u011fular\u0131n T\u00fcrk\u00fcs\u00fc)"},"content":{"rendered":"<p>Yirminci y\u00fczy\u0131l\u0131n en \u00fcnl\u00fc \u00f6yk\u00fcc\u00fclerinden Marcel Aym\u00e9nin d\u00fcnya \u00e7ocuk edebiyat\u0131nda apayr\u0131 bir yeri vard\u0131r. Daldaki Kedinin Mavi Masallar\u0131 ve Daldaki Kedinin K\u0131rm\u0131z\u0131 Masallarnda toplanan \u00f6yk\u00fclerinde k\u00fc\u00e7\u00fck bir \u00e7iftlikte ya\u015fayan iki k\u00fc\u00e7\u00fck k\u0131zkarde\u015fin: Delfin ile Marinetin g\u00fcnl\u00fck ya\u015famlar\u0131n\u0131 anlat\u0131r. K\u00fc\u00e7\u00fck k\u0131zlar\u0131n ya\u015fad\u0131klar\u0131 olaylar s\u0131radan olaylar, kar\u015f\u0131la\u015ft\u0131klar\u0131 sorunlar s\u0131radan sorunlard\u0131r. Ama ya\u015famlar\u0131na her birinin kendine g\u00f6re d\u00fc\u015f\u00fcnceleri ve becerileri olan, \u00fcstelik insanlar gibi konu\u015fan, tart\u0131\u015fan, gerekince ola\u011fan\u00fcst\u00fc i\u015fler de ba\u015faran tavuklar, horozlar, tavus ku\u015flar\u0131, kediler, k\u00f6pekler, kurtlar, tilkiler de kar\u0131\u015f\u0131nca, hem \u00e7ok ilgin\u00e7, hem \u00e7ok e\u011flenceli bir masal d\u00fcnyas\u0131 a\u00e7\u0131l\u0131r \u00f6nlerinde. Marcel Aym\u00e9 de bunlar\u0131 \u00f6yle g\u00fczel anlat\u0131r ki, biz de aralar\u0131na kat\u0131l\u0131r, ilgin\u00e7 ser\u00fcvenlerini onlarla birlikte ya\u015far\u0131z. \ufffcTan\u0131t\u0131m Metni<\/p>\n","protected":false},"excerpt":{"rendered":"<p>Yirminci y\u00fczy\u0131l\u0131n en \u00fcnl\u00fc \u00f6yk\u00fcc\u00fclerinden Marcel Aym\u00e9nin d\u00fcnya \u00e7ocuk edebiyat\u0131nda apayr\u0131 bir yeri vard\u0131r. Daldaki Kedinin Mavi Masallar\u0131 ve Daldaki Kedinin K\u0131rm\u0131z\u0131 Masallarnda toplanan \u00f6yk\u00fclerinde k\u00fc\u00e7\u00fck<span class=\"excerpt-hellip\"> [\u2026]<\/span><\/p>\n","protected":false},"featured_media":0,"template":"","meta":{"_monsterinsights_skip_tracking":false,"_monsterinsights_sitenote_active":false,"_monsterinsights_sitenote_note":"","_monsterinsights_sitenote_category":0},"product_brand":[],"product_cat":[12274,12523],"product_tag":[],"class_list":{"0":"post-704541","1":"product","2":"type-product","3":"status-publish","5":"product_cat-cocuk-ve-genclik-kitaplari","6":"product_cat-masallar","7":"pa_cilt-ciltsiz","8":"pa_tur-kitap","9":"pa_yayinevi-can-cocuk-yayinlari","10":"pa_yazar-marcel-ayme","12":"first","13":"instock","14":"sale","15":"shipping-taxable","16":"purchasable","17":"product-type-simple"},"_links":{"self":[{"href":"https:\/\/roveyayinevi.com.tr\/index.php\/wp-json\/wp\/v2\/product\/704541","targetHints":{"allow":["GET"]}}],"collection":[{"href":"https:\/\/roveyayinevi.com.tr\/index.php\/wp-json\/wp\/v2\/product"}],"about":[{"href":"https:\/\/roveyayinevi.com.tr\/index.php\/wp-json\/wp\/v2\/types\/product"}],"wp:attachment":[{"href":"https:\/\/roveyayinevi.com.tr\/index.php\/wp-json\/wp\/v2\/media?parent=704541"}],"wp:term":[{"taxonomy":"product_brand","embeddable":true,"href":"https:\/\/roveyayinevi.com.tr\/index.php\/wp-json\/wp\/v2\/product_brand?post=704541"},{"taxonomy":"product_cat","embeddable":true,"href":"https:\/\/roveyayinevi.com.tr\/index.php\/wp-json\/wp\/v2\/product_cat?post=704541"},{"taxonomy":"product_tag","embeddable":true,"href":"https:\/\/roveyayinevi.com.tr\/index.php\/wp-json\/wp\/v2\/product_tag?post=704541"}],"curies":[{"name":"wp","href":"https:\/\/api.w.org\/{rel}","templated":true}]}}