{"id":704540,"date":"2025-08-27T15:36:35","date_gmt":"2025-08-27T12:36:35","guid":{"rendered":"https:\/\/roveyayinevi.com.tr\/index.php\/urun\/babamin-gozleri-kedi-gozleri\/"},"modified":"2026-04-16T02:13:29","modified_gmt":"2026-04-15T23:13:29","slug":"babamin-gozleri-kedi-gozleri","status":"publish","type":"product","link":"https:\/\/roveyayinevi.com.tr\/index.php\/urun\/babamin-gozleri-kedi-gozleri\/","title":{"rendered":"Babam\u0131n G\u00f6zleri Kedi G\u00f6zleri"},"content":{"rendered":"<p>Bug\u00fcn annem, ilk kez, ben sormadan, babamdan s\u00f6z etti. Do\u011fum g\u00fcn\u00fcmden konu\u015fuyorduk. \u0130ki g\u00fcn sonra do\u011fum g\u00fcn\u00fcm. Annem, babam\u0131n da do\u011fum g\u00fcn\u00fcme gelebilece\u011finden \u00fcst\u00fc kapal\u0131 s\u00f6z etti. Nereden biliyor? Demek benden gizli g\u00f6r\u00fc\u015f\u00fcyorlar. Ben de annemden gizli, babamla mektupla\u015f\u0131yorum. Ama \u00fc\u00e7\u00fcm\u00fcz bir araya gelemiyoruz. Tuhaf bir bilmece. Babam do\u011fum g\u00fcn\u00fcme gelirse sevin\u00e7ten \u00e7\u0131ld\u0131r\u0131r\u0131m. Boynuna sar\u0131l\u0131r, asla gitmesine izin vermem. <\/p>\n","protected":false},"excerpt":{"rendered":"<p>Bug\u00fcn annem, ilk kez, ben sormadan, babamdan s\u00f6z etti. Do\u011fum g\u00fcn\u00fcmden konu\u015fuyorduk. \u0130ki g\u00fcn sonra do\u011fum g\u00fcn\u00fcm. Annem, babam\u0131n da do\u011fum g\u00fcn\u00fcme gelebilece\u011finden \u00fcst\u00fc kapal\u0131 s\u00f6z<span class=\"excerpt-hellip\"> [\u2026]<\/span><\/p>\n","protected":false},"featured_media":0,"template":"","meta":{"_monsterinsights_skip_tracking":false,"_monsterinsights_sitenote_active":false,"_monsterinsights_sitenote_note":"","_monsterinsights_sitenote_category":0},"product_brand":[],"product_cat":[12274,12284],"product_tag":[],"class_list":{"0":"post-704540","1":"product","2":"type-product","3":"status-publish","5":"product_cat-cocuk-ve-genclik-kitaplari","6":"product_cat-hikayeler","7":"pa_cilt-ciltsiz","8":"pa_tur-kitap","9":"pa_yayinevi-can-cocuk-yayinlari","10":"pa_yazar-sevim-ak","12":"first","13":"instock","14":"sale","15":"shipping-taxable","16":"purchasable","17":"product-type-simple"},"_links":{"self":[{"href":"https:\/\/roveyayinevi.com.tr\/index.php\/wp-json\/wp\/v2\/product\/704540","targetHints":{"allow":["GET"]}}],"collection":[{"href":"https:\/\/roveyayinevi.com.tr\/index.php\/wp-json\/wp\/v2\/product"}],"about":[{"href":"https:\/\/roveyayinevi.com.tr\/index.php\/wp-json\/wp\/v2\/types\/product"}],"wp:attachment":[{"href":"https:\/\/roveyayinevi.com.tr\/index.php\/wp-json\/wp\/v2\/media?parent=704540"}],"wp:term":[{"taxonomy":"product_brand","embeddable":true,"href":"https:\/\/roveyayinevi.com.tr\/index.php\/wp-json\/wp\/v2\/product_brand?post=704540"},{"taxonomy":"product_cat","embeddable":true,"href":"https:\/\/roveyayinevi.com.tr\/index.php\/wp-json\/wp\/v2\/product_cat?post=704540"},{"taxonomy":"product_tag","embeddable":true,"href":"https:\/\/roveyayinevi.com.tr\/index.php\/wp-json\/wp\/v2\/product_tag?post=704540"}],"curies":[{"name":"wp","href":"https:\/\/api.w.org\/{rel}","templated":true}]}}