{"id":704539,"date":"2025-08-27T15:36:34","date_gmt":"2025-08-27T12:36:34","guid":{"rendered":"https:\/\/roveyayinevi.com.tr\/index.php\/urun\/seytani-oykuler\/"},"modified":"2026-04-16T02:13:29","modified_gmt":"2026-04-15T23:13:29","slug":"seytani-oykuler","status":"publish","type":"product","link":"https:\/\/roveyayinevi.com.tr\/index.php\/urun\/seytani-oykuler\/","title":{"rendered":"\u015eeytani \u00d6yk\u00fcler"},"content":{"rendered":"<p>\u015eeytan\u00ee \u00d6yk\u00fcler, 19. y\u00fczy\u0131l\u0131n ikinci yar\u0131s\u0131nda Frans\u0131z edebiyat\u0131nda b\u00fcy\u00fck tart\u0131\u015fmalara yol a\u00e7an s\u0131rad\u0131\u015f\u0131 yazar Barbey d\u2019Aurevilly\u2019nin skandal yaratan alt\u0131 \u00f6yk\u00fcs\u00fcnden olu\u015fuyor. Daha bas\u0131lmadan b\u00fcy\u00fck bir merak, \u015fa\u015fk\u0131nl\u0131k uyand\u0131raca\u011f\u0131, hatta insanlar\u0131 incitme ba\u015far\u0131s\u0131na ula\u015faca\u011f\u0131 s\u00f6ylenen \u00f6yk\u00fcler d\u00fc\u015f\u00fcn\u00fcld\u00fc\u011f\u00fcnden \u00e7ok daha fazla tepki al\u0131r. Toplum ahlak\u0131na ve genel adaba ayk\u0131r\u0131 davranmak la su\u00e7lanan Barbey eserinin amac\u0131n\u0131n erdemsizli\u011fin i\u011fren\u00e7li\u011fini g\u00f6stererek insanlar\u0131 ahlaka davet etmek oldu\u011funu; eserinde \u00e7izdi\u011fi k\u00f6t\u00fcl\u00fc\u011f\u00fcn ise iyilikle kar\u0131\u015ft\u0131r\u0131lmamas\u0131 gerekti\u011fini, herkeste korku ve deh\u015fet uyand\u0131rmas\u0131 i\u00e7in \u00f6zellikle daha \u00e7arp\u0131c\u0131 bir renk verdi\u011fini a\u00e7\u0131klamak zorunda kal\u0131r. D\u00f6nemin toplumsal, siyas\u00ee ve ahlak\u00ee yap\u0131s\u0131n\u0131 ele\u015ftiren yazar, her ne kadar kendini H\u0131ristiyan ahlak\u00e7\u0131 olarak tan\u0131mlasa da, bir yandan da Byron ve Baudelaire\u2019den \u00e7ok etkilenmi\u015ftir ve belli bir yo\u011funlu\u011fa ula\u015fan tutku ve g\u00fcnah\u0131 baz\u0131 ruhlar i\u00e7in bir \u00e7e\u015fit erdem olarak g\u00f6r\u00fcr. \ufffcTan\u0131t\u0131m Metni<\/p>\n","protected":false},"excerpt":{"rendered":"<p>\u015eeytan\u00ee \u00d6yk\u00fcler, 19. y\u00fczy\u0131l\u0131n ikinci yar\u0131s\u0131nda Frans\u0131z edebiyat\u0131nda b\u00fcy\u00fck tart\u0131\u015fmalara yol a\u00e7an s\u0131rad\u0131\u015f\u0131 yazar Barbey d\u2019Aurevilly\u2019nin skandal yaratan alt\u0131 \u00f6yk\u00fcs\u00fcnden olu\u015fuyor. Daha bas\u0131lmadan b\u00fcy\u00fck bir merak,<span class=\"excerpt-hellip\"> [\u2026]<\/span><\/p>\n","protected":false},"featured_media":0,"template":"","meta":{"_monsterinsights_skip_tracking":false,"_monsterinsights_sitenote_active":false,"_monsterinsights_sitenote_note":"","_monsterinsights_sitenote_category":0},"product_brand":[],"product_cat":[12291,13376],"product_tag":[],"class_list":{"0":"post-704539","1":"product","2":"type-product","3":"status-publish","5":"product_cat-edebiyat","6":"product_cat-fransiz-edebiyati","7":"pa_cilt-ciltsiz","8":"pa_tur-kitap","9":"pa_yayinevi-can-yayinlari","10":"pa_yazar-barbey-daurevilly","12":"first","13":"instock","14":"sale","15":"shipping-taxable","16":"purchasable","17":"product-type-simple"},"_links":{"self":[{"href":"https:\/\/roveyayinevi.com.tr\/index.php\/wp-json\/wp\/v2\/product\/704539","targetHints":{"allow":["GET"]}}],"collection":[{"href":"https:\/\/roveyayinevi.com.tr\/index.php\/wp-json\/wp\/v2\/product"}],"about":[{"href":"https:\/\/roveyayinevi.com.tr\/index.php\/wp-json\/wp\/v2\/types\/product"}],"wp:attachment":[{"href":"https:\/\/roveyayinevi.com.tr\/index.php\/wp-json\/wp\/v2\/media?parent=704539"}],"wp:term":[{"taxonomy":"product_brand","embeddable":true,"href":"https:\/\/roveyayinevi.com.tr\/index.php\/wp-json\/wp\/v2\/product_brand?post=704539"},{"taxonomy":"product_cat","embeddable":true,"href":"https:\/\/roveyayinevi.com.tr\/index.php\/wp-json\/wp\/v2\/product_cat?post=704539"},{"taxonomy":"product_tag","embeddable":true,"href":"https:\/\/roveyayinevi.com.tr\/index.php\/wp-json\/wp\/v2\/product_tag?post=704539"}],"curies":[{"name":"wp","href":"https:\/\/api.w.org\/{rel}","templated":true}]}}