{"id":704538,"date":"2025-08-27T15:36:34","date_gmt":"2025-08-27T12:36:34","guid":{"rendered":"https:\/\/roveyayinevi.com.tr\/index.php\/urun\/sagligina-format-at\/"},"modified":"2026-04-16T02:13:29","modified_gmt":"2026-04-15T23:13:29","slug":"sagligina-format-at","status":"publish","type":"product","link":"https:\/\/roveyayinevi.com.tr\/index.php\/urun\/sagligina-format-at\/","title":{"rendered":"Sa\u011fl\u0131\u011f\u0131na Format At"},"content":{"rendered":"<p>S\u0131k\u0131 durun! \u00c7\u00fcnk\u00fc \u00e7ok ama \u00e7ok \u015fa\u015f\u0131racaks\u0131n\u0131z\u2026   Uyaray\u0131m, ezberinizi bozaca\u011f\u0131m! Hastal\u0131klar konusunda hi\u00e7 ama hi\u00e7 duymad\u0131\u011f\u0131n\u0131z \u015feyler anlataca\u011f\u0131m size. Sa\u011fl\u0131k konusundaki paradigmalar\u0131 de\u011fi\u015ftirecek, bildiklerinizi ge\u00e7ersiz k\u0131lacak bir kitab\u0131 tutuyorsunuz elinizde. Hastal\u0131k diye adland\u0131rd\u0131\u011f\u0131m\u0131z \u015feyin asl\u0131nda bamba\u015fka bir \u015fey oldu\u011funu anlayacak ve ARTIK KORKMAYACAKSINIZ! \u00c7\u00dcNK\u00dc ASLINDA HASTALIKLARDAN KORKMAK i\u00c7iN  Hi\u00c7BiR NEDEN YOK!   Kilo sorunlar\u0131ndan diyabete, y\u00fcksek tansiyondan romatizmaya, alerjilerden kalp krizine ve hatta kansere kadar t\u00fcm hastal\u0131klar beynimizde bir \u015falterin yukar\u0131 kalkmas\u0131yla ba\u015fl\u0131yor. Ben \u015fimdi size o \u015falteri geri indirmenin y\u00f6ntemini anlataca\u011f\u0131m.<\/p>\n","protected":false},"excerpt":{"rendered":"<p>S\u0131k\u0131 durun! \u00c7\u00fcnk\u00fc \u00e7ok ama \u00e7ok \u015fa\u015f\u0131racaks\u0131n\u0131z\u2026 Uyaray\u0131m, ezberinizi bozaca\u011f\u0131m! Hastal\u0131klar konusunda hi\u00e7 ama hi\u00e7 duymad\u0131\u011f\u0131n\u0131z \u015feyler anlataca\u011f\u0131m size. Sa\u011fl\u0131k konusundaki paradigmalar\u0131 de\u011fi\u015ftirecek, bildiklerinizi ge\u00e7ersiz k\u0131lacak<span class=\"excerpt-hellip\"> [\u2026]<\/span><\/p>\n","protected":false},"featured_media":0,"template":"","meta":{"_monsterinsights_skip_tracking":false,"_monsterinsights_sitenote_active":false,"_monsterinsights_sitenote_note":"","_monsterinsights_sitenote_category":0},"product_brand":[],"product_cat":[16965,13365],"product_tag":[],"class_list":{"0":"post-704538","1":"product","2":"type-product","3":"status-publish","5":"product_cat-genel-saglik-kitaplari","6":"product_cat-saglik","7":"pa_cilt-ciltsiz","8":"pa_tur-kitap","9":"pa_yayinevi-dogan-novus","10":"pa_yazar-m-baris-muslu","12":"first","13":"instock","14":"sale","15":"shipping-taxable","16":"purchasable","17":"product-type-simple"},"_links":{"self":[{"href":"https:\/\/roveyayinevi.com.tr\/index.php\/wp-json\/wp\/v2\/product\/704538","targetHints":{"allow":["GET"]}}],"collection":[{"href":"https:\/\/roveyayinevi.com.tr\/index.php\/wp-json\/wp\/v2\/product"}],"about":[{"href":"https:\/\/roveyayinevi.com.tr\/index.php\/wp-json\/wp\/v2\/types\/product"}],"wp:attachment":[{"href":"https:\/\/roveyayinevi.com.tr\/index.php\/wp-json\/wp\/v2\/media?parent=704538"}],"wp:term":[{"taxonomy":"product_brand","embeddable":true,"href":"https:\/\/roveyayinevi.com.tr\/index.php\/wp-json\/wp\/v2\/product_brand?post=704538"},{"taxonomy":"product_cat","embeddable":true,"href":"https:\/\/roveyayinevi.com.tr\/index.php\/wp-json\/wp\/v2\/product_cat?post=704538"},{"taxonomy":"product_tag","embeddable":true,"href":"https:\/\/roveyayinevi.com.tr\/index.php\/wp-json\/wp\/v2\/product_tag?post=704538"}],"curies":[{"name":"wp","href":"https:\/\/api.w.org\/{rel}","templated":true}]}}