{"id":704535,"date":"2025-08-27T15:36:32","date_gmt":"2025-08-27T12:36:32","guid":{"rendered":"https:\/\/roveyayinevi.com.tr\/index.php\/urun\/charlienin-cikolata-fabrikasi\/"},"modified":"2026-04-05T02:15:33","modified_gmt":"2026-04-04T23:15:33","slug":"charlienin-cikolata-fabrikasi","status":"publish","type":"product","link":"https:\/\/roveyayinevi.com.tr\/index.php\/urun\/charlienin-cikolata-fabrikasi\/","title":{"rendered":"Charlie\u2019nin \u00c7ikolata Fabrikas\u0131"},"content":{"rendered":"<p>Charlie&#8217;nin \u00e7ocuklar\u0131 heyecanland\u0131ran, b\u00fcy\u00fckleri g\u00fcl\u00fcmseten \u00f6yk\u00fcs\u00fcCharlie; annesi, babas\u0131, iki ninesi ve iki dedesiyle, b\u00fcy\u00fck bir kentin bitiminde, k\u00fc\u00e7\u00fck bir tahta barakada ya\u015famaktad\u0131r. Yoksuldurlar. Charlie \u00e7ikolataya bay\u0131l\u0131r, ama alacak paras\u0131 yoktur. Biriktirilen parayla, y\u0131lda bir kez, k\u00fc\u00e7\u00fck bir \u00e7ikolata girer evlerine. Bu b\u00fcy\u00fck kentte, Charlie&#8217;lerin evinden bile g\u00f6r\u00fclen, kocaman bir \u00e7ikolata fabrikas\u0131 vard\u0131r; d\u00fcnyan\u0131n en \u00fcnl\u00fc \u00e7ikolatalar\u0131n\u0131 \u00fcretir. G\u00fcnlerden bir g\u00fcn, fabrikan\u0131n sahibi Bay Wonka, imparatorlu\u011funu devredece\u011fi bir varis se\u00e7mek i\u00e7in yar\u0131\u015fma d\u00fczenledi\u011fini a\u00e7\u0131klar; Charlie de adaylardan biridir&#8230;<\/p>\n","protected":false},"excerpt":{"rendered":"<p>Charlie&#8217;nin \u00e7ocuklar\u0131 heyecanland\u0131ran, b\u00fcy\u00fckleri g\u00fcl\u00fcmseten \u00f6yk\u00fcs\u00fcCharlie; annesi, babas\u0131, iki ninesi ve iki dedesiyle, b\u00fcy\u00fck bir kentin bitiminde, k\u00fc\u00e7\u00fck bir tahta barakada ya\u015famaktad\u0131r. Yoksuldurlar. Charlie \u00e7ikolataya bay\u0131l\u0131r,<span class=\"excerpt-hellip\"> [\u2026]<\/span><\/p>\n","protected":false},"featured_media":0,"template":"","meta":{"_monsterinsights_skip_tracking":false,"_monsterinsights_sitenote_active":false,"_monsterinsights_sitenote_note":"","_monsterinsights_sitenote_category":0},"product_brand":[],"product_cat":[12274,12284],"product_tag":[],"class_list":{"0":"post-704535","1":"product","2":"type-product","3":"status-publish","5":"product_cat-cocuk-ve-genclik-kitaplari","6":"product_cat-hikayeler","7":"pa_cilt-ciltsiz","8":"pa_tur-kitap","9":"pa_yayinevi-can-cocuk-yayinlari","10":"pa_yazar-roald-dahl","12":"first","13":"instock","14":"sale","15":"shipping-taxable","16":"purchasable","17":"product-type-simple"},"_links":{"self":[{"href":"https:\/\/roveyayinevi.com.tr\/index.php\/wp-json\/wp\/v2\/product\/704535","targetHints":{"allow":["GET"]}}],"collection":[{"href":"https:\/\/roveyayinevi.com.tr\/index.php\/wp-json\/wp\/v2\/product"}],"about":[{"href":"https:\/\/roveyayinevi.com.tr\/index.php\/wp-json\/wp\/v2\/types\/product"}],"wp:attachment":[{"href":"https:\/\/roveyayinevi.com.tr\/index.php\/wp-json\/wp\/v2\/media?parent=704535"}],"wp:term":[{"taxonomy":"product_brand","embeddable":true,"href":"https:\/\/roveyayinevi.com.tr\/index.php\/wp-json\/wp\/v2\/product_brand?post=704535"},{"taxonomy":"product_cat","embeddable":true,"href":"https:\/\/roveyayinevi.com.tr\/index.php\/wp-json\/wp\/v2\/product_cat?post=704535"},{"taxonomy":"product_tag","embeddable":true,"href":"https:\/\/roveyayinevi.com.tr\/index.php\/wp-json\/wp\/v2\/product_tag?post=704535"}],"curies":[{"name":"wp","href":"https:\/\/api.w.org\/{rel}","templated":true}]}}