{"id":704534,"date":"2025-08-27T15:36:32","date_gmt":"2025-08-27T12:36:32","guid":{"rendered":"https:\/\/roveyayinevi.com.tr\/index.php\/urun\/zeka-copu-2-dijital-rakamlar-cift-cop\/"},"modified":"2026-04-16T02:13:29","modified_gmt":"2026-04-15T23:13:29","slug":"zeka-copu-2-dijital-rakamlar-cift-cop","status":"publish","type":"product","link":"https:\/\/roveyayinevi.com.tr\/index.php\/urun\/zeka-copu-2-dijital-rakamlar-cift-cop\/","title":{"rendered":"Zeka \u00c7\u00f6p\u00fc &#8211; 2 \/ Dijital Rakamlar (\u00c7ift \u00c7\u00f6p)"},"content":{"rendered":"<p>Ezber yok, form\u00fcl yok, denklem yok. \u0130\u015fte kar\u015f\u0131n\u0131zda 7\u2019den 70\u2019e herkesin yeni e\u011flencesi Zeka \u00c7\u00f6p\u00fc! <\/p>\n","protected":false},"excerpt":{"rendered":"<p>Ezber yok, form\u00fcl yok, denklem yok. \u0130\u015fte kar\u015f\u0131n\u0131zda 7\u2019den 70\u2019e herkesin yeni e\u011flencesi Zeka \u00c7\u00f6p\u00fc!<\/p>\n","protected":false},"featured_media":0,"template":"","meta":{"_monsterinsights_skip_tracking":false,"_monsterinsights_sitenote_active":false,"_monsterinsights_sitenote_note":"","_monsterinsights_sitenote_category":0},"product_brand":[],"product_cat":[12274,24599],"product_tag":[],"class_list":{"0":"post-704534","1":"product","2":"type-product","3":"status-publish","5":"product_cat-cocuk-ve-genclik-kitaplari","6":"product_cat-zeka-gelisimi","7":"pa_tur-kitap","8":"pa_yayinevi-ugurbocegi-yayinlari","9":"pa_yazar-ahmet-bilal-yaprakdal","11":"first","12":"instock","13":"sale","14":"shipping-taxable","15":"purchasable","16":"product-type-simple"},"_links":{"self":[{"href":"https:\/\/roveyayinevi.com.tr\/index.php\/wp-json\/wp\/v2\/product\/704534","targetHints":{"allow":["GET"]}}],"collection":[{"href":"https:\/\/roveyayinevi.com.tr\/index.php\/wp-json\/wp\/v2\/product"}],"about":[{"href":"https:\/\/roveyayinevi.com.tr\/index.php\/wp-json\/wp\/v2\/types\/product"}],"wp:attachment":[{"href":"https:\/\/roveyayinevi.com.tr\/index.php\/wp-json\/wp\/v2\/media?parent=704534"}],"wp:term":[{"taxonomy":"product_brand","embeddable":true,"href":"https:\/\/roveyayinevi.com.tr\/index.php\/wp-json\/wp\/v2\/product_brand?post=704534"},{"taxonomy":"product_cat","embeddable":true,"href":"https:\/\/roveyayinevi.com.tr\/index.php\/wp-json\/wp\/v2\/product_cat?post=704534"},{"taxonomy":"product_tag","embeddable":true,"href":"https:\/\/roveyayinevi.com.tr\/index.php\/wp-json\/wp\/v2\/product_tag?post=704534"}],"curies":[{"name":"wp","href":"https:\/\/api.w.org\/{rel}","templated":true}]}}