{"id":704531,"date":"2025-08-27T15:36:31","date_gmt":"2025-08-27T12:36:31","guid":{"rendered":"https:\/\/roveyayinevi.com.tr\/index.php\/urun\/cinselligin-safagi\/"},"modified":"2026-04-16T02:13:29","modified_gmt":"2026-04-15T23:13:29","slug":"cinselligin-safagi","status":"publish","type":"product","link":"https:\/\/roveyayinevi.com.tr\/index.php\/urun\/cinselligin-safagi\/","title":{"rendered":"Cinselli\u011fin \u015eafa\u011f\u0131"},"content":{"rendered":"<p>Altm\u0131\u015f iki ya\u015f\u0131nda bir dulum ve bunu hayat\u0131m boyunca okudu\u011fum en \u00f6nemli kitaplardan biri olarak g\u00f6r\u00fcyorum. Ke\u015fke bu bilgiyle hayat\u0131m\u0131 yeni ba\u015ftan ya\u015fayabilseydim.\u201d   \u2013 Bir okuyucu   Tarih \u00f6ncesi Afrika \u00e7ay\u0131rlar\u0131ndan g\u00fcn\u00fcm\u00fcz\u00fcn \u00e7a\u011fda\u015f yatak odalar\u0131na cinsel ya\u015fam! Neden kad\u0131nlar ve erkekler olarak arzular\u0131m\u0131zda, fantezilerimizde, cinsel davran\u0131\u015flar\u0131m\u0131zda birbirimizden bu denli farkl\u0131y\u0131z? Son zamanlarda niye birbirimize daha s\u0131k ihanet ediyor, bo\u015fan\u0131yor ya da evlili\u011fi se\u00e7eneklerimiz aras\u0131ndan tamamen \u00e7\u0131kar\u0131yoruz? Ni\u00e7in bu kadar \u00e7ok evlilikte tutku h\u0131zla buharla\u015f\u0131p u\u00e7uyor? Arzu neden \u00f6l\u00fcyor?   \u201cBu kitap seks hakk\u0131nda bildi\u011finizi d\u00fc\u015f\u00fcnd\u00fc\u011f\u00fcn\u00fcz her \u015feyi alt \u00fcst ediyor. \u00c7ok e\u011flenceli bir anlat\u0131mla, \u00e7o\u011fumuzun hep \u015f\u00fcphe duydu\u011fu o \u015feyin alt\u0131ndaki bilimselli\u011fi ke\u015ffe \u00e7\u0131k\u0131yor: \u0130nsanlar\u0131n do\u011fal olarak tek e\u015fli olmad\u0131\u011f\u0131 olgusunun.\u201d -Julie Holland, M.D., Weekends at Bellevue kitab\u0131n\u0131n yazar\u0131   Bu tart\u0131\u015fma yaratan, k\u0131\u015fk\u0131rt\u0131c\u0131 ve zeka dolu kitap, cinsellik hakk\u0131nda bildi\u011fimiz neredeyse her \u015feyi \u00e7\u00fcr\u00fct\u00fcyor.   \u201cBiz kad\u0131nlar\u0131n do\u011fal olarak fahi\u015fe olduklar\u0131 kanaatinde de\u011filiz\u2026 Bilakis, azg\u0131n \u015f\u0131ll\u0131klar onlar ve bunu da iltifat olarak s\u00f6yl\u00fcyoruz! Ba\u015fka bir deyi\u015fle kad\u0131nlar ve erkekler ayn\u0131 sebepten \u00f6t\u00fcr\u00fc seks yapmak \u00fczere evrimle\u015fmi\u015ftir; bu ho\u015flar\u0131na gitti\u011fi i\u00e7in! Seks onlara kendilerini iyi hissettirir. Erkeklerden bir \u015fey elde etmeye \u00e7al\u0131\u015ft\u0131klar\u0131 i\u00e7in yapmazlar bunu.\u201d   Christopher Ryan ve Cacilda Jeth\u00e1, Cinselli\u011fin \u015eafa\u011f\u0131\u2018nda, s\u0131kl\u0131kla g\u00f6zden ka\u00e7\u0131r\u0131lan antropoloji, arkeoloji, primatoloji, anatomi ve psikoseks\u00fcaliteden sunduklar\u0131 kan\u0131tlar\u0131 bir noktada birle\u015ftirerek, tek e\u015flili\u011fin asl\u0131nda insan do\u011fas\u0131na ne kadar uzak oldu\u011funu anlat\u0131yor. Yazarlar insan cinselli\u011finin tarihi k\u00f6klerini a\u00e7\u0131\u011fa \u00e7\u0131kar\u0131rken, do\u011fu\u015ftan gelen sevgi, dayan\u0131\u015fma ve fedakarl\u0131k kapasitemiz ile ayd\u0131nlanacak daha iyimser bir gelece\u011fe de i\u015faret ediyor. \u201cCinsellik birincil olarak orgazmla ilgili de\u011fildir. O kadar \u00e7ok insan bunlar\u0131 birbirine kar\u0131\u015ft\u0131r\u0131yor ki. Bizim kitab\u0131m\u0131z b\u00fcy\u00fck \u00f6l\u00e7\u00fcde seksle ilgili olmakla birlikte tespit etmeye \u00e7al\u0131\u015ft\u0131\u011f\u0131m\u0131z temel noktalardan biri de \u00e7o\u011fumuzun seksi gere\u011finden fazla ciddiye ald\u0131\u011f\u0131. Sakinle\u015fmeye ihtiyac\u0131m\u0131z var bizim. M\u00fczik gibi seks de kutsal olabilir ama her zaman \u00f6yle olmas\u0131 gerekmez.\u201d <\/p>\n","protected":false},"excerpt":{"rendered":"<p>Altm\u0131\u015f iki ya\u015f\u0131nda bir dulum ve bunu hayat\u0131m boyunca okudu\u011fum en \u00f6nemli kitaplardan biri olarak g\u00f6r\u00fcyorum. Ke\u015fke bu bilgiyle hayat\u0131m\u0131 yeni ba\u015ftan ya\u015fayabilseydim.\u201d \u2013 Bir okuyucu<span class=\"excerpt-hellip\"> [\u2026]<\/span><\/p>\n","protected":false},"featured_media":0,"template":"","meta":{"_monsterinsights_skip_tracking":false,"_monsterinsights_sitenote_active":false,"_monsterinsights_sitenote_note":"","_monsterinsights_sitenote_category":0},"product_brand":[],"product_cat":[20502,12357],"product_tag":[],"class_list":{"0":"post-704531","1":"product","2":"type-product","3":"status-publish","5":"product_cat-basvuru-kitaplari-psikoloji","6":"product_cat-psikoloji","7":"pa_cilt-ciltsiz","8":"pa_tur-kitap","9":"pa_yayinevi-okuyan-us-yayin","10":"pa_yazar-cacilda-jetha","12":"first","13":"instock","14":"sale","15":"shipping-taxable","16":"purchasable","17":"product-type-simple"},"_links":{"self":[{"href":"https:\/\/roveyayinevi.com.tr\/index.php\/wp-json\/wp\/v2\/product\/704531","targetHints":{"allow":["GET"]}}],"collection":[{"href":"https:\/\/roveyayinevi.com.tr\/index.php\/wp-json\/wp\/v2\/product"}],"about":[{"href":"https:\/\/roveyayinevi.com.tr\/index.php\/wp-json\/wp\/v2\/types\/product"}],"wp:attachment":[{"href":"https:\/\/roveyayinevi.com.tr\/index.php\/wp-json\/wp\/v2\/media?parent=704531"}],"wp:term":[{"taxonomy":"product_brand","embeddable":true,"href":"https:\/\/roveyayinevi.com.tr\/index.php\/wp-json\/wp\/v2\/product_brand?post=704531"},{"taxonomy":"product_cat","embeddable":true,"href":"https:\/\/roveyayinevi.com.tr\/index.php\/wp-json\/wp\/v2\/product_cat?post=704531"},{"taxonomy":"product_tag","embeddable":true,"href":"https:\/\/roveyayinevi.com.tr\/index.php\/wp-json\/wp\/v2\/product_tag?post=704531"}],"curies":[{"name":"wp","href":"https:\/\/api.w.org\/{rel}","templated":true}]}}