{"id":704528,"date":"2025-08-27T15:36:30","date_gmt":"2025-08-27T12:36:30","guid":{"rendered":"https:\/\/roveyayinevi.com.tr\/index.php\/urun\/erdemler-serisi-2-misafirlerimi-seviyorum-misafirperverlik\/"},"modified":"2026-04-16T02:13:29","modified_gmt":"2026-04-15T23:13:29","slug":"erdemler-serisi-2-misafirlerimi-seviyorum-misafirperverlik","status":"publish","type":"product","link":"https:\/\/roveyayinevi.com.tr\/index.php\/urun\/erdemler-serisi-2-misafirlerimi-seviyorum-misafirperverlik\/","title":{"rendered":"Erdemler Serisi 2 &#8211; Misafirlerimi Seviyorum &#8211; Misafirperverlik"},"content":{"rendered":"<p>Misafirlerimi Seviyorum kitab\u0131yla \u00e7ocuklar misafirperver olman\u0131n neler kazand\u0131raca\u011f\u0131n\u0131 \u00f6\u011frenecekler. Erdemler serisinde yer alan her bir kitap, birbirini peki\u015ftirecek tarzda haz\u0131rlanm\u0131\u015f \u00f6yk\u00fc ve etkinliklerden olu\u015fuyor. \u00c7ocuklar\u0131m\u0131z \u00f6yk\u00fcleri keyifle okuyacak, etkinlikler ve oyunlarla e\u011flenirken erdemli insan olma yolunda emin ad\u0131mlarla ilerleyecekler <\/p>\n","protected":false},"excerpt":{"rendered":"<p>Misafirlerimi Seviyorum kitab\u0131yla \u00e7ocuklar misafirperver olman\u0131n neler kazand\u0131raca\u011f\u0131n\u0131 \u00f6\u011frenecekler. Erdemler serisinde yer alan her bir kitap, birbirini peki\u015ftirecek tarzda haz\u0131rlanm\u0131\u015f \u00f6yk\u00fc ve etkinliklerden olu\u015fuyor. \u00c7ocuklar\u0131m\u0131z \u00f6yk\u00fcleri<span class=\"excerpt-hellip\"> [\u2026]<\/span><\/p>\n","protected":false},"featured_media":0,"template":"","meta":{"_monsterinsights_skip_tracking":false,"_monsterinsights_sitenote_active":false,"_monsterinsights_sitenote_note":"","_monsterinsights_sitenote_category":0},"product_brand":[],"product_cat":[12274,12284],"product_tag":[],"class_list":{"0":"post-704528","1":"product","2":"type-product","3":"status-publish","5":"product_cat-cocuk-ve-genclik-kitaplari","6":"product_cat-hikayeler","7":"pa_tur-kitap","8":"pa_yayinevi-timas-cocuk","9":"pa_yazar-necla-saydam","11":"first","12":"instock","13":"sale","14":"shipping-taxable","15":"purchasable","16":"product-type-simple"},"_links":{"self":[{"href":"https:\/\/roveyayinevi.com.tr\/index.php\/wp-json\/wp\/v2\/product\/704528","targetHints":{"allow":["GET"]}}],"collection":[{"href":"https:\/\/roveyayinevi.com.tr\/index.php\/wp-json\/wp\/v2\/product"}],"about":[{"href":"https:\/\/roveyayinevi.com.tr\/index.php\/wp-json\/wp\/v2\/types\/product"}],"wp:attachment":[{"href":"https:\/\/roveyayinevi.com.tr\/index.php\/wp-json\/wp\/v2\/media?parent=704528"}],"wp:term":[{"taxonomy":"product_brand","embeddable":true,"href":"https:\/\/roveyayinevi.com.tr\/index.php\/wp-json\/wp\/v2\/product_brand?post=704528"},{"taxonomy":"product_cat","embeddable":true,"href":"https:\/\/roveyayinevi.com.tr\/index.php\/wp-json\/wp\/v2\/product_cat?post=704528"},{"taxonomy":"product_tag","embeddable":true,"href":"https:\/\/roveyayinevi.com.tr\/index.php\/wp-json\/wp\/v2\/product_tag?post=704528"}],"curies":[{"name":"wp","href":"https:\/\/api.w.org\/{rel}","templated":true}]}}