{"id":704527,"date":"2025-08-27T15:36:29","date_gmt":"2025-08-27T12:36:29","guid":{"rendered":"https:\/\/roveyayinevi.com.tr\/index.php\/urun\/erdemler-serisi-2-bagislamayi-biliyorum-affetmek\/"},"modified":"2026-04-16T02:13:29","modified_gmt":"2026-04-15T23:13:29","slug":"erdemler-serisi-2-bagislamayi-biliyorum-affetmek","status":"publish","type":"product","link":"https:\/\/roveyayinevi.com.tr\/index.php\/urun\/erdemler-serisi-2-bagislamayi-biliyorum-affetmek\/","title":{"rendered":"Erdemler Serisi 2 &#8211; Ba\u011f\u0131\u015flamay\u0131 Biliyorum &#8211; Affetmek"},"content":{"rendered":"<p>Ba\u011f\u0131\u015flamay\u0131 Biliyorum kitab\u0131yla \u00e7ocuklar affetmenin hafifletici etkisini g\u00f6recekler ve ili\u015fkilerdeki gereklili\u011fini kavrayacaklar. <\/p>\n","protected":false},"excerpt":{"rendered":"<p>Ba\u011f\u0131\u015flamay\u0131 Biliyorum kitab\u0131yla \u00e7ocuklar affetmenin hafifletici etkisini g\u00f6recekler ve ili\u015fkilerdeki gereklili\u011fini kavrayacaklar.<\/p>\n","protected":false},"featured_media":0,"template":"","meta":{"_monsterinsights_skip_tracking":false,"_monsterinsights_sitenote_active":false,"_monsterinsights_sitenote_note":"","_monsterinsights_sitenote_category":0},"product_brand":[],"product_cat":[12274,12284],"product_tag":[],"class_list":{"0":"post-704527","1":"product","2":"type-product","3":"status-publish","5":"product_cat-cocuk-ve-genclik-kitaplari","6":"product_cat-hikayeler","7":"pa_tur-kitap","8":"pa_yayinevi-timas-cocuk","9":"pa_yazar-necla-saydam","11":"first","12":"instock","13":"sale","14":"shipping-taxable","15":"purchasable","16":"product-type-simple"},"_links":{"self":[{"href":"https:\/\/roveyayinevi.com.tr\/index.php\/wp-json\/wp\/v2\/product\/704527","targetHints":{"allow":["GET"]}}],"collection":[{"href":"https:\/\/roveyayinevi.com.tr\/index.php\/wp-json\/wp\/v2\/product"}],"about":[{"href":"https:\/\/roveyayinevi.com.tr\/index.php\/wp-json\/wp\/v2\/types\/product"}],"wp:attachment":[{"href":"https:\/\/roveyayinevi.com.tr\/index.php\/wp-json\/wp\/v2\/media?parent=704527"}],"wp:term":[{"taxonomy":"product_brand","embeddable":true,"href":"https:\/\/roveyayinevi.com.tr\/index.php\/wp-json\/wp\/v2\/product_brand?post=704527"},{"taxonomy":"product_cat","embeddable":true,"href":"https:\/\/roveyayinevi.com.tr\/index.php\/wp-json\/wp\/v2\/product_cat?post=704527"},{"taxonomy":"product_tag","embeddable":true,"href":"https:\/\/roveyayinevi.com.tr\/index.php\/wp-json\/wp\/v2\/product_tag?post=704527"}],"curies":[{"name":"wp","href":"https:\/\/api.w.org\/{rel}","templated":true}]}}