{"id":704517,"date":"2025-08-27T15:36:26","date_gmt":"2025-08-27T12:36:26","guid":{"rendered":"https:\/\/roveyayinevi.com.tr\/index.php\/urun\/altin-kanatli-topcin\/"},"modified":"2026-04-16T02:13:29","modified_gmt":"2026-04-15T23:13:29","slug":"altin-kanatli-topcin","status":"publish","type":"product","link":"https:\/\/roveyayinevi.com.tr\/index.php\/urun\/altin-kanatli-topcin\/","title":{"rendered":"Alt\u0131n Kanatl\u0131 Top\u00e7in"},"content":{"rendered":"<p>Uyuyordu. Alt\u0131n renkli kanatlar\u0131 ve g\u00f6vdesindeki mor benek\u00e7ikleri karanl\u0131kta k\u00fc\u00e7\u00fcc\u00fck titre\u015fimlerle par\u0131ld\u0131yordu. Daha \u00f6nce, koruluktayken g\u00f6rmedi\u011fim bir \u015feyi o zaman g\u00f6rd\u00fcm ilk kez. Ba\u015f\u0131n\u0131n \u00fcst\u00fcnde, tam tepesinde de minicik parlak ye\u015fil bir nokta vard\u0131. \ufffcTan\u0131t\u0131m Metni<\/p>\n","protected":false},"excerpt":{"rendered":"<p>Uyuyordu. Alt\u0131n renkli kanatlar\u0131 ve g\u00f6vdesindeki mor benek\u00e7ikleri karanl\u0131kta k\u00fc\u00e7\u00fcc\u00fck titre\u015fimlerle par\u0131ld\u0131yordu. Daha \u00f6nce, koruluktayken g\u00f6rmedi\u011fim bir \u015feyi o zaman g\u00f6rd\u00fcm ilk kez. Ba\u015f\u0131n\u0131n \u00fcst\u00fcnde, tam<span class=\"excerpt-hellip\"> [\u2026]<\/span><\/p>\n","protected":false},"featured_media":0,"template":"","meta":{"_monsterinsights_skip_tracking":false,"_monsterinsights_sitenote_active":false,"_monsterinsights_sitenote_note":"","_monsterinsights_sitenote_category":0},"product_brand":[],"product_cat":[12274,12284],"product_tag":[],"class_list":{"0":"post-704517","1":"product","2":"type-product","3":"status-publish","5":"product_cat-cocuk-ve-genclik-kitaplari","6":"product_cat-hikayeler","7":"pa_cilt-ciltsiz","8":"pa_tur-kitap","9":"pa_yayinevi-tudem-yayinlari","10":"pa_yazar-ayla-cinaroglu","12":"first","13":"instock","14":"sale","15":"shipping-taxable","16":"purchasable","17":"product-type-simple"},"_links":{"self":[{"href":"https:\/\/roveyayinevi.com.tr\/index.php\/wp-json\/wp\/v2\/product\/704517","targetHints":{"allow":["GET"]}}],"collection":[{"href":"https:\/\/roveyayinevi.com.tr\/index.php\/wp-json\/wp\/v2\/product"}],"about":[{"href":"https:\/\/roveyayinevi.com.tr\/index.php\/wp-json\/wp\/v2\/types\/product"}],"wp:attachment":[{"href":"https:\/\/roveyayinevi.com.tr\/index.php\/wp-json\/wp\/v2\/media?parent=704517"}],"wp:term":[{"taxonomy":"product_brand","embeddable":true,"href":"https:\/\/roveyayinevi.com.tr\/index.php\/wp-json\/wp\/v2\/product_brand?post=704517"},{"taxonomy":"product_cat","embeddable":true,"href":"https:\/\/roveyayinevi.com.tr\/index.php\/wp-json\/wp\/v2\/product_cat?post=704517"},{"taxonomy":"product_tag","embeddable":true,"href":"https:\/\/roveyayinevi.com.tr\/index.php\/wp-json\/wp\/v2\/product_tag?post=704517"}],"curies":[{"name":"wp","href":"https:\/\/api.w.org\/{rel}","templated":true}]}}