{"id":704515,"date":"2025-08-27T15:36:25","date_gmt":"2025-08-27T12:36:25","guid":{"rendered":"https:\/\/roveyayinevi.com.tr\/index.php\/urun\/turkiyeyi-geziyorum-4-levent-antalyada\/"},"modified":"2026-04-16T02:13:29","modified_gmt":"2026-04-15T23:13:29","slug":"turkiyeyi-geziyorum-4-levent-antalyada","status":"publish","type":"product","link":"https:\/\/roveyayinevi.com.tr\/index.php\/urun\/turkiyeyi-geziyorum-4-levent-antalyada\/","title":{"rendered":"T\u00fcrkiye&#8217;yi Geziyorum 4 &#8211; Levent Antalya&#8217;da"},"content":{"rendered":"<p>&#8220;Mert Antalya&#8217;ya gidene kadar evde t\u00fcm g\u00fcn \u015fnorkel, g\u00f6zl\u00fck ve paletlerle penguen gibi gezdi. Neymi\u015f efendim, Antalya&#8217;ya gitmi\u015fken tatil yapacakm\u0131\u015f.&#8221; Levent, yaramaz karde\u015fi ve muz\u0131r s\u0131n\u0131f arkada\u015flar\u0131yla e\u011flenceli, heyecanl\u0131, bilgi dolu geziler yapmaya devam ediyor. Levent\u2019in her bir kitapta ya\u015fad\u0131\u011f\u0131 maceralar\u0131 okurlar \u00e7ok sevecekler ve Levent e\u015fli\u011finde gezmeye devam edecekler.<\/p>\n","protected":false},"excerpt":{"rendered":"<p>&#8220;Mert Antalya&#8217;ya gidene kadar evde t\u00fcm g\u00fcn \u015fnorkel, g\u00f6zl\u00fck ve paletlerle penguen gibi gezdi. Neymi\u015f efendim, Antalya&#8217;ya gitmi\u015fken tatil yapacakm\u0131\u015f.&#8221; Levent, yaramaz karde\u015fi ve muz\u0131r s\u0131n\u0131f<span class=\"excerpt-hellip\"> [\u2026]<\/span><\/p>\n","protected":false},"featured_media":0,"template":"","meta":{"_monsterinsights_skip_tracking":false,"_monsterinsights_sitenote_active":false,"_monsterinsights_sitenote_note":"","_monsterinsights_sitenote_category":0},"product_brand":[],"product_cat":[12275,12274],"product_tag":[],"class_list":{"0":"post-704515","1":"product","2":"type-product","3":"status-publish","5":"product_cat-6-12-yas-kitaplari","6":"product_cat-cocuk-ve-genclik-kitaplari","7":"pa_cilt-ciltsiz","8":"pa_tur-kitap","9":"pa_yayinevi-timas-cocuk","10":"pa_yazar-mustafa-orakci","12":"first","13":"instock","14":"sale","15":"shipping-taxable","16":"purchasable","17":"product-type-simple"},"_links":{"self":[{"href":"https:\/\/roveyayinevi.com.tr\/index.php\/wp-json\/wp\/v2\/product\/704515","targetHints":{"allow":["GET"]}}],"collection":[{"href":"https:\/\/roveyayinevi.com.tr\/index.php\/wp-json\/wp\/v2\/product"}],"about":[{"href":"https:\/\/roveyayinevi.com.tr\/index.php\/wp-json\/wp\/v2\/types\/product"}],"wp:attachment":[{"href":"https:\/\/roveyayinevi.com.tr\/index.php\/wp-json\/wp\/v2\/media?parent=704515"}],"wp:term":[{"taxonomy":"product_brand","embeddable":true,"href":"https:\/\/roveyayinevi.com.tr\/index.php\/wp-json\/wp\/v2\/product_brand?post=704515"},{"taxonomy":"product_cat","embeddable":true,"href":"https:\/\/roveyayinevi.com.tr\/index.php\/wp-json\/wp\/v2\/product_cat?post=704515"},{"taxonomy":"product_tag","embeddable":true,"href":"https:\/\/roveyayinevi.com.tr\/index.php\/wp-json\/wp\/v2\/product_tag?post=704515"}],"curies":[{"name":"wp","href":"https:\/\/api.w.org\/{rel}","templated":true}]}}