{"id":704505,"date":"2025-08-27T15:36:22","date_gmt":"2025-08-27T12:36:22","guid":{"rendered":"https:\/\/roveyayinevi.com.tr\/index.php\/urun\/ben-dervisim-diyene\/"},"modified":"2026-04-16T02:13:28","modified_gmt":"2026-04-15T23:13:28","slug":"ben-dervisim-diyene","status":"publish","type":"product","link":"https:\/\/roveyayinevi.com.tr\/index.php\/urun\/ben-dervisim-diyene\/","title":{"rendered":"Ben Dervi\u015fim Diyene"},"content":{"rendered":"<p>Ben Dervi\u015fim Diyene, usul\u00fc, erkan\u0131, ad\u00e2b\u0131 dervi\u015flere t\u00e2lim etmek i\u00e7in cemal vasf\u0131yla yaz\u0131lm\u0131\u015f iki ris\u00e2lenin \u015ferhini istifademize sunuyor. M\u00fcr\u015fid-i Dervi\u015fan ve Terbiyename isimlerini ta\u015f\u0131yan bu ris\u00e2lelerin s\u00e2hipleri 18. as\u0131rda Osmanl\u0131 payitaht\u0131nda m\u00fcr\u00eedlerini ir\u015fad ve terbiye eden iki m\u00fcbarek zat: Hz. P\u00eer Muhammed Nureddin Cerrahi(ks) ve \u015eeyh Mehmed Sad\u0131k Erzincani Nak\u015fbendi(ks).  Kim bilir nice dervi\u015fler, p\u00eerlerinin, m\u00fcr\u015fidlerinin tavsiyelerini bu eserlerden okudular, er meydan\u0131nda da tatbik ettiler&#8230; Kim bilir nice canlar bu ris\u00e2lelerden yolun edeplerini \u00f6\u011frendiler&#8230; Kimileri Cerrahi derg\u00e2hlar\u0131nda, kimileri \u00dcsk\u00fcdar S\u00e2d\u0131k Efendi Tekkesi\u2019nde, kimileri \u015fair zaviyelerde&#8230; O \u015feyh efendilerin hilmiyyetini ve sadece dervi\u015flerini e\u011fitmek i\u00e7in kaleme ald\u0131klar\u0131 bu eserlerin tad\u0131, s\u0131cakl\u0131\u011f\u0131 ve r\u0131fk\u0131n\u0131; o t\u00e2liplerin de samimiyet, gayret ve ciddiyetle yola sar\u0131l\u0131\u015f\u0131n\u0131 M. Fatih \u00c7\u0131tlak\u2019\u0131n anlat\u0131m\u0131yla hissedecek, tar\u00eekat \u00e2d\u00e2b\u0131na d\u00e2ir a\u00e7\u0131klamalar\u0131 okuyacaks\u0131n\u0131z.\u2018Ben dervi\u015fim\u2019 diyene a\u015fk olsun, vesselam. <\/p>\n","protected":false},"excerpt":{"rendered":"<p>Ben Dervi\u015fim Diyene, usul\u00fc, erkan\u0131, ad\u00e2b\u0131 dervi\u015flere t\u00e2lim etmek i\u00e7in cemal vasf\u0131yla yaz\u0131lm\u0131\u015f iki ris\u00e2lenin \u015ferhini istifademize sunuyor. M\u00fcr\u015fid-i Dervi\u015fan ve Terbiyename isimlerini ta\u015f\u0131yan bu ris\u00e2lelerin<span class=\"excerpt-hellip\"> [\u2026]<\/span><\/p>\n","protected":false},"featured_media":0,"template":"","meta":{"_monsterinsights_skip_tracking":false,"_monsterinsights_sitenote_active":false,"_monsterinsights_sitenote_note":"","_monsterinsights_sitenote_category":0},"product_brand":[],"product_cat":[12718,12719,12720],"product_tag":[],"class_list":{"0":"post-704505","1":"product","2":"type-product","3":"status-publish","5":"product_cat-din","6":"product_cat-islam","7":"product_cat-tasavvuf-mezhepler-tarikatlar","8":"pa_cilt-ciltsiz","9":"pa_tur-kitap","10":"pa_yayinevi-sufi-kitap","11":"pa_yazar-m-fatih-citlak","13":"first","14":"instock","15":"sale","16":"shipping-taxable","17":"purchasable","18":"product-type-simple"},"_links":{"self":[{"href":"https:\/\/roveyayinevi.com.tr\/index.php\/wp-json\/wp\/v2\/product\/704505","targetHints":{"allow":["GET"]}}],"collection":[{"href":"https:\/\/roveyayinevi.com.tr\/index.php\/wp-json\/wp\/v2\/product"}],"about":[{"href":"https:\/\/roveyayinevi.com.tr\/index.php\/wp-json\/wp\/v2\/types\/product"}],"wp:attachment":[{"href":"https:\/\/roveyayinevi.com.tr\/index.php\/wp-json\/wp\/v2\/media?parent=704505"}],"wp:term":[{"taxonomy":"product_brand","embeddable":true,"href":"https:\/\/roveyayinevi.com.tr\/index.php\/wp-json\/wp\/v2\/product_brand?post=704505"},{"taxonomy":"product_cat","embeddable":true,"href":"https:\/\/roveyayinevi.com.tr\/index.php\/wp-json\/wp\/v2\/product_cat?post=704505"},{"taxonomy":"product_tag","embeddable":true,"href":"https:\/\/roveyayinevi.com.tr\/index.php\/wp-json\/wp\/v2\/product_tag?post=704505"}],"curies":[{"name":"wp","href":"https:\/\/api.w.org\/{rel}","templated":true}]}}