{"id":704503,"date":"2025-08-27T15:36:21","date_gmt":"2025-08-27T12:36:21","guid":{"rendered":"https:\/\/roveyayinevi.com.tr\/index.php\/urun\/boyamaya-doyama-4\/"},"modified":"2026-04-16T02:13:28","modified_gmt":"2026-04-15T23:13:28","slug":"boyamaya-doyama-4","status":"publish","type":"product","link":"https:\/\/roveyayinevi.com.tr\/index.php\/urun\/boyamaya-doyama-4\/","title":{"rendered":"Boyamaya Doyama 4"},"content":{"rendered":"<p>Boyama kitaplar\u0131m\u0131zda \u00e7ocuklar\u0131m\u0131z\u0131n renklerden ilham alarak doyas\u0131ya hayat\u0131 renklendirmesi ama\u00e7lanm\u0131\u015ft\u0131r. \u00d6rnekli boyama \u00e7al\u0131\u015fmas\u0131n\u0131 yaparken \u00e7ocuklar\u0131m\u0131z hem e\u011flenecek hem de belli bir i\u00e7 disiplin kazanacaklard\u0131r. Motor becerileri geli\u015firken dikkatlerinin geli\u015ftirilmesi de esas al\u0131nm\u0131\u015ft\u0131r. \ufffcTan\u0131t\u0131m Metni<\/p>\n","protected":false},"excerpt":{"rendered":"<p>Boyama kitaplar\u0131m\u0131zda \u00e7ocuklar\u0131m\u0131z\u0131n renklerden ilham alarak doyas\u0131ya hayat\u0131 renklendirmesi ama\u00e7lanm\u0131\u015ft\u0131r. \u00d6rnekli boyama \u00e7al\u0131\u015fmas\u0131n\u0131 yaparken \u00e7ocuklar\u0131m\u0131z hem e\u011flenecek hem de belli bir i\u00e7 disiplin kazanacaklard\u0131r. Motor becerileri<span class=\"excerpt-hellip\"> [\u2026]<\/span><\/p>\n","protected":false},"featured_media":0,"template":"","meta":{"_monsterinsights_skip_tracking":false,"_monsterinsights_sitenote_active":false,"_monsterinsights_sitenote_note":"","_monsterinsights_sitenote_category":0},"product_brand":[],"product_cat":[12644,12274],"product_tag":[],"class_list":{"0":"post-704503","1":"product","2":"type-product","3":"status-publish","5":"product_cat-boyama-kitaplari","6":"product_cat-cocuk-ve-genclik-kitaplari","7":"pa_tur-kitap","8":"pa_yayinevi-cinaralti-yayinlari","9":"pa_yazar-kolektif","11":"first","12":"instock","13":"sale","14":"shipping-taxable","15":"purchasable","16":"product-type-simple"},"_links":{"self":[{"href":"https:\/\/roveyayinevi.com.tr\/index.php\/wp-json\/wp\/v2\/product\/704503","targetHints":{"allow":["GET"]}}],"collection":[{"href":"https:\/\/roveyayinevi.com.tr\/index.php\/wp-json\/wp\/v2\/product"}],"about":[{"href":"https:\/\/roveyayinevi.com.tr\/index.php\/wp-json\/wp\/v2\/types\/product"}],"wp:attachment":[{"href":"https:\/\/roveyayinevi.com.tr\/index.php\/wp-json\/wp\/v2\/media?parent=704503"}],"wp:term":[{"taxonomy":"product_brand","embeddable":true,"href":"https:\/\/roveyayinevi.com.tr\/index.php\/wp-json\/wp\/v2\/product_brand?post=704503"},{"taxonomy":"product_cat","embeddable":true,"href":"https:\/\/roveyayinevi.com.tr\/index.php\/wp-json\/wp\/v2\/product_cat?post=704503"},{"taxonomy":"product_tag","embeddable":true,"href":"https:\/\/roveyayinevi.com.tr\/index.php\/wp-json\/wp\/v2\/product_tag?post=704503"}],"curies":[{"name":"wp","href":"https:\/\/api.w.org\/{rel}","templated":true}]}}