{"id":704499,"date":"2025-08-27T15:36:19","date_gmt":"2025-08-27T12:36:19","guid":{"rendered":"https:\/\/roveyayinevi.com.tr\/index.php\/urun\/garip\/"},"modified":"2026-04-16T02:13:28","modified_gmt":"2026-04-15T23:13:28","slug":"garip","status":"publish","type":"product","link":"https:\/\/roveyayinevi.com.tr\/index.php\/urun\/garip\/","title":{"rendered":"Garip"},"content":{"rendered":"<p>\u201cBu kitap sizi al\u0131\u015f\u0131lm\u0131\u015f \u015feylerden \u015f\u00fcpheye davet edecektir\u201d kapak \u015feridiyle \u00e7\u0131kan Garip, \u015fiirimizde bir b\u00fcy\u00fck \u00e7\u0131\u011f\u0131r a\u00e7m\u0131\u015ft\u0131. Garip\u00e7iler\u2019i y\u00fcz\u00fcnc\u00fc ya\u015flar\u0131nda s\u0131rayla selamlad\u0131\u011f\u0131m\u0131z bug\u00fcnlerde, Orhan Veli\u2019nin \u00f6nc\u00fcl\u00fc\u011f\u00fcnde \u00e7\u0131kan Garip, bu \u00f6zel ve tek bask\u0131da yeniden okuruyla bulu\u015fuyor. Garip, bug\u00fcn art\u0131k hi\u00e7birimize garip gelmiyor. \ufffcTan\u0131t\u0131m Metni<\/p>\n","protected":false},"excerpt":{"rendered":"<p>\u201cBu kitap sizi al\u0131\u015f\u0131lm\u0131\u015f \u015feylerden \u015f\u00fcpheye davet edecektir\u201d kapak \u015feridiyle \u00e7\u0131kan Garip, \u015fiirimizde bir b\u00fcy\u00fck \u00e7\u0131\u011f\u0131r a\u00e7m\u0131\u015ft\u0131. Garip\u00e7iler\u2019i y\u00fcz\u00fcnc\u00fc ya\u015flar\u0131nda s\u0131rayla selamlad\u0131\u011f\u0131m\u0131z bug\u00fcnlerde, Orhan Veli\u2019nin \u00f6nc\u00fcl\u00fc\u011f\u00fcnde<span class=\"excerpt-hellip\"> [\u2026]<\/span><\/p>\n","protected":false},"featured_media":0,"template":"","meta":{"_monsterinsights_skip_tracking":false,"_monsterinsights_sitenote_active":false,"_monsterinsights_sitenote_note":"","_monsterinsights_sitenote_category":0},"product_brand":[],"product_cat":[12291,12509],"product_tag":[],"class_list":{"0":"post-704499","1":"product","2":"type-product","3":"status-publish","5":"product_cat-edebiyat","6":"product_cat-siir","7":"pa_cilt-ciltsiz","8":"pa_tur-kitap","9":"pa_yayinevi-yapi-kredi-yayinlari","10":"pa_yazar-orhan-veli-kanik","12":"first","13":"instock","14":"sale","15":"shipping-taxable","16":"purchasable","17":"product-type-simple"},"_links":{"self":[{"href":"https:\/\/roveyayinevi.com.tr\/index.php\/wp-json\/wp\/v2\/product\/704499","targetHints":{"allow":["GET"]}}],"collection":[{"href":"https:\/\/roveyayinevi.com.tr\/index.php\/wp-json\/wp\/v2\/product"}],"about":[{"href":"https:\/\/roveyayinevi.com.tr\/index.php\/wp-json\/wp\/v2\/types\/product"}],"wp:attachment":[{"href":"https:\/\/roveyayinevi.com.tr\/index.php\/wp-json\/wp\/v2\/media?parent=704499"}],"wp:term":[{"taxonomy":"product_brand","embeddable":true,"href":"https:\/\/roveyayinevi.com.tr\/index.php\/wp-json\/wp\/v2\/product_brand?post=704499"},{"taxonomy":"product_cat","embeddable":true,"href":"https:\/\/roveyayinevi.com.tr\/index.php\/wp-json\/wp\/v2\/product_cat?post=704499"},{"taxonomy":"product_tag","embeddable":true,"href":"https:\/\/roveyayinevi.com.tr\/index.php\/wp-json\/wp\/v2\/product_tag?post=704499"}],"curies":[{"name":"wp","href":"https:\/\/api.w.org\/{rel}","templated":true}]}}