{"id":704497,"date":"2025-08-27T15:36:19","date_gmt":"2025-08-27T12:36:19","guid":{"rendered":"https:\/\/roveyayinevi.com.tr\/index.php\/urun\/denizler-fatihi-piyale-pasa\/"},"modified":"2026-04-16T02:13:28","modified_gmt":"2026-04-15T23:13:28","slug":"denizler-fatihi-piyale-pasa","status":"publish","type":"product","link":"https:\/\/roveyayinevi.com.tr\/index.php\/urun\/denizler-fatihi-piyale-pasa\/","title":{"rendered":"Denizler Fatihi Piyale Pa\u015fa"},"content":{"rendered":"<p>Gerekd\u00fcr gayret itmek rah-\u0131 dindeKim olmam\u0131\u015f ola hi\u00e7bir karinde Bil\u00fcn erkek koyun kurban i\u00e7\u00fcnd\u00fcrBu meyd\u00e2n-\u0131 eren merd\u00e2n i\u00e7\u00fcnd\u00fcr Ne denl\u00fc g\u00fc\u00e7l\u00fc ise ehl-i tu\u011fyanBiz\u00fcmled\u00fcr d\u00fc\u2018\u00e2-y\u0131 \u015eeh S\u00fcleyman <\/p>\n","protected":false},"excerpt":{"rendered":"<p>Gerekd\u00fcr gayret itmek rah-\u0131 dindeKim olmam\u0131\u015f ola hi\u00e7bir karinde Bil\u00fcn erkek koyun kurban i\u00e7\u00fcnd\u00fcrBu meyd\u00e2n-\u0131 eren merd\u00e2n i\u00e7\u00fcnd\u00fcr Ne denl\u00fc g\u00fc\u00e7l\u00fc ise ehl-i tu\u011fyanBiz\u00fcmled\u00fcr d\u00fc\u2018\u00e2-y\u0131 \u015eeh<span class=\"excerpt-hellip\"> [\u2026]<\/span><\/p>\n","protected":false},"featured_media":0,"template":"","meta":{"_monsterinsights_skip_tracking":false,"_monsterinsights_sitenote_active":false,"_monsterinsights_sitenote_note":"","_monsterinsights_sitenote_category":0},"product_brand":[],"product_cat":[13517,12304],"product_tag":[],"class_list":{"0":"post-704497","1":"product","2":"type-product","3":"status-publish","5":"product_cat-osmanli-tarihi","6":"product_cat-tarih","7":"pa_cilt-ciltsiz","8":"pa_tur-kitap","9":"pa_yayinevi-timas-yayinlari","10":"pa_yazar-ahmet-simsirgil","12":"first","13":"instock","14":"sale","15":"shipping-taxable","16":"purchasable","17":"product-type-simple"},"_links":{"self":[{"href":"https:\/\/roveyayinevi.com.tr\/index.php\/wp-json\/wp\/v2\/product\/704497","targetHints":{"allow":["GET"]}}],"collection":[{"href":"https:\/\/roveyayinevi.com.tr\/index.php\/wp-json\/wp\/v2\/product"}],"about":[{"href":"https:\/\/roveyayinevi.com.tr\/index.php\/wp-json\/wp\/v2\/types\/product"}],"wp:attachment":[{"href":"https:\/\/roveyayinevi.com.tr\/index.php\/wp-json\/wp\/v2\/media?parent=704497"}],"wp:term":[{"taxonomy":"product_brand","embeddable":true,"href":"https:\/\/roveyayinevi.com.tr\/index.php\/wp-json\/wp\/v2\/product_brand?post=704497"},{"taxonomy":"product_cat","embeddable":true,"href":"https:\/\/roveyayinevi.com.tr\/index.php\/wp-json\/wp\/v2\/product_cat?post=704497"},{"taxonomy":"product_tag","embeddable":true,"href":"https:\/\/roveyayinevi.com.tr\/index.php\/wp-json\/wp\/v2\/product_tag?post=704497"}],"curies":[{"name":"wp","href":"https:\/\/api.w.org\/{rel}","templated":true}]}}