{"id":704495,"date":"2025-08-27T15:36:18","date_gmt":"2025-08-27T12:36:18","guid":{"rendered":"https:\/\/roveyayinevi.com.tr\/index.php\/urun\/garfield-ile-arkadaslari-17-zoraki-sporcu\/"},"modified":"2025-12-30T09:58:13","modified_gmt":"2025-12-30T06:58:13","slug":"garfield-ile-arkadaslari-17-zoraki-sporcu","status":"publish","type":"product","link":"https:\/\/roveyayinevi.com.tr\/index.php\/urun\/garfield-ile-arkadaslari-17-zoraki-sporcu\/","title":{"rendered":"Garfield \u0130le Arkada\u015flar\u0131 17 Zoraki Sporcu"},"content":{"rendered":"<p>Bu alb\u00fcm\u00fcn Biff \u0130syanlarda adl\u0131 ilk maceras\u0131nda Jon, i\u015f seyahati i\u00e7in Meksiko\u2019ya giderken evi farelerden korumas\u0131 i\u00e7in Garfield\u2019a emanet eder. Evin faresi Squeak de yanl\u0131\u015fl\u0131kla Jon ile birlikte gider. Squeak\u2019in arkada\u015f\u0131 Biff ziyarete gelir. Biff, kedileri patilerinden tuttu\u011fu gibi yere yap\u0131\u015ft\u0131rabilecek g\u00fc\u00e7te bir faredir. Bu g\u00fcc\u00fcn\u00fc de d\u00fczenli spora bor\u00e7ludur tabii. Squeak\u2019in yoklu\u011funda Biff, farelere d\u00fczenli antrenman yapt\u0131rmaya ba\u015flar. \ufffcTan\u0131t\u0131m Metni<\/p>\n","protected":false},"excerpt":{"rendered":"<p>Bu alb\u00fcm\u00fcn Biff \u0130syanlarda adl\u0131 ilk maceras\u0131nda Jon, i\u015f seyahati i\u00e7in Meksiko\u2019ya giderken evi farelerden korumas\u0131 i\u00e7in Garfield\u2019a emanet eder. Evin faresi Squeak de yanl\u0131\u015fl\u0131kla Jon<span class=\"excerpt-hellip\"> [\u2026]<\/span><\/p>\n","protected":false},"featured_media":0,"template":"","meta":{"_monsterinsights_skip_tracking":false,"_monsterinsights_sitenote_active":false,"_monsterinsights_sitenote_note":"","_monsterinsights_sitenote_category":0},"product_brand":[],"product_cat":[12274,12284],"product_tag":[],"class_list":{"0":"post-704495","1":"product","2":"type-product","3":"status-publish","5":"product_cat-cocuk-ve-genclik-kitaplari","6":"product_cat-hikayeler","7":"pa_cilt-ciltsiz","8":"pa_tur-kitap","9":"pa_yayinevi-yapi-kredi-yayinlari","10":"pa_yazar-jim-davis","12":"first","13":"instock","14":"sale","15":"shipping-taxable","16":"purchasable","17":"product-type-simple"},"_links":{"self":[{"href":"https:\/\/roveyayinevi.com.tr\/index.php\/wp-json\/wp\/v2\/product\/704495","targetHints":{"allow":["GET"]}}],"collection":[{"href":"https:\/\/roveyayinevi.com.tr\/index.php\/wp-json\/wp\/v2\/product"}],"about":[{"href":"https:\/\/roveyayinevi.com.tr\/index.php\/wp-json\/wp\/v2\/types\/product"}],"wp:attachment":[{"href":"https:\/\/roveyayinevi.com.tr\/index.php\/wp-json\/wp\/v2\/media?parent=704495"}],"wp:term":[{"taxonomy":"product_brand","embeddable":true,"href":"https:\/\/roveyayinevi.com.tr\/index.php\/wp-json\/wp\/v2\/product_brand?post=704495"},{"taxonomy":"product_cat","embeddable":true,"href":"https:\/\/roveyayinevi.com.tr\/index.php\/wp-json\/wp\/v2\/product_cat?post=704495"},{"taxonomy":"product_tag","embeddable":true,"href":"https:\/\/roveyayinevi.com.tr\/index.php\/wp-json\/wp\/v2\/product_tag?post=704495"}],"curies":[{"name":"wp","href":"https:\/\/api.w.org\/{rel}","templated":true}]}}