{"id":704494,"date":"2025-08-27T15:36:18","date_gmt":"2025-08-27T12:36:18","guid":{"rendered":"https:\/\/roveyayinevi.com.tr\/index.php\/urun\/degisen-dunyada-bir-sanatci\/"},"modified":"2026-04-08T02:17:46","modified_gmt":"2026-04-07T23:17:46","slug":"degisen-dunyada-bir-sanatci","status":"publish","type":"product","link":"https:\/\/roveyayinevi.com.tr\/index.php\/urun\/degisen-dunyada-bir-sanatci\/","title":{"rendered":"De\u011fi\u015fen D\u00fcnyada Bir Sanat\u00e7\u0131"},"content":{"rendered":"<p>D\u00fcnyaya bir ressam\u0131n g\u00f6z\u00fcnden bakmak, ayr\u0131nt\u0131larda gizlenenleri ke\u015ffetmemizi sa\u011flar. Masuji Ono, \u0130kinci D\u00fcnya Sava\u015f\u0131\u2019nda harabeye d\u00f6nm\u00fc\u015f \u015fehrini ve art\u0131k sonuna geldi\u011fi ya\u015fam\u0131n\u0131 betimlerken, her bir c\u00fcmlesi \u00f6yk\u00fcs\u00fcne yeni boyutlar kat\u0131yor. <\/p>\n","protected":false},"excerpt":{"rendered":"<p>D\u00fcnyaya bir ressam\u0131n g\u00f6z\u00fcnden bakmak, ayr\u0131nt\u0131larda gizlenenleri ke\u015ffetmemizi sa\u011flar. Masuji Ono, \u0130kinci D\u00fcnya Sava\u015f\u0131\u2019nda harabeye d\u00f6nm\u00fc\u015f \u015fehrini ve art\u0131k sonuna geldi\u011fi ya\u015fam\u0131n\u0131 betimlerken, her bir c\u00fcmlesi<span class=\"excerpt-hellip\"> [\u2026]<\/span><\/p>\n","protected":false},"featured_media":0,"template":"","meta":{"_monsterinsights_skip_tracking":false,"_monsterinsights_sitenote_active":false,"_monsterinsights_sitenote_note":"","_monsterinsights_sitenote_category":0},"product_brand":[],"product_cat":[12291,12711],"product_tag":[],"class_list":{"0":"post-704494","1":"product","2":"type-product","3":"status-publish","5":"product_cat-edebiyat","6":"product_cat-roman-oyku","7":"pa_cilt-ciltsiz","8":"pa_tur-kitap","9":"pa_yayinevi-yapi-kredi-yayinlari","10":"pa_yazar-kazuo-ishiguro","12":"first","13":"instock","14":"sale","15":"shipping-taxable","16":"purchasable","17":"product-type-simple"},"_links":{"self":[{"href":"https:\/\/roveyayinevi.com.tr\/index.php\/wp-json\/wp\/v2\/product\/704494","targetHints":{"allow":["GET"]}}],"collection":[{"href":"https:\/\/roveyayinevi.com.tr\/index.php\/wp-json\/wp\/v2\/product"}],"about":[{"href":"https:\/\/roveyayinevi.com.tr\/index.php\/wp-json\/wp\/v2\/types\/product"}],"wp:attachment":[{"href":"https:\/\/roveyayinevi.com.tr\/index.php\/wp-json\/wp\/v2\/media?parent=704494"}],"wp:term":[{"taxonomy":"product_brand","embeddable":true,"href":"https:\/\/roveyayinevi.com.tr\/index.php\/wp-json\/wp\/v2\/product_brand?post=704494"},{"taxonomy":"product_cat","embeddable":true,"href":"https:\/\/roveyayinevi.com.tr\/index.php\/wp-json\/wp\/v2\/product_cat?post=704494"},{"taxonomy":"product_tag","embeddable":true,"href":"https:\/\/roveyayinevi.com.tr\/index.php\/wp-json\/wp\/v2\/product_tag?post=704494"}],"curies":[{"name":"wp","href":"https:\/\/api.w.org\/{rel}","templated":true}]}}