{"id":704491,"date":"2025-08-27T15:36:17","date_gmt":"2025-08-27T12:36:17","guid":{"rendered":"https:\/\/roveyayinevi.com.tr\/index.php\/urun\/bati-batakligi\/"},"modified":"2026-04-16T02:13:28","modified_gmt":"2026-04-15T23:13:28","slug":"bati-batakligi","status":"publish","type":"product","link":"https:\/\/roveyayinevi.com.tr\/index.php\/urun\/bati-batakligi\/","title":{"rendered":"Bat\u0131 Batakl\u0131\u011f\u0131"},"content":{"rendered":"<p>D\u00fcnya tarihinde 19. y\u00fczy\u0131l\u0131n ayr\u0131cal\u0131kl\u0131 bir yeri vard\u0131r. 19. y\u00fczy\u0131lda, \u00e7ok \u00e7e\u015fitli sorun, \u00e7eli\u015fki ve \u00e7at\u0131\u015fmalara kaynakl\u0131k eden devrim ve d\u00f6n\u00fc\u015f\u00fcmler, d\u00fcnyay\u0131 derinden sarsm\u0131\u015ft\u0131r. 19. y\u00fczy\u0131lda ortaya \u00e7\u0131kan sorunlar, \u00f6ncelikle Bat\u0131 toplumlar\u0131n\u0131 etkilemi\u015f, Bat\u0131 kendi i\u00e7inde ciddi \u00e7eki\u015fme ve \u00e7at\u0131\u015fmalara sahne olmu\u015ftur. Bat\u0131, d\u00fcnyaya yay\u0131lm\u0131\u015f ve onu kendi \u00e7\u0131karlar\u0131 a\u00e7\u0131s\u0131ndan istedi\u011fi gibi \u015fekillendirmi\u015ftir. D\u00fcnya, Bat\u0131&#8217;n\u0131n ahl\u00e2ks\u0131z sald\u0131r\u0131lar\u0131n\u0131n, vah\u015fetlerinin, yay\u0131lmac\u0131l\u0131\u011f\u0131n\u0131n, barbarca soygunculu\u011funun ve gasp\u00e7\u0131l\u0131\u011f\u0131n\u0131n pratik edildi\u011fi bir sahneye d\u00f6n\u00fc\u015fm\u00fc\u015ft\u00fcr. Bat\u0131, bug\u00fcn t\u00fcm toplumlar\u0131n yap\u0131lar\u0131na ve ili\u015fkilerine h\u00fckmediyor, \u00f6zellikle de Bat\u0131-d\u0131\u015f\u0131 mazlum toplumlar\u0131n kaderlerine y\u00f6n veriyor. Bat\u0131, temelsiz ve haks\u0131z gerek\u00e7elerle s\u00f6z konusu toplumlara her t\u00fcrl\u00fc k\u00f6t\u00fcl\u00fc\u011f\u00fc yap\u0131yor. <\/p>\n","protected":false},"excerpt":{"rendered":"<p>D\u00fcnya tarihinde 19. y\u00fczy\u0131l\u0131n ayr\u0131cal\u0131kl\u0131 bir yeri vard\u0131r. 19. y\u00fczy\u0131lda, \u00e7ok \u00e7e\u015fitli sorun, \u00e7eli\u015fki ve \u00e7at\u0131\u015fmalara kaynakl\u0131k eden devrim ve d\u00f6n\u00fc\u015f\u00fcmler, d\u00fcnyay\u0131 derinden sarsm\u0131\u015ft\u0131r. 19. y\u00fczy\u0131lda<span class=\"excerpt-hellip\"> [\u2026]<\/span><\/p>\n","protected":false},"featured_media":0,"template":"","meta":{"_monsterinsights_skip_tracking":false,"_monsterinsights_sitenote_active":false,"_monsterinsights_sitenote_note":"","_monsterinsights_sitenote_category":0},"product_brand":[],"product_cat":[12338,12337],"product_tag":[],"class_list":{"0":"post-704491","1":"product","2":"type-product","3":"status-publish","5":"product_cat-dunya-siyaseti-ve-politikasi","6":"product_cat-politika-siyaset","7":"pa_cilt-ciltsiz","8":"pa_tur-kitap","9":"pa_yayinevi-ani-yayincilik","10":"pa_yazar-sezgin-kizilcelik","12":"first","13":"instock","14":"sale","15":"shipping-taxable","16":"purchasable","17":"product-type-simple"},"_links":{"self":[{"href":"https:\/\/roveyayinevi.com.tr\/index.php\/wp-json\/wp\/v2\/product\/704491","targetHints":{"allow":["GET"]}}],"collection":[{"href":"https:\/\/roveyayinevi.com.tr\/index.php\/wp-json\/wp\/v2\/product"}],"about":[{"href":"https:\/\/roveyayinevi.com.tr\/index.php\/wp-json\/wp\/v2\/types\/product"}],"wp:attachment":[{"href":"https:\/\/roveyayinevi.com.tr\/index.php\/wp-json\/wp\/v2\/media?parent=704491"}],"wp:term":[{"taxonomy":"product_brand","embeddable":true,"href":"https:\/\/roveyayinevi.com.tr\/index.php\/wp-json\/wp\/v2\/product_brand?post=704491"},{"taxonomy":"product_cat","embeddable":true,"href":"https:\/\/roveyayinevi.com.tr\/index.php\/wp-json\/wp\/v2\/product_cat?post=704491"},{"taxonomy":"product_tag","embeddable":true,"href":"https:\/\/roveyayinevi.com.tr\/index.php\/wp-json\/wp\/v2\/product_tag?post=704491"}],"curies":[{"name":"wp","href":"https:\/\/api.w.org\/{rel}","templated":true}]}}