{"id":704489,"date":"2025-08-27T15:36:16","date_gmt":"2025-08-27T12:36:16","guid":{"rendered":"https:\/\/roveyayinevi.com.tr\/index.php\/urun\/bati-barbarligi-1\/"},"modified":"2026-04-11T13:31:49","modified_gmt":"2026-04-11T10:31:49","slug":"bati-barbarligi-1","status":"publish","type":"product","link":"https:\/\/roveyayinevi.com.tr\/index.php\/urun\/bati-barbarligi-1\/","title":{"rendered":"Bat\u0131 Barbarl\u0131\u011f\u0131 1"},"content":{"rendered":"<p>\u0130nsanlar\u0131 Bat\u0131 uygarl\u0131\u011f\u0131na d\u00f6n\u00fck her t\u00fcrl\u00fc yan\u0131lsamadan kurtaracak \u00e7ok say\u0131da d\u00fc\u015f\u00fcn\u00fcr aras\u0131nda hi\u00e7 ku\u015fkusuz ki, en \u00f6nemlileri, Rousseau, Marx ve Nietzsche&#8217;dir. Birbirlerinden \u00e7ok farkl\u0131 felsefeleri olmas\u0131na kar\u015f\u0131n onlar\u0131 bir araya getiren tek \u015fey, Bat\u0131 uygarl\u0131\u011f\u0131n\u0131 barbarl\u0131k olarak okumu\u015f olmalar\u0131, Bat\u0131 uygarl\u0131\u011f\u0131n\u0131n barbarl\u0131\u011f\u0131 i\u00e7eren do\u011fas\u0131n\u0131 if\u015fa etmeleridir. Bu \u00e7er\u00e7evede Bat\u0131 uygarl\u0131\u011f\u0131yla insan\u0131n \u00e7\u00f6k\u00fc\u015f\u00fc ve yok olu\u015fu ger\u00e7e\u011fi, onlar\u0131n payla\u015ft\u0131klar\u0131 ortak bir d\u00fc\u015f\u00fcnce. <\/p>\n","protected":false},"excerpt":{"rendered":"<p>\u0130nsanlar\u0131 Bat\u0131 uygarl\u0131\u011f\u0131na d\u00f6n\u00fck her t\u00fcrl\u00fc yan\u0131lsamadan kurtaracak \u00e7ok say\u0131da d\u00fc\u015f\u00fcn\u00fcr aras\u0131nda hi\u00e7 ku\u015fkusuz ki, en \u00f6nemlileri, Rousseau, Marx ve Nietzsche&#8217;dir. Birbirlerinden \u00e7ok farkl\u0131 felsefeleri olmas\u0131na<span class=\"excerpt-hellip\"> [\u2026]<\/span><\/p>\n","protected":false},"featured_media":0,"template":"","meta":{"_monsterinsights_skip_tracking":false,"_monsterinsights_sitenote_active":false,"_monsterinsights_sitenote_note":"","_monsterinsights_sitenote_category":0},"product_brand":[],"product_cat":[12389,12388],"product_tag":[],"class_list":{"0":"post-704489","1":"product","2":"type-product","3":"status-publish","5":"product_cat-diger-felsefe","6":"product_cat-felsefe","7":"pa_cilt-ciltsiz","8":"pa_tur-kitap","9":"pa_yayinevi-ani-yayincilik","10":"pa_yazar-sezgin-kizilcelik","12":"first","13":"instock","14":"sale","15":"shipping-taxable","16":"purchasable","17":"product-type-simple"},"_links":{"self":[{"href":"https:\/\/roveyayinevi.com.tr\/index.php\/wp-json\/wp\/v2\/product\/704489","targetHints":{"allow":["GET"]}}],"collection":[{"href":"https:\/\/roveyayinevi.com.tr\/index.php\/wp-json\/wp\/v2\/product"}],"about":[{"href":"https:\/\/roveyayinevi.com.tr\/index.php\/wp-json\/wp\/v2\/types\/product"}],"wp:attachment":[{"href":"https:\/\/roveyayinevi.com.tr\/index.php\/wp-json\/wp\/v2\/media?parent=704489"}],"wp:term":[{"taxonomy":"product_brand","embeddable":true,"href":"https:\/\/roveyayinevi.com.tr\/index.php\/wp-json\/wp\/v2\/product_brand?post=704489"},{"taxonomy":"product_cat","embeddable":true,"href":"https:\/\/roveyayinevi.com.tr\/index.php\/wp-json\/wp\/v2\/product_cat?post=704489"},{"taxonomy":"product_tag","embeddable":true,"href":"https:\/\/roveyayinevi.com.tr\/index.php\/wp-json\/wp\/v2\/product_tag?post=704489"}],"curies":[{"name":"wp","href":"https:\/\/api.w.org\/{rel}","templated":true}]}}