{"id":704487,"date":"2025-08-27T15:36:15","date_gmt":"2025-08-27T12:36:15","guid":{"rendered":"https:\/\/roveyayinevi.com.tr\/index.php\/urun\/gizemli-anahtar\/"},"modified":"2026-04-16T02:13:28","modified_gmt":"2026-04-15T23:13:28","slug":"gizemli-anahtar","status":"publish","type":"product","link":"https:\/\/roveyayinevi.com.tr\/index.php\/urun\/gizemli-anahtar\/","title":{"rendered":"Gizemli Anahtar"},"content":{"rendered":"<p>Okul koridorlar\u0131, g\u00f6r\u00fcnenin ard\u0131ndakini ke\u015ffe \u00e7a\u011f\u0131r\u0131yor!Jack, yeni okul binas\u0131na ta\u015f\u0131nmaktan hi\u00e7 memnun de\u011fildir. \u00c7\u00fcnk\u00fc bina g\u00f6revlisi babas\u0131yla ayn\u0131 yerde olmay\u0131 utan\u00e7 verici bulur. Okulda \u00e7\u0131lg\u0131nca bir pislik yaratmay\u0131 ba\u015far\u0131rsa, temizli\u011fe ko\u015facak babas\u0131ndan h\u0131nc\u0131n\u0131 alabilece\u011fini d\u00fc\u015f\u00fcn\u00fcr. Ama i\u015fler hi\u00e7 de umdu\u011fu gibi gitmez. \u00dcstelik, beklenmedik s\u0131rlar\u0131n kap\u0131s\u0131n\u0131 aralad\u0131\u011f\u0131n\u0131n da epeyce ge\u00e7 fark\u0131na var\u0131r\u2026 <\/p>\n","protected":false},"excerpt":{"rendered":"<p>Okul koridorlar\u0131, g\u00f6r\u00fcnenin ard\u0131ndakini ke\u015ffe \u00e7a\u011f\u0131r\u0131yor!Jack, yeni okul binas\u0131na ta\u015f\u0131nmaktan hi\u00e7 memnun de\u011fildir. \u00c7\u00fcnk\u00fc bina g\u00f6revlisi babas\u0131yla ayn\u0131 yerde olmay\u0131 utan\u00e7 verici bulur. Okulda \u00e7\u0131lg\u0131nca bir<span class=\"excerpt-hellip\"> [\u2026]<\/span><\/p>\n","protected":false},"featured_media":0,"template":"","meta":{"_monsterinsights_skip_tracking":false,"_monsterinsights_sitenote_active":false,"_monsterinsights_sitenote_note":"","_monsterinsights_sitenote_category":0},"product_brand":[],"product_cat":[12274,12284],"product_tag":[],"class_list":{"0":"post-704487","1":"product","2":"type-product","3":"status-publish","5":"product_cat-cocuk-ve-genclik-kitaplari","6":"product_cat-hikayeler","7":"pa_cilt-ciltsiz","8":"pa_tur-kitap","9":"pa_yayinevi-gunisigi-kitapligi","10":"pa_yazar-andrew-clements","12":"first","13":"instock","14":"sale","15":"shipping-taxable","16":"purchasable","17":"product-type-simple"},"_links":{"self":[{"href":"https:\/\/roveyayinevi.com.tr\/index.php\/wp-json\/wp\/v2\/product\/704487","targetHints":{"allow":["GET"]}}],"collection":[{"href":"https:\/\/roveyayinevi.com.tr\/index.php\/wp-json\/wp\/v2\/product"}],"about":[{"href":"https:\/\/roveyayinevi.com.tr\/index.php\/wp-json\/wp\/v2\/types\/product"}],"wp:attachment":[{"href":"https:\/\/roveyayinevi.com.tr\/index.php\/wp-json\/wp\/v2\/media?parent=704487"}],"wp:term":[{"taxonomy":"product_brand","embeddable":true,"href":"https:\/\/roveyayinevi.com.tr\/index.php\/wp-json\/wp\/v2\/product_brand?post=704487"},{"taxonomy":"product_cat","embeddable":true,"href":"https:\/\/roveyayinevi.com.tr\/index.php\/wp-json\/wp\/v2\/product_cat?post=704487"},{"taxonomy":"product_tag","embeddable":true,"href":"https:\/\/roveyayinevi.com.tr\/index.php\/wp-json\/wp\/v2\/product_tag?post=704487"}],"curies":[{"name":"wp","href":"https:\/\/api.w.org\/{rel}","templated":true}]}}