{"id":704485,"date":"2025-08-27T15:36:15","date_gmt":"2025-08-27T12:36:15","guid":{"rendered":"https:\/\/roveyayinevi.com.tr\/index.php\/urun\/tilsim-5-kitap-elf-prensi\/"},"modified":"2026-04-16T02:13:28","modified_gmt":"2026-04-15T23:13:28","slug":"tilsim-5-kitap-elf-prensi","status":"publish","type":"product","link":"https:\/\/roveyayinevi.com.tr\/index.php\/urun\/tilsim-5-kitap-elf-prensi\/","title":{"rendered":"T\u0131ls\u0131m 5. Kitap : Elf Prensi"},"content":{"rendered":"<p>Japon as\u0131ll\u0131 Amerikal\u0131 \u00e7izgi roman sanat\u00e7\u0131s\u0131 Kazu Kibuishi, New York Times en \u00e7ok satanlar listesinde yer alan \u201cT\u0131ls\u0131m\u201d serisinin merakla beklenen be\u015finci kitab\u0131 Elf Prensi ile maceraya kald\u0131\u011f\u0131 yerden devam ediyor. <\/p>\n","protected":false},"excerpt":{"rendered":"<p>Japon as\u0131ll\u0131 Amerikal\u0131 \u00e7izgi roman sanat\u00e7\u0131s\u0131 Kazu Kibuishi, New York Times en \u00e7ok satanlar listesinde yer alan \u201cT\u0131ls\u0131m\u201d serisinin merakla beklenen be\u015finci kitab\u0131 Elf Prensi ile<span class=\"excerpt-hellip\"> [\u2026]<\/span><\/p>\n","protected":false},"featured_media":0,"template":"","meta":{"_monsterinsights_skip_tracking":false,"_monsterinsights_sitenote_active":false,"_monsterinsights_sitenote_note":"","_monsterinsights_sitenote_category":0},"product_brand":[],"product_cat":[12689,12274],"product_tag":[],"class_list":{"0":"post-704485","1":"product","2":"type-product","3":"status-publish","5":"product_cat-cizgi-roman-cocuk-ve-genclik-kitaplari","6":"product_cat-cocuk-ve-genclik-kitaplari","7":"pa_tur-kitap","8":"pa_yayinevi-desen-yayinlari","9":"pa_yazar-kazu-kibuishi","11":"first","12":"instock","13":"sale","14":"shipping-taxable","15":"purchasable","16":"product-type-simple"},"_links":{"self":[{"href":"https:\/\/roveyayinevi.com.tr\/index.php\/wp-json\/wp\/v2\/product\/704485","targetHints":{"allow":["GET"]}}],"collection":[{"href":"https:\/\/roveyayinevi.com.tr\/index.php\/wp-json\/wp\/v2\/product"}],"about":[{"href":"https:\/\/roveyayinevi.com.tr\/index.php\/wp-json\/wp\/v2\/types\/product"}],"wp:attachment":[{"href":"https:\/\/roveyayinevi.com.tr\/index.php\/wp-json\/wp\/v2\/media?parent=704485"}],"wp:term":[{"taxonomy":"product_brand","embeddable":true,"href":"https:\/\/roveyayinevi.com.tr\/index.php\/wp-json\/wp\/v2\/product_brand?post=704485"},{"taxonomy":"product_cat","embeddable":true,"href":"https:\/\/roveyayinevi.com.tr\/index.php\/wp-json\/wp\/v2\/product_cat?post=704485"},{"taxonomy":"product_tag","embeddable":true,"href":"https:\/\/roveyayinevi.com.tr\/index.php\/wp-json\/wp\/v2\/product_tag?post=704485"}],"curies":[{"name":"wp","href":"https:\/\/api.w.org\/{rel}","templated":true}]}}