{"id":704484,"date":"2025-08-27T15:36:14","date_gmt":"2025-08-27T12:36:14","guid":{"rendered":"https:\/\/roveyayinevi.com.tr\/index.php\/urun\/tilsim-tasmuhafizinin-laneti-2-kitap\/"},"modified":"2026-04-16T02:13:28","modified_gmt":"2026-04-15T23:13:28","slug":"tilsim-tasmuhafizinin-laneti-2-kitap","status":"publish","type":"product","link":"https:\/\/roveyayinevi.com.tr\/index.php\/urun\/tilsim-tasmuhafizinin-laneti-2-kitap\/","title":{"rendered":"T\u0131ls\u0131m &#8211; Ta\u015fmuhaf\u0131z\u0131\u2019n\u0131n Laneti 2. Kitap"},"content":{"rendered":"<p>Hik\u00e2yelerin t\u0131ls\u0131m\u0131 da nas\u0131l anlat\u0131ld\u0131\u011f\u0131ndan olsa gerek; T\u0131ls\u0131m, \u00e7izgilerin sundu\u011fu imk\u00e2nlar\u0131 kullanarak, b\u00fcy\u00fcl\u00fc ormanlarla bezeli, yarat\u0131klarla, konu\u015fan bilge a\u011fa\u00e7larla ve gittik\u00e7e hayvana d\u00f6n\u00fc\u015fen insanlarla dolu bir d\u00fcnyan\u0131n i\u00e7ine d\u00e2hil ediyor okuyucusunu. Emily ve Navin annelerine ula\u015f\u0131yorlar ama onu hayata d\u00f6nd\u00fcrmek i\u00e7in bir panzehire ihtiya\u00e7lar\u0131 var. Bu da ikinci kitap Ta\u015fmuhaf\u0131z\u0131\u2019n\u0131n Laneti\u2019nin konusu. \u00c7ocuklar panzehiri bulmak i\u00e7in m\u00fccadele ederken, \u00f6nemli g\u00fc\u00e7lere sahip olduklar\u0131n\u0131 fark ediyorlar. Emily, t\u0131ls\u0131ml\u0131 kolyeyi elde etmek isteyen ba\u015fka g\u00fc\u00e7ler oldu\u011funu fark etti\u011finde \u00f6nemli bir karar vermek zorunda kal\u0131yor: Ta\u015f\u0131n h\u00fckm\u00fc alt\u0131na girip sonsuz bir g\u00fcce sahip olmak ya da kontrol\u00fc kaybetmeden kendi \u00e7abas\u0131yla ba\u015far\u0131ya ula\u015fmak ve ta\u015f\u0131 sadece iyilik i\u00e7in kullanmak! Se\u00e7ilmi\u015f biri olmak Emily\u2019nin s\u0131rt\u0131na bir sorumluluk daha y\u00fckl\u00fcyor: Elfler taraf\u0131ndan bask\u0131c\u0131 bir \u015fekilde y\u00f6netilen Alledia \u015fehrini kurtarmak! \u00c7\u00fcnk\u00fc \u015fehrin sakinlerinin tek umudu Emily ve Navin! <\/p>\n","protected":false},"excerpt":{"rendered":"<p>Hik\u00e2yelerin t\u0131ls\u0131m\u0131 da nas\u0131l anlat\u0131ld\u0131\u011f\u0131ndan olsa gerek; T\u0131ls\u0131m, \u00e7izgilerin sundu\u011fu imk\u00e2nlar\u0131 kullanarak, b\u00fcy\u00fcl\u00fc ormanlarla bezeli, yarat\u0131klarla, konu\u015fan bilge a\u011fa\u00e7larla ve gittik\u00e7e hayvana d\u00f6n\u00fc\u015fen insanlarla dolu bir<span class=\"excerpt-hellip\"> [\u2026]<\/span><\/p>\n","protected":false},"featured_media":0,"template":"","meta":{"_monsterinsights_skip_tracking":false,"_monsterinsights_sitenote_active":false,"_monsterinsights_sitenote_note":"","_monsterinsights_sitenote_category":0},"product_brand":[],"product_cat":[12689,12274],"product_tag":[],"class_list":{"0":"post-704484","1":"product","2":"type-product","3":"status-publish","5":"product_cat-cizgi-roman-cocuk-ve-genclik-kitaplari","6":"product_cat-cocuk-ve-genclik-kitaplari","7":"pa_tur-kitap","8":"pa_yayinevi-desen-yayinlari","9":"pa_yazar-kazu-kibuishi","11":"first","12":"instock","13":"sale","14":"shipping-taxable","15":"purchasable","16":"product-type-simple"},"_links":{"self":[{"href":"https:\/\/roveyayinevi.com.tr\/index.php\/wp-json\/wp\/v2\/product\/704484","targetHints":{"allow":["GET"]}}],"collection":[{"href":"https:\/\/roveyayinevi.com.tr\/index.php\/wp-json\/wp\/v2\/product"}],"about":[{"href":"https:\/\/roveyayinevi.com.tr\/index.php\/wp-json\/wp\/v2\/types\/product"}],"wp:attachment":[{"href":"https:\/\/roveyayinevi.com.tr\/index.php\/wp-json\/wp\/v2\/media?parent=704484"}],"wp:term":[{"taxonomy":"product_brand","embeddable":true,"href":"https:\/\/roveyayinevi.com.tr\/index.php\/wp-json\/wp\/v2\/product_brand?post=704484"},{"taxonomy":"product_cat","embeddable":true,"href":"https:\/\/roveyayinevi.com.tr\/index.php\/wp-json\/wp\/v2\/product_cat?post=704484"},{"taxonomy":"product_tag","embeddable":true,"href":"https:\/\/roveyayinevi.com.tr\/index.php\/wp-json\/wp\/v2\/product_tag?post=704484"}],"curies":[{"name":"wp","href":"https:\/\/api.w.org\/{rel}","templated":true}]}}