{"id":704483,"date":"2025-08-27T15:36:14","date_gmt":"2025-08-27T12:36:14","guid":{"rendered":"https:\/\/roveyayinevi.com.tr\/index.php\/urun\/dinozorlarla-tanisalim-en-guclu-dinozor-triseratops\/"},"modified":"2026-04-16T02:13:28","modified_gmt":"2026-04-15T23:13:28","slug":"dinozorlarla-tanisalim-en-guclu-dinozor-triseratops","status":"publish","type":"product","link":"https:\/\/roveyayinevi.com.tr\/index.php\/urun\/dinozorlarla-tanisalim-en-guclu-dinozor-triseratops\/","title":{"rendered":"Dinozorlarla Tan\u0131\u015fal\u0131m-En G\u00fc\u00e7l\u00fc Dinozor: Triseratops"},"content":{"rendered":"<p>K\u00fc\u00e7\u00fck bir arkada\u015f\u0131n var. Sevimli mi sevimli. Arkada\u015f\u0131n bir dinozor. Senin en sevdi\u011fin oyunca\u011f\u0131n. Uykudan \u00f6nce dinozorun hakk\u0131nda \u00f6yk\u00fcler anlat\u0131yorsun ve m\u0131\u015f\u0131l m\u0131\u015f\u0131l uyuyorsun. Dinozor oyunca\u011f\u0131n yoksa dinozor kitaplar\u0131n var. Hem de d\u00f6rt tane harika dinozor kitab\u0131.   Dinozorlarla Tan\u0131\u015fal\u0131m kitaplar\u0131n\u0131 istedi\u011fin zaman okuyabilecek, dinozorlar hakk\u0131nda bir\u00e7ok \u015fey \u00f6\u011frenebileceksin. Art\u0131k en \u00e7ok sevdi\u011fin d\u00f6rt dinozor kitab\u0131n var.   Dinozorlarla Tan\u0131\u015fal\u0131m dizisi ile okumay\u0131 sevecek, renkli hayaller kuracak ve dinozorlar hakk\u0131nda bir s\u00fcr\u00fc yeni bilgi \u00f6\u011freneceksin.   K\u00fct\u00fcphanenizin \u201cen sevdi\u011fim kitaplar\u201d raf\u0131nda d\u00f6rt dinozora yer var m\u0131? <\/p>\n","protected":false},"excerpt":{"rendered":"<p>K\u00fc\u00e7\u00fck bir arkada\u015f\u0131n var. Sevimli mi sevimli. Arkada\u015f\u0131n bir dinozor. Senin en sevdi\u011fin oyunca\u011f\u0131n. Uykudan \u00f6nce dinozorun hakk\u0131nda \u00f6yk\u00fcler anlat\u0131yorsun ve m\u0131\u015f\u0131l m\u0131\u015f\u0131l uyuyorsun. Dinozor oyunca\u011f\u0131n<span class=\"excerpt-hellip\"> [\u2026]<\/span><\/p>\n","protected":false},"featured_media":0,"template":"","meta":{"_monsterinsights_skip_tracking":false,"_monsterinsights_sitenote_active":false,"_monsterinsights_sitenote_note":"","_monsterinsights_sitenote_category":0},"product_brand":[],"product_cat":[12913,12274],"product_tag":[],"class_list":{"0":"post-704483","1":"product","2":"type-product","3":"status-publish","5":"product_cat-3-6-yas-kitaplari","6":"product_cat-cocuk-ve-genclik-kitaplari","7":"pa_cilt-ciltsiz","8":"pa_tur-kitap","9":"pa_yayinevi-1001-cicek-kitaplar","10":"pa_yazar-anna-obiols","12":"first","13":"instock","14":"sale","15":"shipping-taxable","16":"purchasable","17":"product-type-simple"},"_links":{"self":[{"href":"https:\/\/roveyayinevi.com.tr\/index.php\/wp-json\/wp\/v2\/product\/704483","targetHints":{"allow":["GET"]}}],"collection":[{"href":"https:\/\/roveyayinevi.com.tr\/index.php\/wp-json\/wp\/v2\/product"}],"about":[{"href":"https:\/\/roveyayinevi.com.tr\/index.php\/wp-json\/wp\/v2\/types\/product"}],"wp:attachment":[{"href":"https:\/\/roveyayinevi.com.tr\/index.php\/wp-json\/wp\/v2\/media?parent=704483"}],"wp:term":[{"taxonomy":"product_brand","embeddable":true,"href":"https:\/\/roveyayinevi.com.tr\/index.php\/wp-json\/wp\/v2\/product_brand?post=704483"},{"taxonomy":"product_cat","embeddable":true,"href":"https:\/\/roveyayinevi.com.tr\/index.php\/wp-json\/wp\/v2\/product_cat?post=704483"},{"taxonomy":"product_tag","embeddable":true,"href":"https:\/\/roveyayinevi.com.tr\/index.php\/wp-json\/wp\/v2\/product_tag?post=704483"}],"curies":[{"name":"wp","href":"https:\/\/api.w.org\/{rel}","templated":true}]}}