{"id":704482,"date":"2025-08-27T15:36:14","date_gmt":"2025-08-27T12:36:14","guid":{"rendered":"https:\/\/roveyayinevi.com.tr\/index.php\/urun\/kral-lear-hircin-kiz\/"},"modified":"2026-04-16T02:13:28","modified_gmt":"2026-04-15T23:13:28","slug":"kral-lear-hircin-kiz","status":"publish","type":"product","link":"https:\/\/roveyayinevi.com.tr\/index.php\/urun\/kral-lear-hircin-kiz\/","title":{"rendered":"Kral Lear &#8211; H\u0131r\u00e7\u0131n K\u0131z"},"content":{"rendered":"<p>Eserlerinde insanl\u0131k hallerini dile getiri\u015f g\u00fcc\u00fcyle y\u00fczy\u0131llard\u0131r b\u00fct\u00fcn d\u00fcnyay\u0131 etkilemeyi s\u00fcrd\u00fcren efsanevi yazar William Shakespeare&#8217;den iki unutulmaz oyun&#8230; \u0130talyan halk tiyatrosuyla benzerlikler ta\u015f\u0131yan H\u0131r\u00e7\u0131n K\u0131z adl\u0131 komedya, oyun i\u00e7inde oyun bi\u00e7iminde kurgulanm\u0131\u015ft\u0131r. Shakespeare, entrikalar, farkl\u0131 kimliklere b\u00fcr\u00fcnmeler ve bir a\u015fk hik\u00e2yesi \u00e7er\u00e7evesinde kad\u0131n erkek ili\u015fkilerini ustal\u0131kla i\u015fler.\u00d6l\u00fcme iyice yakla\u015ft\u0131\u011f\u0131na inanan Kral Lear, \u00fclkesini \u00fc\u00e7 k\u0131z\u0131 aras\u0131nda payla\u015ft\u0131rmay\u0131 d\u00fc\u015f\u00fcnmektedir. Payla\u015f\u0131m \u00f6ncesinde evlatlar\u0131ndan kendisini ne kadar \u00e7ok sevdiklerini ifade etmelerini ister. B\u00fcy\u00fck k\u0131zlar\u0131 Goneril ve Regan duygular\u0131n\u0131 allay\u0131p pullamada ustad\u0131r. Kral&#8217;\u0131n k\u00fc\u00e7\u00fck k\u0131z\u0131 Cordelia ise sadelikten ve d\u00fcr\u00fcstl\u00fckten ba\u015fka bir yol bilmemektedir. Ne var ki d\u00fcr\u00fcstl\u00fc\u011f\u00fc y\u00fcz\u00fcnden babas\u0131 Kral Lear&#8217;in h\u0131\u015fm\u0131na u\u011frayacakt\u0131r. <\/p>\n","protected":false},"excerpt":{"rendered":"<p>Eserlerinde insanl\u0131k hallerini dile getiri\u015f g\u00fcc\u00fcyle y\u00fczy\u0131llard\u0131r b\u00fct\u00fcn d\u00fcnyay\u0131 etkilemeyi s\u00fcrd\u00fcren efsanevi yazar William Shakespeare&#8217;den iki unutulmaz oyun&#8230; \u0130talyan halk tiyatrosuyla benzerlikler ta\u015f\u0131yan H\u0131r\u00e7\u0131n K\u0131z adl\u0131<span class=\"excerpt-hellip\"> [\u2026]<\/span><\/p>\n","protected":false},"featured_media":0,"template":"","meta":{"_monsterinsights_skip_tracking":false,"_monsterinsights_sitenote_active":false,"_monsterinsights_sitenote_note":"","_monsterinsights_sitenote_category":0},"product_brand":[],"product_cat":[12291,12332],"product_tag":[],"class_list":{"0":"post-704482","1":"product","2":"type-product","3":"status-publish","5":"product_cat-edebiyat","6":"product_cat-senaryo","7":"pa_cilt-ciltsiz","8":"pa_tur-kitap","9":"pa_yayinevi-timas-yayinlari","10":"pa_yazar-william-shakespeare","12":"first","13":"instock","14":"sale","15":"shipping-taxable","16":"purchasable","17":"product-type-simple"},"_links":{"self":[{"href":"https:\/\/roveyayinevi.com.tr\/index.php\/wp-json\/wp\/v2\/product\/704482","targetHints":{"allow":["GET"]}}],"collection":[{"href":"https:\/\/roveyayinevi.com.tr\/index.php\/wp-json\/wp\/v2\/product"}],"about":[{"href":"https:\/\/roveyayinevi.com.tr\/index.php\/wp-json\/wp\/v2\/types\/product"}],"wp:attachment":[{"href":"https:\/\/roveyayinevi.com.tr\/index.php\/wp-json\/wp\/v2\/media?parent=704482"}],"wp:term":[{"taxonomy":"product_brand","embeddable":true,"href":"https:\/\/roveyayinevi.com.tr\/index.php\/wp-json\/wp\/v2\/product_brand?post=704482"},{"taxonomy":"product_cat","embeddable":true,"href":"https:\/\/roveyayinevi.com.tr\/index.php\/wp-json\/wp\/v2\/product_cat?post=704482"},{"taxonomy":"product_tag","embeddable":true,"href":"https:\/\/roveyayinevi.com.tr\/index.php\/wp-json\/wp\/v2\/product_tag?post=704482"}],"curies":[{"name":"wp","href":"https:\/\/api.w.org\/{rel}","templated":true}]}}