{"id":704481,"date":"2025-08-27T15:36:13","date_gmt":"2025-08-27T12:36:13","guid":{"rendered":"https:\/\/roveyayinevi.com.tr\/index.php\/urun\/mai-ve-siyah-2\/"},"modified":"2026-04-16T02:13:28","modified_gmt":"2026-04-15T23:13:28","slug":"mai-ve-siyah-2","status":"publish","type":"product","link":"https:\/\/roveyayinevi.com.tr\/index.php\/urun\/mai-ve-siyah-2\/","title":{"rendered":"Mai ve Siyah"},"content":{"rendered":"<p>Dil i\u015f\u00e7isi ve \u00fcslup kurucu \u00f6zellikleriyle Servet-i F\u00fcnun d\u00f6neminin en \u00f6nemli yazarlar\u0131ndan olan Halid Ziya U\u015fakl\u0131gil\u2019in \u201cT\u00fcrk romanc\u0131l\u0131\u011f\u0131n\u0131n babas\u0131\u201d olarak an\u0131lmas\u0131n\u0131 sa\u011flayan Mai ve Siyah 1897 y\u0131l\u0131nda tefrika edilmi\u015ftir. <\/p>\n","protected":false},"excerpt":{"rendered":"<p>Dil i\u015f\u00e7isi ve \u00fcslup kurucu \u00f6zellikleriyle Servet-i F\u00fcnun d\u00f6neminin en \u00f6nemli yazarlar\u0131ndan olan Halid Ziya U\u015fakl\u0131gil\u2019in \u201cT\u00fcrk romanc\u0131l\u0131\u011f\u0131n\u0131n babas\u0131\u201d olarak an\u0131lmas\u0131n\u0131 sa\u011flayan Mai ve Siyah 1897<span class=\"excerpt-hellip\"> [\u2026]<\/span><\/p>\n","protected":false},"featured_media":0,"template":"","meta":{"_monsterinsights_skip_tracking":false,"_monsterinsights_sitenote_active":false,"_monsterinsights_sitenote_note":"","_monsterinsights_sitenote_category":0},"product_brand":[],"product_cat":[12291,12711],"product_tag":[],"class_list":{"0":"post-704481","1":"product","2":"type-product","3":"status-publish","5":"product_cat-edebiyat","6":"product_cat-roman-oyku","7":"pa_cilt-ciltsiz","8":"pa_tur-kitap","9":"pa_yayinevi-inkilap-kitabevi","10":"pa_yazar-halid-ziya-usakligil","12":"first","13":"instock","14":"sale","15":"shipping-taxable","16":"purchasable","17":"product-type-simple"},"_links":{"self":[{"href":"https:\/\/roveyayinevi.com.tr\/index.php\/wp-json\/wp\/v2\/product\/704481","targetHints":{"allow":["GET"]}}],"collection":[{"href":"https:\/\/roveyayinevi.com.tr\/index.php\/wp-json\/wp\/v2\/product"}],"about":[{"href":"https:\/\/roveyayinevi.com.tr\/index.php\/wp-json\/wp\/v2\/types\/product"}],"wp:attachment":[{"href":"https:\/\/roveyayinevi.com.tr\/index.php\/wp-json\/wp\/v2\/media?parent=704481"}],"wp:term":[{"taxonomy":"product_brand","embeddable":true,"href":"https:\/\/roveyayinevi.com.tr\/index.php\/wp-json\/wp\/v2\/product_brand?post=704481"},{"taxonomy":"product_cat","embeddable":true,"href":"https:\/\/roveyayinevi.com.tr\/index.php\/wp-json\/wp\/v2\/product_cat?post=704481"},{"taxonomy":"product_tag","embeddable":true,"href":"https:\/\/roveyayinevi.com.tr\/index.php\/wp-json\/wp\/v2\/product_tag?post=704481"}],"curies":[{"name":"wp","href":"https:\/\/api.w.org\/{rel}","templated":true}]}}