{"id":704478,"date":"2025-08-27T15:36:12","date_gmt":"2025-08-27T12:36:12","guid":{"rendered":"https:\/\/roveyayinevi.com.tr\/index.php\/urun\/erdemler-serisi-2-nazik-oluyorum-nezaket\/"},"modified":"2026-02-03T02:23:09","modified_gmt":"2026-02-02T23:23:09","slug":"erdemler-serisi-2-nazik-oluyorum-nezaket","status":"publish","type":"product","link":"https:\/\/roveyayinevi.com.tr\/index.php\/urun\/erdemler-serisi-2-nazik-oluyorum-nezaket\/","title":{"rendered":"Erdemler Serisi 2 &#8211; Nazik Oluyorum &#8211; Nezaket"},"content":{"rendered":"<p>Nazik oluyorum kitab\u0131nda \u00e7ocuklar nezaket kavram\u0131n\u0131 tan\u0131yacak ve insan ili\u015fkilerinde nezaketin olumlu etkilerini g\u00f6recekler. Erdemler serisinde yer alan her bir kitap, birbirini peki\u015ftirecek tarzda haz\u0131rlanm\u0131\u015f \u00f6yk\u00fc ve etkinliklerden olu\u015fuyor. \u00c7ocuklar\u0131m\u0131z \u00f6yk\u00fcleri keyifle okuyacak, etkinlikler ve oyunlarla e\u011flenirken erdemli insan olma yolunda emin ad\u0131mlarla ilerleyecekler.\ufffcTan\u0131t\u0131m Metni<\/p>\n","protected":false},"excerpt":{"rendered":"<p>Nazik oluyorum kitab\u0131nda \u00e7ocuklar nezaket kavram\u0131n\u0131 tan\u0131yacak ve insan ili\u015fkilerinde nezaketin olumlu etkilerini g\u00f6recekler. Erdemler serisinde yer alan her bir kitap, birbirini peki\u015ftirecek tarzda haz\u0131rlanm\u0131\u015f \u00f6yk\u00fc<span class=\"excerpt-hellip\"> [\u2026]<\/span><\/p>\n","protected":false},"featured_media":0,"template":"","meta":{"_monsterinsights_skip_tracking":false,"_monsterinsights_sitenote_active":false,"_monsterinsights_sitenote_note":"","_monsterinsights_sitenote_category":0},"product_brand":[],"product_cat":[12274,12284],"product_tag":[],"class_list":{"0":"post-704478","1":"product","2":"type-product","3":"status-publish","5":"product_cat-cocuk-ve-genclik-kitaplari","6":"product_cat-hikayeler","7":"pa_cilt-ciltsiz","8":"pa_tur-kitap","9":"pa_yayinevi-timas-cocuk","10":"pa_yazar-necla-saydam","12":"first","13":"instock","14":"sale","15":"shipping-taxable","16":"purchasable","17":"product-type-simple"},"_links":{"self":[{"href":"https:\/\/roveyayinevi.com.tr\/index.php\/wp-json\/wp\/v2\/product\/704478","targetHints":{"allow":["GET"]}}],"collection":[{"href":"https:\/\/roveyayinevi.com.tr\/index.php\/wp-json\/wp\/v2\/product"}],"about":[{"href":"https:\/\/roveyayinevi.com.tr\/index.php\/wp-json\/wp\/v2\/types\/product"}],"wp:attachment":[{"href":"https:\/\/roveyayinevi.com.tr\/index.php\/wp-json\/wp\/v2\/media?parent=704478"}],"wp:term":[{"taxonomy":"product_brand","embeddable":true,"href":"https:\/\/roveyayinevi.com.tr\/index.php\/wp-json\/wp\/v2\/product_brand?post=704478"},{"taxonomy":"product_cat","embeddable":true,"href":"https:\/\/roveyayinevi.com.tr\/index.php\/wp-json\/wp\/v2\/product_cat?post=704478"},{"taxonomy":"product_tag","embeddable":true,"href":"https:\/\/roveyayinevi.com.tr\/index.php\/wp-json\/wp\/v2\/product_tag?post=704478"}],"curies":[{"name":"wp","href":"https:\/\/api.w.org\/{rel}","templated":true}]}}