{"id":704477,"date":"2025-08-27T15:36:12","date_gmt":"2025-08-27T12:36:12","guid":{"rendered":"https:\/\/roveyayinevi.com.tr\/index.php\/urun\/baslangictan-gunumuze-turk-egitim-tarihi\/"},"modified":"2026-04-16T02:13:28","modified_gmt":"2026-04-15T23:13:28","slug":"baslangictan-gunumuze-turk-egitim-tarihi","status":"publish","type":"product","link":"https:\/\/roveyayinevi.com.tr\/index.php\/urun\/baslangictan-gunumuze-turk-egitim-tarihi\/","title":{"rendered":"Ba\u015flang\u0131\u00e7tan G\u00fcn\u00fcm\u00fcze T\u00fcrk E\u011fitim Tarihi"},"content":{"rendered":"<p>Cavit Binba\u015f\u0131o\u011flu, 16.04.1925 tarihinde Antalya \u0130li&#8217;nin Akseki \u0130l\u00e7esi G\u00fczelsu K\u00f6y\u00fc&#8217;nde do\u011fdu. \u0130lk\u00f6\u011frenimini G\u00fczelsu K\u00f6y\u00fc \u0130lkokulu&#8217;nda (1938), orta\u00f6\u011frenimini Aksu K\u00f6y Enstit\u00fcs\u00fc&#8217;nde (1994), y\u00fcksek\u00f6\u011frenimini Hasanol\u011fu Y\u00fcksek K\u00f6y Enstit\u00fcs\u00fcnde (1947) ve Gazi E\u011fitim Enstit\u00fcs\u00fc Pedagoji B\u00f6l\u00fcm\u00fc&#8217;nde (1955) yapt\u0131. 1966 y\u0131l\u0131nda da T\u00fcrkiye ve Orta Do\u011fu Amme \u0130daresi Enstit\u00fcs\u00fc&#8217;n\u00fc bitirdi.<\/p>\n","protected":false},"excerpt":{"rendered":"<p>Cavit Binba\u015f\u0131o\u011flu, 16.04.1925 tarihinde Antalya \u0130li&#8217;nin Akseki \u0130l\u00e7esi G\u00fczelsu K\u00f6y\u00fc&#8217;nde do\u011fdu. \u0130lk\u00f6\u011frenimini G\u00fczelsu K\u00f6y\u00fc \u0130lkokulu&#8217;nda (1938), orta\u00f6\u011frenimini Aksu K\u00f6y Enstit\u00fcs\u00fc&#8217;nde (1994), y\u00fcksek\u00f6\u011frenimini Hasanol\u011fu Y\u00fcksek K\u00f6y Enstit\u00fcs\u00fcnde<span class=\"excerpt-hellip\"> [\u2026]<\/span><\/p>\n","protected":false},"featured_media":0,"template":"","meta":{"_monsterinsights_skip_tracking":false,"_monsterinsights_sitenote_active":false,"_monsterinsights_sitenote_note":"","_monsterinsights_sitenote_category":0},"product_brand":[],"product_cat":[25175,12357],"product_tag":[],"class_list":{"0":"post-704477","1":"product","2":"type-product","3":"status-publish","5":"product_cat-egitim-psikolojisi","6":"product_cat-psikoloji","7":"pa_cilt-ciltsiz","8":"pa_tur-kitap","9":"pa_yayinevi-ani-yayincilik","10":"pa_yazar-cavit-binbasioglu","12":"first","13":"instock","14":"sale","15":"shipping-taxable","16":"purchasable","17":"product-type-simple"},"_links":{"self":[{"href":"https:\/\/roveyayinevi.com.tr\/index.php\/wp-json\/wp\/v2\/product\/704477","targetHints":{"allow":["GET"]}}],"collection":[{"href":"https:\/\/roveyayinevi.com.tr\/index.php\/wp-json\/wp\/v2\/product"}],"about":[{"href":"https:\/\/roveyayinevi.com.tr\/index.php\/wp-json\/wp\/v2\/types\/product"}],"wp:attachment":[{"href":"https:\/\/roveyayinevi.com.tr\/index.php\/wp-json\/wp\/v2\/media?parent=704477"}],"wp:term":[{"taxonomy":"product_brand","embeddable":true,"href":"https:\/\/roveyayinevi.com.tr\/index.php\/wp-json\/wp\/v2\/product_brand?post=704477"},{"taxonomy":"product_cat","embeddable":true,"href":"https:\/\/roveyayinevi.com.tr\/index.php\/wp-json\/wp\/v2\/product_cat?post=704477"},{"taxonomy":"product_tag","embeddable":true,"href":"https:\/\/roveyayinevi.com.tr\/index.php\/wp-json\/wp\/v2\/product_tag?post=704477"}],"curies":[{"name":"wp","href":"https:\/\/api.w.org\/{rel}","templated":true}]}}