{"id":704474,"date":"2025-08-27T15:36:11","date_gmt":"2025-08-27T12:36:11","guid":{"rendered":"https:\/\/roveyayinevi.com.tr\/index.php\/urun\/kapital-kutulu-set-3-cilt\/"},"modified":"2026-04-16T02:13:28","modified_gmt":"2026-04-15T23:13:28","slug":"kapital-kutulu-set-3-cilt","status":"publish","type":"product","link":"https:\/\/roveyayinevi.com.tr\/index.php\/urun\/kapital-kutulu-set-3-cilt\/","title":{"rendered":"Kapital Kutulu Set 3 Cilt"},"content":{"rendered":"<p>Karl Marx\u2019\u0131n ve Marksizmin temel yap\u0131t\u0131 Kapital\u2019in tamam\u0131, Almanca asl\u0131ndan \u00e7evrilmi\u015f olarak T\u00fcrk\u00e7eye kazand\u0131r\u0131ld\u0131. \ufffcTan\u0131t\u0131m Metni<\/p>\n","protected":false},"excerpt":{"rendered":"<p>Karl Marx\u2019\u0131n ve Marksizmin temel yap\u0131t\u0131 Kapital\u2019in tamam\u0131, Almanca asl\u0131ndan \u00e7evrilmi\u015f olarak T\u00fcrk\u00e7eye kazand\u0131r\u0131ld\u0131. \ufffcTan\u0131t\u0131m Metni<\/p>\n","protected":false},"featured_media":0,"template":"","meta":{"_monsterinsights_skip_tracking":false,"_monsterinsights_sitenote_active":false,"_monsterinsights_sitenote_note":"","_monsterinsights_sitenote_category":0},"product_brand":[],"product_cat":[12312,12304],"product_tag":[],"class_list":{"0":"post-704474","1":"product","2":"type-product","3":"status-publish","5":"product_cat-diger","6":"product_cat-tarih","7":"pa_cilt-set","8":"pa_tur-kitap","9":"pa_yayinevi-yordam-kitap","10":"pa_yazar-karl-marx","12":"first","13":"instock","14":"sale","15":"shipping-taxable","16":"purchasable","17":"product-type-simple"},"_links":{"self":[{"href":"https:\/\/roveyayinevi.com.tr\/index.php\/wp-json\/wp\/v2\/product\/704474","targetHints":{"allow":["GET"]}}],"collection":[{"href":"https:\/\/roveyayinevi.com.tr\/index.php\/wp-json\/wp\/v2\/product"}],"about":[{"href":"https:\/\/roveyayinevi.com.tr\/index.php\/wp-json\/wp\/v2\/types\/product"}],"wp:attachment":[{"href":"https:\/\/roveyayinevi.com.tr\/index.php\/wp-json\/wp\/v2\/media?parent=704474"}],"wp:term":[{"taxonomy":"product_brand","embeddable":true,"href":"https:\/\/roveyayinevi.com.tr\/index.php\/wp-json\/wp\/v2\/product_brand?post=704474"},{"taxonomy":"product_cat","embeddable":true,"href":"https:\/\/roveyayinevi.com.tr\/index.php\/wp-json\/wp\/v2\/product_cat?post=704474"},{"taxonomy":"product_tag","embeddable":true,"href":"https:\/\/roveyayinevi.com.tr\/index.php\/wp-json\/wp\/v2\/product_tag?post=704474"}],"curies":[{"name":"wp","href":"https:\/\/api.w.org\/{rel}","templated":true}]}}