{"id":704473,"date":"2025-08-27T15:36:11","date_gmt":"2025-08-27T12:36:11","guid":{"rendered":"https:\/\/roveyayinevi.com.tr\/index.php\/urun\/marmara-yemekleri\/"},"modified":"2026-04-16T02:13:28","modified_gmt":"2026-04-15T23:13:28","slug":"marmara-yemekleri","status":"publish","type":"product","link":"https:\/\/roveyayinevi.com.tr\/index.php\/urun\/marmara-yemekleri\/","title":{"rendered":"Marmara Yemekleri"},"content":{"rendered":"<p>\u0130mparatorlu\u011fu\u2019na ba\u015fkentlik yapm\u0131\u015f Bursa, Edirne ve \u0130stanbul sayesinde b\u00fct\u00fcn b\u00f6lgede o g\u00fcnlerin havas\u0131n\u0131 sezmek halen m\u00fcmk\u00fcnd\u00fcr. Bursa\u2019da kuru erikli, tar\u00e7\u0131nl\u0131 bir et yeme\u011fiyle hissedilebilir bu etki. Edirne\u2019de helva sohbeti gelene\u011fiyle kendini g\u00f6sterir. Konuklara irmik helvas\u0131 ve kahve ikram edilen, giderken yanlar\u0131na da di\u015f hakk\u0131 olarak helva verilen sohbetlerdir bunlar. \u0130stanbul ise bamba\u015fka bir k\u00fclt\u00fcrler harman\u0131d\u0131r. Sarayda \u00e7ok sevilen koruk suyu, limon suyu, tar\u00e7\u0131n, yemekleri lezzetlendirmek i\u00e7in halen kullan\u0131lmakta; ke\u015fk\u00fcl, tas kebab\u0131, h\u00fcnk\u00e2rbe\u011fendi, kaygana, \u00e7\u0131lb\u0131r, zerde, d\u00fc\u011f\u00fcn \u00e7orbas\u0131, k\u00fclbast\u0131, kad\u0131nbudu k\u00f6fte, puf b\u00f6re\u011fi, piruhi, vi\u015fneli ekmek tatl\u0131s\u0131 halen pi\u015firilmektedir. Tekirda\u011f\u2019da, \u0130neg\u00f6l\u2019de d\u0131\u015far\u0131da yemek yenece\u011fi zaman bu genellikle k\u00f6fte olur. Yan\u0131nda sirkeli fasulye piyaz\u0131n\u0131, ac\u0131 biberini, so\u011fan\u0131n\u0131 da unutmamak gerek\u2026 Edirne\u2019de en yayg\u0131n yemek ise tava ci\u011feridir. \u0130ncecik dilimlenmi\u015f karaci\u011fer bol k\u0131zg\u0131n ya\u011fa bir dald\u0131r\u0131l\u0131p bir \u00e7\u0131kar\u0131l\u0131r; hemen pi\u015fer. Yan\u0131nda kurutulmu\u015f ac\u0131 biber ve yo\u011furt yenir. K\u0131sacas\u0131 saray ve sokak yemeklerinin yanyana var olabildi\u011fi bir yerdir Marmara&#8230; <\/p>\n","protected":false},"excerpt":{"rendered":"<p>\u0130mparatorlu\u011fu\u2019na ba\u015fkentlik yapm\u0131\u015f Bursa, Edirne ve \u0130stanbul sayesinde b\u00fct\u00fcn b\u00f6lgede o g\u00fcnlerin havas\u0131n\u0131 sezmek halen m\u00fcmk\u00fcnd\u00fcr. Bursa\u2019da kuru erikli, tar\u00e7\u0131nl\u0131 bir et yeme\u011fiyle hissedilebilir bu etki.<span class=\"excerpt-hellip\"> [\u2026]<\/span><\/p>\n","protected":false},"featured_media":0,"template":"","meta":{"_monsterinsights_skip_tracking":false,"_monsterinsights_sitenote_active":false,"_monsterinsights_sitenote_note":"","_monsterinsights_sitenote_category":0},"product_brand":[],"product_cat":[12458,12457],"product_tag":[],"class_list":{"0":"post-704473","1":"product","2":"type-product","3":"status-publish","5":"product_cat-turk-mutfagi","6":"product_cat-yemek-kitaplari","7":"pa_cilt-ciltli","8":"pa_tur-kitap","9":"pa_yayinevi-alfa-yayinlari","10":"pa_yazar-m-faruk-bayrak","12":"first","13":"instock","14":"sale","15":"shipping-taxable","16":"purchasable","17":"product-type-simple"},"_links":{"self":[{"href":"https:\/\/roveyayinevi.com.tr\/index.php\/wp-json\/wp\/v2\/product\/704473","targetHints":{"allow":["GET"]}}],"collection":[{"href":"https:\/\/roveyayinevi.com.tr\/index.php\/wp-json\/wp\/v2\/product"}],"about":[{"href":"https:\/\/roveyayinevi.com.tr\/index.php\/wp-json\/wp\/v2\/types\/product"}],"wp:attachment":[{"href":"https:\/\/roveyayinevi.com.tr\/index.php\/wp-json\/wp\/v2\/media?parent=704473"}],"wp:term":[{"taxonomy":"product_brand","embeddable":true,"href":"https:\/\/roveyayinevi.com.tr\/index.php\/wp-json\/wp\/v2\/product_brand?post=704473"},{"taxonomy":"product_cat","embeddable":true,"href":"https:\/\/roveyayinevi.com.tr\/index.php\/wp-json\/wp\/v2\/product_cat?post=704473"},{"taxonomy":"product_tag","embeddable":true,"href":"https:\/\/roveyayinevi.com.tr\/index.php\/wp-json\/wp\/v2\/product_tag?post=704473"}],"curies":[{"name":"wp","href":"https:\/\/api.w.org\/{rel}","templated":true}]}}