{"id":704471,"date":"2025-08-27T15:36:10","date_gmt":"2025-08-27T12:36:10","guid":{"rendered":"https:\/\/roveyayinevi.com.tr\/index.php\/urun\/gayrimenkul-yatirim-ortakliklarinda-tms-tfrs-uyumlu-muhasebe-uygulamalari\/"},"modified":"2026-04-16T02:13:28","modified_gmt":"2026-04-15T23:13:28","slug":"gayrimenkul-yatirim-ortakliklarinda-tms-tfrs-uyumlu-muhasebe-uygulamalari","status":"publish","type":"product","link":"https:\/\/roveyayinevi.com.tr\/index.php\/urun\/gayrimenkul-yatirim-ortakliklarinda-tms-tfrs-uyumlu-muhasebe-uygulamalari\/","title":{"rendered":"Gayrimenkul Yat\u0131r\u0131m Ortakl\u0131klar\u0131nda TMS\/TFRS Uyumlu Muhasebe Uygulamalar\u0131"},"content":{"rendered":"<p>1-Gayrimenkul hakk\u0131nda temel bilgiler 2-gayrimenkul yat\u0131r\u0131m ortakl\u0131\u011f\u0131 3-gayrimenkul yat\u0131r\u0131m ortakl\u0131klar\u0131nda muhasebe uygulamalar\u0131 4-Gayrimenkul yat\u0131r\u0131m ortakl\u0131klar\u0131 sekt\u00f6r incelemesi <\/p>\n","protected":false},"excerpt":{"rendered":"<p>1-Gayrimenkul hakk\u0131nda temel bilgiler 2-gayrimenkul yat\u0131r\u0131m ortakl\u0131\u011f\u0131 3-gayrimenkul yat\u0131r\u0131m ortakl\u0131klar\u0131nda muhasebe uygulamalar\u0131 4-Gayrimenkul yat\u0131r\u0131m ortakl\u0131klar\u0131 sekt\u00f6r incelemesi<\/p>\n","protected":false},"featured_media":0,"template":"","meta":{"_monsterinsights_skip_tracking":false,"_monsterinsights_sitenote_active":false,"_monsterinsights_sitenote_note":"","_monsterinsights_sitenote_category":0},"product_brand":[],"product_cat":[12573,12566],"product_tag":[],"class_list":{"0":"post-704471","1":"product","2":"type-product","3":"status-publish","5":"product_cat-akademik-kitaplar","6":"product_cat-egitim","7":"pa_cilt-ciltsiz","8":"pa_tur-kitap","9":"pa_yayinevi-gazi-kitabevi","10":"pa_yazar-serkan-ozdemir","12":"first","13":"instock","14":"sale","15":"shipping-taxable","16":"purchasable","17":"product-type-simple"},"_links":{"self":[{"href":"https:\/\/roveyayinevi.com.tr\/index.php\/wp-json\/wp\/v2\/product\/704471","targetHints":{"allow":["GET"]}}],"collection":[{"href":"https:\/\/roveyayinevi.com.tr\/index.php\/wp-json\/wp\/v2\/product"}],"about":[{"href":"https:\/\/roveyayinevi.com.tr\/index.php\/wp-json\/wp\/v2\/types\/product"}],"wp:attachment":[{"href":"https:\/\/roveyayinevi.com.tr\/index.php\/wp-json\/wp\/v2\/media?parent=704471"}],"wp:term":[{"taxonomy":"product_brand","embeddable":true,"href":"https:\/\/roveyayinevi.com.tr\/index.php\/wp-json\/wp\/v2\/product_brand?post=704471"},{"taxonomy":"product_cat","embeddable":true,"href":"https:\/\/roveyayinevi.com.tr\/index.php\/wp-json\/wp\/v2\/product_cat?post=704471"},{"taxonomy":"product_tag","embeddable":true,"href":"https:\/\/roveyayinevi.com.tr\/index.php\/wp-json\/wp\/v2\/product_tag?post=704471"}],"curies":[{"name":"wp","href":"https:\/\/api.w.org\/{rel}","templated":true}]}}